{"id":417,"date":"2016-06-11T11:13:08","date_gmt":"2016-06-11T11:13:08","guid":{"rendered":"http:\/\/personalbiker.com.br\/lojapb\/?product=quadriciclo-150cc-mxf"},"modified":"2024-05-07T11:38:46","modified_gmt":"2024-05-07T14:38:46","slug":"quadriciclo-150cc-mxf","status":"publish","type":"product","link":"https:\/\/personalbiker.com.br\/lojapb\/produto\/quadriciclo-150cc-mxf\/","title":{"rendered":"QUADRICICLO 150cc MXF (somente encomenda)"},"content":{"rendered":"<p>IMAGENS MERAMENTE ILUSTRATIVAS<\/p>\n<p>PRODUTO ENTREGUE SOB ENCOMENDA POR TRANSPORTADO<\/p>\n<ul>\n<li>\n<div class=\"grid-100 ttTecnico\">MOTOR<\/div>\n<div class=\"grid-100 cttTecnico\">\n<p>Motor: 150cc, 4 tempos, monocil\u00ed\u00a012 CV\/6500r\/min;<br \/>\nSiarbura\u00e7\u00e3o;<br \/>\nSistema de ig<br \/>\nRendimento: 20 km\/l.<\/p>\n<\/div>\n<\/li>\n<\/ul>\n<p>&nbsp;<\/p>\n<ul>\n<li style=\"list-style-type: none\">\n<ul>\n<li>\n<div class=\"grid-100 cttTecnico\">\n<h2 class=\"main-section__title item-description__title\">Descri\u00e7\u00e3o<\/h2>\n<div id=\"description-includes\" class=\"item-description__content \">\n<div class=\"item-description__text\">\n<p>QUADRICICLO MXF AUTOM\u00c1TICO 150cc 4 TEMPOS<\/p>\n<p>\u00d3TIMO UTILIT\u00c1RIO PARA QUEM DESEJA DESLOCAMENTO<\/p>\n<p>COM CAPACIDADE DE CARGA<\/p>\n<p>For\u00e7a, funcionalidade e resist\u00eancia garantem a dirigibilidade para m\u00e9dios e grandes deslocamentos. Possui c\u00e2mbio autom\u00e1tico CVT com marcha r\u00e9, partida el\u00e9trica, freio a disco, suspens\u00f5es refor\u00e7adas, bagageiros dianteiro e traseiro e quadro de a\u00e7o tubular de alta resist\u00eancia.<\/p>\n<p>Altura indicada: a partir de 1,50m<\/p>\n<p>Faixa et\u00e1ria: a partir de 12 anos<\/p>\n<p>ACOMPANHA O PRODUTO<\/p>\n<p>Manual de utiliza\u00e7\u00e3o<\/p>\n<p>MOTOR<\/p>\n<p>Tipo de motor: 150cc &#8211; 4 tempos, monocil\u00edndrico a gasolina<\/p>\n<p>Arrefecimento: Refrigera\u00e7\u00e3o a ar<\/p>\n<p>Pot\u00eancia M\u00e1xima: 12 CV\/6.500r\/min.<\/p>\n<p>Sistema de Alimenta\u00e7\u00e3o: Carbura\u00e7\u00e3o<\/p>\n<p>Sistema de Igni\u00e7\u00e3o: CDI<\/p>\n<p>Sistema de Partida: El\u00e9trica e pedal<\/p>\n<p>Velocidade M\u00e1xima: 70 Km\/h<\/p>\n<p>Rendimento: 20 Km\/L<\/p>\n<\/div>\n<\/div>\n<\/div>\n<\/li>\n<\/ul>\n<\/li>\n<\/ul>\n<p>&nbsp;<\/p>\n<ul>\n<li>\n<div class=\"grid-100 ttTecnico\">DIRIGIBILIDADE<\/div>\n<div class=\"grid-100 cttTecnico\">\n<p>Sistema de transmiss\u00e3o: autom\u00e1tica \u2013 CVT (frente \u2013 neutro \u2013 r\u00e9);<br \/>\nSistema de embreagem: autom\u00e1tica \u2013 centr\u00edfuga;<br \/>\nMovimenta\u00e7\u00e3o: por corrente.<\/p>\n<p>SUSPENS\u00c3O E FREIOS<\/p>\n<p>Quadro: Tubular em a\u00e7o de alta resist\u00eancia<\/p>\n<p>Suspens\u00e3o dianteira: Bandejas independentes com amortecedores hidr\u00e1ulicos<\/p>\n<p>Suspens\u00e3o traseira: Sistema Mono chock &#8211; Amortecedor hidr\u00e1ulico regul\u00e1vel<\/p>\n<p>Freios dianteiro\/traseiro: Tambor \/ a disco com acionamento hidr\u00e1ulico<\/p>\n<p>DIMENS\u00d5ES E CAPACIDADE<\/p>\n<p>Dimens\u00f5es Gerais: 1740 \/ 1100 \/ 1150 mm (comp.\/larg.\/alt.)<\/p>\n<p>Altura do Assento: 859 mm<\/p>\n<p>Rodas dianteira\/traseira: 21 x 7 \u2013 10\u2019 \/ 20 x 10 \u2013 10\u2019<\/p>\n<p>Aros dianteiro\/traseiro: 10\u2019 \/ 10\u2019<\/p>\n<p>Capacidade do Tanque: 3,7 litros<\/p>\n<p>Peso: 165 kg<\/p>\n<p>Capacidade de Carga: 150 kg<\/p>\n<p>Porte: Grande<\/p>\n<\/div>\n<\/li>\n<\/ul>\n<p>&nbsp;<\/p>\n","protected":false},"excerpt":{"rendered":"<p>IMAGENS MERAMENTE ILUSTRATIVAS PRODUTO ENTREGUE SOB ENCOMENDA POR TRANSPORTADO MOTOR Motor: 150cc, 4 tempos, monocil\u00ed\u00a012 CV\/6500r\/min; Siarbura\u00e7\u00e3o; Sistema de ig Rendimento: 20 km\/l. &nbsp; Descri\u00e7\u00e3o QUADRICICLO MXF AUTOM\u00c1TICO 150cc 4 TEMPOS \u00d3TIMO UTILIT\u00c1RIO PARA QUEM DESEJA DESLOCAMENTO COM CAPACIDADE DE CARGA For\u00e7a, funcionalidade e resist\u00eancia garantem a dirigibilidade para m\u00e9dios e grandes deslocamentos. Possui c\u00e2mbio [&#8230;]\n","protected":false},"featured_media":2182,"template":"","meta":[],"product_brand":[],"product_cat":[288],"product_tag":[],"class_list":{"0":"post-417","1":"product","2":"type-product","3":"status-publish","4":"has-post-thumbnail","6":"product_cat-quadriciclo-infantil","8":"first","9":"outofstock","10":"product-type-simple"},"_links":{"self":[{"href":"https:\/\/personalbiker.com.br\/lojapb\/wp-json\/wp\/v2\/product\/417","targetHints":{"allow":["GET"]}}],"collection":[{"href":"https:\/\/personalbiker.com.br\/lojapb\/wp-json\/wp\/v2\/product"}],"about":[{"href":"https:\/\/personalbiker.com.br\/lojapb\/wp-json\/wp\/v2\/types\/product"}],"wp:featuredmedia":[{"embeddable":true,"href":"https:\/\/personalbiker.com.br\/lojapb\/wp-json\/wp\/v2\/media\/2182"}],"wp:attachment":[{"href":"https:\/\/personalbiker.com.br\/lojapb\/wp-json\/wp\/v2\/media?parent=417"}],"wp:term":[{"taxonomy":"product_brand","embeddable":true,"href":"https:\/\/personalbiker.com.br\/lojapb\/wp-json\/wp\/v2\/product_brand?post=417"},{"taxonomy":"product_cat","embeddable":true,"href":"https:\/\/personalbiker.com.br\/lojapb\/wp-json\/wp\/v2\/product_cat?post=417"},{"taxonomy":"product_tag","embeddable":true,"href":"https:\/\/personalbiker.com.br\/lojapb\/wp-json\/wp\/v2\/product_tag?post=417"}],"curies":[{"name":"wp","href":"https:\/\/api.w.org\/{rel}","templated":true}]}}