{"id":415,"date":"2016-06-11T11:10:17","date_gmt":"2016-06-11T11:10:17","guid":{"rendered":"http:\/\/personalbiker.com.br\/lojapb\/?product=quadriciclo-125cc-mxf"},"modified":"2023-03-14T11:09:18","modified_gmt":"2023-03-14T14:09:18","slug":"quadriciclo-125cc-mxf","status":"publish","type":"product","link":"https:\/\/personalbiker.com.br\/lojapb\/produto\/quadriciclo-125cc-mxf\/","title":{"rendered":"QUADRICICLO 125CC MXF (somente encomenda)"},"content":{"rendered":"<p>IMAGENS MERAMENTE ILUSTRATIVAS<\/p>\n<p>PRODUTO ENTREGUE SOB ENCOMENDA POR TRANSPORTADORA<\/p>\n<p>, FRETE POR CONTA DO COMPRADOR<\/p>\n<ul>\n<li>\n<div class=\"grid-100 ttTecnico\">MOTOR<\/div>\n<div class=\"grid-100 cttTecnico\">\n<p>Motor: 125cc, 4 tempos, monocil\u00edndrico a gasolina;<br \/>\nArrefecimento: refrigera\u00e7\u00e3o a ar;<br \/>\nPot\u00eancia m\u00e1xima: 7 CV\/8000rpm;<br \/>\nSistema de alimenta\u00e7\u00e3o: carbura\u00e7\u00e3o;<br \/>\nSistema de igni\u00e7\u00e3o: CDI;<br \/>\nSistema de partida: el\u00e9trica;<br \/>\nVelocidade m\u00e1xima: 65 km\/h;<br \/>\nRendimento: 22 km\/l.<\/p>\n<\/div>\n<\/li>\n<\/ul>\n<p>&nbsp;<\/p>\n<ul>\n<li style=\"list-style-type: none\">\n<ul>\n<li>\n<div class=\"grid-100 ttTecnico\">DIMENS\u00d5ES E CAPACIDADE<\/div>\n<div class=\"grid-100 cttTecnico\">\n<p>Dimens\u00f5es gerais: 1500 x 1000 x 930mm.<br \/>\nAltura do assento: 700mm.<br \/>\nRodas dianteira\/traseira: 16 \u00d7 8 \u2013 8\/16\u00d78 \u2013 8;.<br \/>\nAros dianteiro\/traseiro: 8\/8;<br \/>\nCapacidade do tanque: 3.7 litros;<br \/>\nPeso: 91 kg;<br \/>\nCapacidade de carga: 90 kg;<br \/>\nPorte: m\u00e9dio.<\/p>\n<\/div>\n<\/li>\n<\/ul>\n<\/li>\n<\/ul>\n<p>&nbsp;<\/p>\n<ul>\n<li>\n<div class=\"grid-100 ttTecnico\">DIRIGIBILIDADE<\/div>\n<div class=\"grid-100 cttTecnico\">\n<p>Sistema de transmiss\u00e3o: autom\u00e1tica (3 marchas: frente, neutro \u2013 r\u00e9);<br \/>\nSistema de embreagem: autom\u00e1tica, banho de \u00f3leo;<br \/>\nMovimenta\u00e7\u00e3o: por corrente.<\/p>\n<\/div>\n<\/li>\n<\/ul>\n<p>&nbsp;<\/p>\n<p>SUSPENS\u00c3O E FREIOS<\/p>\n<p>Quadro: Tubular em a\u00e7o de alta resist\u00eancia<\/p>\n<p>Suspens\u00e3o dianteira : Bandejas independentes com amortecedores hidr\u00e1ulicos<\/p>\n<p>Suspens\u00e3o traseira : Sistema monochock \u2013 amortecedor hidr\u00e1ulico<\/p>\n<p>Freios dianteiro\/traseiro: Duplo tambor\/ a disco com acionamento hidr\u00e1ulico<\/p>\n<p>DIMENS\u00d5ES E CAPACIDADE<\/p>\n<p>Dimens\u00f5es Gerais : 1500\/ 1000\/ 930 mm ( comp\/ larg\/altura)<\/p>\n<p>Altura do assento: 700 mm<\/p>\n<p>Rodas dianteira\/ traseira: 16\u00d78 \u2013 8\u2019\/ 16 x 8 \u2013 8\u2019<\/p>\n<p>Aros dianteiro\/ traseiro: 8\u2019 \/ 8\u2019<\/p>\n<p>Capacidade do tanque : 3.7 litros<\/p>\n<p>Peso: 91 Kg<\/p>\n<p>Capacidade de Carga : 90 Kg<\/p>\n<p>Porte : m\u00e9dio<\/p>\n","protected":false},"excerpt":{"rendered":"<p>IMAGENS MERAMENTE ILUSTRATIVAS PRODUTO ENTREGUE SOB ENCOMENDA POR TRANSPORTADORA , FRETE POR CONTA DO COMPRADOR MOTOR Motor: 125cc, 4 tempos, monocil\u00edndrico a gasolina; Arrefecimento: refrigera\u00e7\u00e3o a ar; Pot\u00eancia m\u00e1xima: 7 CV\/8000rpm; Sistema de alimenta\u00e7\u00e3o: carbura\u00e7\u00e3o; Sistema de igni\u00e7\u00e3o: CDI; Sistema de partida: el\u00e9trica; Velocidade m\u00e1xima: 65 km\/h; Rendimento: 22 km\/l. &nbsp; DIMENS\u00d5ES E CAPACIDADE Dimens\u00f5es [&#8230;]\n","protected":false},"featured_media":2187,"template":"","meta":[],"product_brand":[],"product_cat":[288],"product_tag":[],"class_list":{"0":"post-415","1":"product","2":"type-product","3":"status-publish","4":"has-post-thumbnail","6":"product_cat-quadriciclo-infantil","8":"first","9":"outofstock","10":"product-type-simple"},"_links":{"self":[{"href":"https:\/\/personalbiker.com.br\/lojapb\/wp-json\/wp\/v2\/product\/415","targetHints":{"allow":["GET"]}}],"collection":[{"href":"https:\/\/personalbiker.com.br\/lojapb\/wp-json\/wp\/v2\/product"}],"about":[{"href":"https:\/\/personalbiker.com.br\/lojapb\/wp-json\/wp\/v2\/types\/product"}],"wp:featuredmedia":[{"embeddable":true,"href":"https:\/\/personalbiker.com.br\/lojapb\/wp-json\/wp\/v2\/media\/2187"}],"wp:attachment":[{"href":"https:\/\/personalbiker.com.br\/lojapb\/wp-json\/wp\/v2\/media?parent=415"}],"wp:term":[{"taxonomy":"product_brand","embeddable":true,"href":"https:\/\/personalbiker.com.br\/lojapb\/wp-json\/wp\/v2\/product_brand?post=415"},{"taxonomy":"product_cat","embeddable":true,"href":"https:\/\/personalbiker.com.br\/lojapb\/wp-json\/wp\/v2\/product_cat?post=415"},{"taxonomy":"product_tag","embeddable":true,"href":"https:\/\/personalbiker.com.br\/lojapb\/wp-json\/wp\/v2\/product_tag?post=415"}],"curies":[{"name":"wp","href":"https:\/\/api.w.org\/{rel}","templated":true}]}}