{"id":409,"date":"2016-05-02T17:17:40","date_gmt":"2016-05-02T17:17:40","guid":{"rendered":"http:\/\/personalbiker.com.br\/lojapb\/?product=bau-80l-pro-tork"},"modified":"2023-06-06T10:43:11","modified_gmt":"2023-06-06T13:43:11","slug":"bau-80l-pro-tork","status":"publish","type":"product","link":"https:\/\/personalbiker.com.br\/lojapb\/produto\/bau-80l-pro-tork\/","title":{"rendered":"Bau 80L 06  Pro Tork"},"content":{"rendered":"","protected":false},"excerpt":{"rendered":"<h2 class=\"main-section__title item-description__title\">Descri\u00e7\u00e3o<\/h2>\n<div id=\"description-includes\" class=\"item-description__content \">\n<div class=\"item-description__text\">\n<p>Caracter\u00edsticas do Ba\u00fa Pl\u00e1stico:<\/p>\n<p>Capacidade: 80 Litros;<br \/>\nInjetado em Mat\u00e9ria Prima PP;<br \/>\nDimens\u00f5es Aproximadas: 44 x 45 x 54 cm (C x L x A);<br \/>\nFotos ilustrativas, podendo sofrer modifica\u00e7\u00f5es t\u00e9cnicas sem pr\u00e9vio aviso;<br \/>\nMarca: Pro Tork;<br \/>\nCor: Preto;<br \/>\nGarantia: 90 Dias contra defeitos de fabrica\u00e7\u00e3o;<\/p>\n<\/div>\n<p>IMAGENS MERAMENTE ILUSTRATIVAS<\/p>\n<\/div>\n","protected":false},"featured_media":3456,"template":"","meta":[],"product_brand":[],"product_cat":[39],"product_tag":[],"class_list":{"0":"post-409","1":"product","2":"type-product","3":"status-publish","4":"has-post-thumbnail","6":"product_cat-baus-bauletos","7":"pa_cor-preto","9":"first","10":"outofstock","11":"purchasable","12":"product-type-variable"},"_links":{"self":[{"href":"https:\/\/personalbiker.com.br\/lojapb\/wp-json\/wp\/v2\/product\/409","targetHints":{"allow":["GET"]}}],"collection":[{"href":"https:\/\/personalbiker.com.br\/lojapb\/wp-json\/wp\/v2\/product"}],"about":[{"href":"https:\/\/personalbiker.com.br\/lojapb\/wp-json\/wp\/v2\/types\/product"}],"wp:featuredmedia":[{"embeddable":true,"href":"https:\/\/personalbiker.com.br\/lojapb\/wp-json\/wp\/v2\/media\/3456"}],"wp:attachment":[{"href":"https:\/\/personalbiker.com.br\/lojapb\/wp-json\/wp\/v2\/media?parent=409"}],"wp:term":[{"taxonomy":"product_brand","embeddable":true,"href":"https:\/\/personalbiker.com.br\/lojapb\/wp-json\/wp\/v2\/product_brand?post=409"},{"taxonomy":"product_cat","embeddable":true,"href":"https:\/\/personalbiker.com.br\/lojapb\/wp-json\/wp\/v2\/product_cat?post=409"},{"taxonomy":"product_tag","embeddable":true,"href":"https:\/\/personalbiker.com.br\/lojapb\/wp-json\/wp\/v2\/product_tag?post=409"}],"curies":[{"name":"wp","href":"https:\/\/api.w.org\/{rel}","templated":true}]}}