{"id":4027,"date":"2019-04-05T16:55:24","date_gmt":"2019-04-05T19:55:24","guid":{"rendered":"http:\/\/personalbiker.com.br\/lojapb\/?post_type=product&#038;p=4027"},"modified":"2020-11-27T09:38:29","modified_gmt":"2020-11-27T12:38:29","slug":"tambor-freio-traseiro-4-t","status":"publish","type":"product","link":"https:\/\/personalbiker.com.br\/lojapb\/produto\/tambor-freio-traseiro-4-t\/","title":{"rendered":"TAMBOR FREIO TRASEIRO 4 T"},"content":{"rendered":"","protected":false},"excerpt":{"rendered":"<p>O Corpo \u00e9 fabricado em alum\u00ednio escovado,cinta em a\u00e7o fundido no campo de frenagem, tornando muito mais resistente e confi\u00e1vel.<\/p>\n<p>&#8211; O espelho de freio serve de fixa\u00e7\u00e3o da lona de freio.<\/p>\n<p>&#8211; Cor em alum\u00ednio.<\/p>\n<p>&#8211; Padr\u00e3o original das montadoras.<\/p>\n<p>&nbsp;<\/p>\n<p>IMAGENS MERAMENTE ILUSTRATIVAS<\/p>\n","protected":false},"featured_media":4033,"template":"","meta":[],"product_brand":[],"product_cat":[15],"product_tag":[],"class_list":{"0":"post-4027","1":"product","2":"type-product","3":"status-publish","4":"has-post-thumbnail","6":"product_cat-sem-categoria","8":"first","9":"instock","10":"shipping-taxable","11":"purchasable","12":"product-type-simple"},"_links":{"self":[{"href":"https:\/\/personalbiker.com.br\/lojapb\/wp-json\/wp\/v2\/product\/4027","targetHints":{"allow":["GET"]}}],"collection":[{"href":"https:\/\/personalbiker.com.br\/lojapb\/wp-json\/wp\/v2\/product"}],"about":[{"href":"https:\/\/personalbiker.com.br\/lojapb\/wp-json\/wp\/v2\/types\/product"}],"wp:featuredmedia":[{"embeddable":true,"href":"https:\/\/personalbiker.com.br\/lojapb\/wp-json\/wp\/v2\/media\/4033"}],"wp:attachment":[{"href":"https:\/\/personalbiker.com.br\/lojapb\/wp-json\/wp\/v2\/media?parent=4027"}],"wp:term":[{"taxonomy":"product_brand","embeddable":true,"href":"https:\/\/personalbiker.com.br\/lojapb\/wp-json\/wp\/v2\/product_brand?post=4027"},{"taxonomy":"product_cat","embeddable":true,"href":"https:\/\/personalbiker.com.br\/lojapb\/wp-json\/wp\/v2\/product_cat?post=4027"},{"taxonomy":"product_tag","embeddable":true,"href":"https:\/\/personalbiker.com.br\/lojapb\/wp-json\/wp\/v2\/product_tag?post=4027"}],"curies":[{"name":"wp","href":"https:\/\/api.w.org\/{rel}","templated":true}]}}