{"id":401,"date":"2016-04-28T15:28:39","date_gmt":"2016-04-28T15:28:39","guid":{"rendered":"http:\/\/personalbiker.com.br\/lojapb\/?product=luva-pro-tork-sinth-02"},"modified":"2021-07-06T07:58:44","modified_gmt":"2021-07-06T10:58:44","slug":"luva-pro-tork-sinth-02","status":"publish","type":"product","link":"https:\/\/personalbiker.com.br\/lojapb\/produto\/luva-pro-tork-sinth-02\/","title":{"rendered":"Luva Pro Tork &#8211; Race Gloves"},"content":{"rendered":"","protected":false},"excerpt":{"rendered":"<h2 class=\"main-section__title item-description__title\">Descri\u00e7\u00e3o<\/h2>\n<div id=\"description-includes\" class=\"item-description__content \">\n<div class=\"item-description__text\">\n<p>A Luva Com A Melhor Rela\u00e7\u00e3o Custo\/Benef\u00edcio Do Mercado. Um \u00d3timo Modelo Para Iniciantes. Conta Com Modelagem Anat\u00f4mica, Couro Na Palma Das M\u00e3os E Grip Com Silicone Nos Dedos Para Maior Ader\u00eancia, Tecido Que Permite O Fluxo De Ar E Reduz A Umidade, Al\u00e9m De Pr\u00e1tico Fechamento Em Velcro. Desenvolvida Para Motocross, Trilha, Enduro, Crosscountry, Velocross, Freestyle, Supermotard, Rally E Bike. Composta Em 40% Poli\u00e9ster, 15% Em Pvc E 8% Em Couro Sint\u00e9tico.<\/p>\n<p>Prote\u00e7\u00e3o Acolchoada Nos Dedos<br \/>\nProte\u00e7\u00e3o No Dorso Da M\u00e3o<br \/>\nCouro Sint\u00e9tico Nas Palmas Da M\u00e3o Para Maior Ader\u00eancia<br \/>\nPalma De Dupla Camada Para Maior Seguran\u00e7a<br \/>\nCosturas Refor\u00e7adas.<\/p>\n<p>Material: Poli\u00e9ster, Pvc E Couro<br \/>\nFechamento: Velcro<br \/>\nCor: Preto<\/p>\n<p>Marca: Pro Tork<br \/>\nConte\u00fado Da Embalagem: &#8211; 01 Par De Luvas<\/p>\n<\/div>\n<p>imagens meramente ilustrativas<\/p>\n<\/div>\n","protected":false},"featured_media":3096,"template":"","meta":[],"product_brand":[],"product_cat":[17],"product_tag":[],"class_list":{"0":"post-401","1":"product","2":"type-product","3":"status-publish","4":"has-post-thumbnail","6":"product_cat-luvas","7":"pa_cor-preto","8":"pa_tamanho-g","10":"first","11":"outofstock","12":"purchasable","13":"product-type-variable"},"_links":{"self":[{"href":"https:\/\/personalbiker.com.br\/lojapb\/wp-json\/wp\/v2\/product\/401","targetHints":{"allow":["GET"]}}],"collection":[{"href":"https:\/\/personalbiker.com.br\/lojapb\/wp-json\/wp\/v2\/product"}],"about":[{"href":"https:\/\/personalbiker.com.br\/lojapb\/wp-json\/wp\/v2\/types\/product"}],"wp:featuredmedia":[{"embeddable":true,"href":"https:\/\/personalbiker.com.br\/lojapb\/wp-json\/wp\/v2\/media\/3096"}],"wp:attachment":[{"href":"https:\/\/personalbiker.com.br\/lojapb\/wp-json\/wp\/v2\/media?parent=401"}],"wp:term":[{"taxonomy":"product_brand","embeddable":true,"href":"https:\/\/personalbiker.com.br\/lojapb\/wp-json\/wp\/v2\/product_brand?post=401"},{"taxonomy":"product_cat","embeddable":true,"href":"https:\/\/personalbiker.com.br\/lojapb\/wp-json\/wp\/v2\/product_cat?post=401"},{"taxonomy":"product_tag","embeddable":true,"href":"https:\/\/personalbiker.com.br\/lojapb\/wp-json\/wp\/v2\/product_tag?post=401"}],"curies":[{"name":"wp","href":"https:\/\/api.w.org\/{rel}","templated":true}]}}