{"id":399,"date":"2016-04-28T15:26:12","date_gmt":"2016-04-28T15:26:12","guid":{"rendered":"http:\/\/personalbiker.com.br\/lojapb\/?product=luva-x11-blackout-mas-verao"},"modified":"2021-07-06T07:59:45","modified_gmt":"2021-07-06T10:59:45","slug":"luva-x11-blackout-mas-verao","status":"publish","type":"product","link":"https:\/\/personalbiker.com.br\/lojapb\/produto\/luva-x11-blackout-mas-verao\/","title":{"rendered":"Luva X11 Blackout Masc. Ver\u00e3o"},"content":{"rendered":"","protected":false},"excerpt":{"rendered":"<p>Luva X11 C\/ Prote\u00e7\u00e3o Blackout Ver\u00e3o Dedo Longo Masculina<\/p>\n<p>Especifica\u00e7\u00e3o T\u00e9cnica:<\/p>\n<p>\u2022 Tecido poli\u00e9ster;<br \/>\n\u2022 Refor\u00e7o entre os dedos;<br \/>\n\u2022 Grip nos dedos;<br \/>\n\u2022 Refor\u00e7o em borracha nos punhos;<br \/>\n\u2022 Prote\u00e7\u00e3o em borracha nas palmas;<br \/>\n\u2022 Prote\u00e7\u00e3o em polipropileno injetado.<\/p>\n<p>imagens meramente Ilustrativas<\/p>\n","protected":false},"featured_media":3165,"template":"","meta":[],"product_brand":[],"product_cat":[17],"product_tag":[],"class_list":{"0":"post-399","1":"product","2":"type-product","3":"status-publish","4":"has-post-thumbnail","6":"product_cat-luvas","7":"pa_cor-preto","8":"pa_tamanho-g","9":"pa_tamanho-p","11":"first","12":"outofstock","13":"purchasable","14":"product-type-variable"},"_links":{"self":[{"href":"https:\/\/personalbiker.com.br\/lojapb\/wp-json\/wp\/v2\/product\/399","targetHints":{"allow":["GET"]}}],"collection":[{"href":"https:\/\/personalbiker.com.br\/lojapb\/wp-json\/wp\/v2\/product"}],"about":[{"href":"https:\/\/personalbiker.com.br\/lojapb\/wp-json\/wp\/v2\/types\/product"}],"wp:featuredmedia":[{"embeddable":true,"href":"https:\/\/personalbiker.com.br\/lojapb\/wp-json\/wp\/v2\/media\/3165"}],"wp:attachment":[{"href":"https:\/\/personalbiker.com.br\/lojapb\/wp-json\/wp\/v2\/media?parent=399"}],"wp:term":[{"taxonomy":"product_brand","embeddable":true,"href":"https:\/\/personalbiker.com.br\/lojapb\/wp-json\/wp\/v2\/product_brand?post=399"},{"taxonomy":"product_cat","embeddable":true,"href":"https:\/\/personalbiker.com.br\/lojapb\/wp-json\/wp\/v2\/product_cat?post=399"},{"taxonomy":"product_tag","embeddable":true,"href":"https:\/\/personalbiker.com.br\/lojapb\/wp-json\/wp\/v2\/product_tag?post=399"}],"curies":[{"name":"wp","href":"https:\/\/api.w.org\/{rel}","templated":true}]}}