{"id":3960,"date":"2019-04-04T17:04:39","date_gmt":"2019-04-04T20:04:39","guid":{"rendered":"http:\/\/personalbiker.com.br\/lojapb\/?post_type=product&#038;p=3960"},"modified":"2022-08-24T14:29:41","modified_gmt":"2022-08-24T17:29:41","slug":"cabo-freio-moby-4t-aut-com-marcha-part-eletrica-traseiro","status":"publish","type":"product","link":"https:\/\/personalbiker.com.br\/lojapb\/produto\/cabo-freio-moby-4t-aut-com-marcha-part-eletrica-traseiro\/","title":{"rendered":"CABO FREIO MOBY 4T AUT COM MARCHA PART.EL\u00c9TRICA TRASEIRO"},"content":{"rendered":"","protected":false},"excerpt":{"rendered":"<p>&nbsp;<\/p>\n<p>Informa\u00e7\u00f5es T\u00e9cnicas<\/p>\n<p>Traseiro: 1,70m<\/p>\n<p>Original Bikelete.<\/p>\n<p>&nbsp;<\/p>\n<p>IMAGENS MERAMENTE ILUSTRATIVA<\/p>\n","protected":false},"featured_media":3969,"template":"","meta":[],"product_brand":[],"product_cat":[15],"product_tag":[],"class_list":{"0":"post-3960","1":"product","2":"type-product","3":"status-publish","4":"has-post-thumbnail","6":"product_cat-sem-categoria","7":"pa_tamanho-dianteiro","8":"pa_tamanho-traseiro","10":"first","11":"instock","12":"shipping-taxable","13":"purchasable","14":"product-type-simple"},"_links":{"self":[{"href":"https:\/\/personalbiker.com.br\/lojapb\/wp-json\/wp\/v2\/product\/3960","targetHints":{"allow":["GET"]}}],"collection":[{"href":"https:\/\/personalbiker.com.br\/lojapb\/wp-json\/wp\/v2\/product"}],"about":[{"href":"https:\/\/personalbiker.com.br\/lojapb\/wp-json\/wp\/v2\/types\/product"}],"wp:featuredmedia":[{"embeddable":true,"href":"https:\/\/personalbiker.com.br\/lojapb\/wp-json\/wp\/v2\/media\/3969"}],"wp:attachment":[{"href":"https:\/\/personalbiker.com.br\/lojapb\/wp-json\/wp\/v2\/media?parent=3960"}],"wp:term":[{"taxonomy":"product_brand","embeddable":true,"href":"https:\/\/personalbiker.com.br\/lojapb\/wp-json\/wp\/v2\/product_brand?post=3960"},{"taxonomy":"product_cat","embeddable":true,"href":"https:\/\/personalbiker.com.br\/lojapb\/wp-json\/wp\/v2\/product_cat?post=3960"},{"taxonomy":"product_tag","embeddable":true,"href":"https:\/\/personalbiker.com.br\/lojapb\/wp-json\/wp\/v2\/product_tag?post=3960"}],"curies":[{"name":"wp","href":"https:\/\/api.w.org\/{rel}","templated":true}]}}