{"id":395,"date":"2016-04-28T15:21:16","date_gmt":"2016-04-28T15:21:16","guid":{"rendered":"http:\/\/personalbiker.com.br\/lojapb\/?product=luva-x11-route-inverno-couro"},"modified":"2022-08-22T13:22:24","modified_gmt":"2022-08-22T16:22:24","slug":"luva-x11-route-inverno-couro","status":"publish","type":"product","link":"https:\/\/personalbiker.com.br\/lojapb\/produto\/luva-x11-route-inverno-couro\/","title":{"rendered":"Luva X11 Route Inverno Couro"},"content":{"rendered":"","protected":false},"excerpt":{"rendered":"<p>\u200bLuva X11 Route Inverno Couro Preto.<\/p>\n<p>Informa\u00e7\u00f5es T\u00e9cnicas:<\/p>\n<p>&#8211; Couro de cabra.<\/p>\n<p>&#8211; Forra\u00e7\u00e3o interna.<\/p>\n<p>&#8211; Ajuste el\u00e1stico no pulso.<\/p>\n<p>&#8211; Presilha com velcro.<\/p>\n<p>&#8211; Refor\u00e7o na palma.<\/p>\n<p>&nbsp;<\/p>\n<p>imagens meramente ilustrativas<\/p>\n<p>&nbsp;<\/p>\n","protected":false},"featured_media":3179,"template":"","meta":[],"product_brand":[],"product_cat":[17],"product_tag":[],"class_list":{"0":"post-395","1":"product","2":"type-product","3":"status-publish","4":"has-post-thumbnail","6":"product_cat-luvas","7":"pa_tamanho-g","8":"pa_tamanho-gg","9":"pa_tamanho-m","10":"pa_tamanho-p","12":"first","13":"instock","14":"purchasable","15":"product-type-variable"},"_links":{"self":[{"href":"https:\/\/personalbiker.com.br\/lojapb\/wp-json\/wp\/v2\/product\/395","targetHints":{"allow":["GET"]}}],"collection":[{"href":"https:\/\/personalbiker.com.br\/lojapb\/wp-json\/wp\/v2\/product"}],"about":[{"href":"https:\/\/personalbiker.com.br\/lojapb\/wp-json\/wp\/v2\/types\/product"}],"wp:featuredmedia":[{"embeddable":true,"href":"https:\/\/personalbiker.com.br\/lojapb\/wp-json\/wp\/v2\/media\/3179"}],"wp:attachment":[{"href":"https:\/\/personalbiker.com.br\/lojapb\/wp-json\/wp\/v2\/media?parent=395"}],"wp:term":[{"taxonomy":"product_brand","embeddable":true,"href":"https:\/\/personalbiker.com.br\/lojapb\/wp-json\/wp\/v2\/product_brand?post=395"},{"taxonomy":"product_cat","embeddable":true,"href":"https:\/\/personalbiker.com.br\/lojapb\/wp-json\/wp\/v2\/product_cat?post=395"},{"taxonomy":"product_tag","embeddable":true,"href":"https:\/\/personalbiker.com.br\/lojapb\/wp-json\/wp\/v2\/product_tag?post=395"}],"curies":[{"name":"wp","href":"https:\/\/api.w.org\/{rel}","templated":true}]}}