{"id":393,"date":"2016-04-28T15:16:34","date_gmt":"2016-04-28T15:16:34","guid":{"rendered":"http:\/\/personalbiker.com.br\/lojapb\/?product=luva-x11-impact-cano-curto"},"modified":"2021-07-06T08:00:42","modified_gmt":"2021-07-06T11:00:42","slug":"luva-x11-impact-cano-curto","status":"publish","type":"product","link":"https:\/\/personalbiker.com.br\/lojapb\/produto\/luva-x11-impact-cano-curto\/","title":{"rendered":"Luva X11 Impact Cano Curto"},"content":{"rendered":"","protected":false},"excerpt":{"rendered":"<p>Alta resist\u00eancia a impactos e abras\u00f5es.<br \/>\n&#8211; Prote\u00e7\u00e3o nas articula\u00e7\u00f5es dos dedos.<br \/>\n&#8211; Ajustes em velcro e el\u00e1stico.<br \/>\n&#8211; Costuras duplas refor\u00e7adas.<br \/>\n&#8211; Couro e poli\u00e9ster.<br \/>\n&#8211; Forra\u00e7\u00e3o Interna.<br \/>\n&#8211; Prote\u00e7\u00e3o r\u00edgida.<\/p>\n<p>imagens meramente ilustrativas<\/p>\n","protected":false},"featured_media":3191,"template":"","meta":[],"product_brand":[],"product_cat":[17],"product_tag":[],"class_list":{"0":"post-393","1":"product","2":"type-product","3":"status-publish","4":"has-post-thumbnail","6":"product_cat-luvas","7":"pa_cor-preto","8":"pa_tamanho-m","10":"first","11":"outofstock","12":"purchasable","13":"product-type-variable"},"_links":{"self":[{"href":"https:\/\/personalbiker.com.br\/lojapb\/wp-json\/wp\/v2\/product\/393","targetHints":{"allow":["GET"]}}],"collection":[{"href":"https:\/\/personalbiker.com.br\/lojapb\/wp-json\/wp\/v2\/product"}],"about":[{"href":"https:\/\/personalbiker.com.br\/lojapb\/wp-json\/wp\/v2\/types\/product"}],"wp:featuredmedia":[{"embeddable":true,"href":"https:\/\/personalbiker.com.br\/lojapb\/wp-json\/wp\/v2\/media\/3191"}],"wp:attachment":[{"href":"https:\/\/personalbiker.com.br\/lojapb\/wp-json\/wp\/v2\/media?parent=393"}],"wp:term":[{"taxonomy":"product_brand","embeddable":true,"href":"https:\/\/personalbiker.com.br\/lojapb\/wp-json\/wp\/v2\/product_brand?post=393"},{"taxonomy":"product_cat","embeddable":true,"href":"https:\/\/personalbiker.com.br\/lojapb\/wp-json\/wp\/v2\/product_cat?post=393"},{"taxonomy":"product_tag","embeddable":true,"href":"https:\/\/personalbiker.com.br\/lojapb\/wp-json\/wp\/v2\/product_tag?post=393"}],"curies":[{"name":"wp","href":"https:\/\/api.w.org\/{rel}","templated":true}]}}