{"id":39,"date":"2009-06-23T12:47:50","date_gmt":"2009-06-23T12:47:50","guid":{"rendered":"http:\/\/personalbiker.com.br\/lojapb\/?product=sissy-bar-cromado-com-bagageiro"},"modified":"2019-08-17T08:42:05","modified_gmt":"2019-08-17T11:42:05","slug":"sissy-bar-cromado-com-bagageiro","status":"publish","type":"product","link":"https:\/\/personalbiker.com.br\/lojapb\/produto\/sissy-bar-cromado-com-bagageiro\/","title":{"rendered":"Sissy-bar cromado com bagageiro"},"content":{"rendered":"<p>Encostos traseiros para passageiros, confeccionados em tubos de a\u00e7o cromado, visando personalizar motos custom, al\u00e9m de proporcionar conforto e seguran\u00e7a aos passageiros.<\/p>\n<p>&nbsp;<\/p>\n","protected":false},"excerpt":{"rendered":"<p>Encostos traseiros para passageiros, confeccionados em tubos de a\u00e7o cromado, visando personalizar motos custom, al\u00e9m de proporcionar conforto e seguran\u00e7a aos passageiros. &nbsp;<\/p>\n","protected":false},"featured_media":38,"template":"","meta":[],"product_brand":[],"product_cat":[15],"product_tag":[],"class_list":{"0":"post-39","1":"product","2":"type-product","3":"status-publish","4":"has-post-thumbnail","6":"product_cat-sem-categoria","8":"first","9":"outofstock","10":"purchasable","11":"product-type-simple"},"_links":{"self":[{"href":"https:\/\/personalbiker.com.br\/lojapb\/wp-json\/wp\/v2\/product\/39","targetHints":{"allow":["GET"]}}],"collection":[{"href":"https:\/\/personalbiker.com.br\/lojapb\/wp-json\/wp\/v2\/product"}],"about":[{"href":"https:\/\/personalbiker.com.br\/lojapb\/wp-json\/wp\/v2\/types\/product"}],"wp:featuredmedia":[{"embeddable":true,"href":"https:\/\/personalbiker.com.br\/lojapb\/wp-json\/wp\/v2\/media\/38"}],"wp:attachment":[{"href":"https:\/\/personalbiker.com.br\/lojapb\/wp-json\/wp\/v2\/media?parent=39"}],"wp:term":[{"taxonomy":"product_brand","embeddable":true,"href":"https:\/\/personalbiker.com.br\/lojapb\/wp-json\/wp\/v2\/product_brand?post=39"},{"taxonomy":"product_cat","embeddable":true,"href":"https:\/\/personalbiker.com.br\/lojapb\/wp-json\/wp\/v2\/product_cat?post=39"},{"taxonomy":"product_tag","embeddable":true,"href":"https:\/\/personalbiker.com.br\/lojapb\/wp-json\/wp\/v2\/product_tag?post=39"}],"curies":[{"name":"wp","href":"https:\/\/api.w.org\/{rel}","templated":true}]}}