{"id":387,"date":"2016-04-28T14:39:51","date_gmt":"2016-04-28T14:39:51","guid":{"rendered":"http:\/\/personalbiker.com.br\/lojapb\/?product=calca-x11-troy-nylon"},"modified":"2023-03-07T13:38:19","modified_gmt":"2023-03-07T16:38:19","slug":"calca-x11-troy-nylon","status":"publish","type":"product","link":"https:\/\/personalbiker.com.br\/lojapb\/produto\/calca-x11-troy-nylon\/","title":{"rendered":"Cal\u00e7a X11 Troy Nylon"},"content":{"rendered":"","protected":false},"excerpt":{"rendered":"<div class=\"prod-desc\">\n<div class=\"productDescription\">\n<h2><\/h2>\n<p>A\u00a0<b>X11<\/b>\u00a0marca mundialmente conhecida e prestigiada por oferecer e desenvolver produtos de \u00faltima gera\u00e7\u00e3o e qualidade, pensando em voc\u00ea, desenvolveu a\u00a0<b>Cal\u00e7a X11 Troy.<\/b><\/p>\n<p>A\u00a0<b>Cal\u00e7a X11 Troy<\/b>\u00a0foi projetada com a melhor tecnologia pensando na garantia e conforto do piloto, seu design pode ser usado tanto como urbano ou esporte, sua forra\u00e7\u00e3o \u00e9 remov\u00edvel ou seja, ela pode ser usada da maneira como quiser e independente do clima para voc\u00ea sempre sentir melhor, seus protetores s\u00e3o remov\u00edveis dos joelhos e coxas facilitando a lavagem e, vem com faixas refletivas para as viagens noturnas indicando a dist\u00e2ncia sua posi\u00e7\u00e3o do ve\u00edculo garantido a seguran\u00e7a do motociclista.<\/p>\n<p><b>A X11<\/b><\/p>\n<p>Para oferecer produtos de qualidade aos motociclistas, a X11 est\u00e1 em uma busca constante por novas id\u00e9ias, materiais, design e atualiza\u00e7\u00f5es de sua linha de Jaquetas, luvas, cal\u00e7as, entre outros produtos para motociclistas, com alta qualidade, resist\u00eancia e design inovador. Apresentamos solu\u00e7\u00f5es pr\u00e1ticas para os usu\u00e1rios, nas diversas situa\u00e7\u00f5es do cotidiano, ao andar de moto. Todos os produtos s\u00e3o severamente testados por pilotos e usu\u00e1rios do dia a dia para que possam garantir uma perfeita funcionalidade, durabilidade e seguran\u00e7a.<\/p>\n<p><b>Especifica\u00e7\u00e3o T\u00e9cnica:<\/b><\/p>\n<p>\u2022 Forra\u00e7\u00e3o interna remov\u00edvel;<br \/>\n\u2022 Imperme\u00e1vel;<br \/>\n\u2022 Ajustes Exclusivos na Cintura;<br \/>\n\u2022 Prote\u00e7\u00f5es com CE nos Joelhos e Coxas;<br \/>\n\u2022 Bolsos com Z\u00edper;<br \/>\n\u2022 Ajustes na perna com Z\u00edper e Velcro;<br \/>\n\u2022 Cintura acolchoada;<br \/>\n\u2022 Acolchoamento externo em Borracha;<br \/>\n\u2022 Faixas Refletivas;<br \/>\n\u2022 Tecido: Poli\u00e9ster.<\/p>\n<\/div>\n<\/div>\n<div><\/div>\n<div>imagens meramente ilustrativas<\/div>\n","protected":false},"featured_media":5759,"template":"","meta":[],"product_brand":[],"product_cat":[27],"product_tag":[],"class_list":{"0":"post-387","1":"product","2":"type-product","3":"status-publish","4":"has-post-thumbnail","6":"product_cat-jaquetas-calcas","7":"pa_cor-preto","8":"pa_tamanho-gg","10":"first","11":"outofstock","12":"purchasable","13":"product-type-variable"},"_links":{"self":[{"href":"https:\/\/personalbiker.com.br\/lojapb\/wp-json\/wp\/v2\/product\/387","targetHints":{"allow":["GET"]}}],"collection":[{"href":"https:\/\/personalbiker.com.br\/lojapb\/wp-json\/wp\/v2\/product"}],"about":[{"href":"https:\/\/personalbiker.com.br\/lojapb\/wp-json\/wp\/v2\/types\/product"}],"wp:featuredmedia":[{"embeddable":true,"href":"https:\/\/personalbiker.com.br\/lojapb\/wp-json\/wp\/v2\/media\/5759"}],"wp:attachment":[{"href":"https:\/\/personalbiker.com.br\/lojapb\/wp-json\/wp\/v2\/media?parent=387"}],"wp:term":[{"taxonomy":"product_brand","embeddable":true,"href":"https:\/\/personalbiker.com.br\/lojapb\/wp-json\/wp\/v2\/product_brand?post=387"},{"taxonomy":"product_cat","embeddable":true,"href":"https:\/\/personalbiker.com.br\/lojapb\/wp-json\/wp\/v2\/product_cat?post=387"},{"taxonomy":"product_tag","embeddable":true,"href":"https:\/\/personalbiker.com.br\/lojapb\/wp-json\/wp\/v2\/product_tag?post=387"}],"curies":[{"name":"wp","href":"https:\/\/api.w.org\/{rel}","templated":true}]}}