{"id":377,"date":"2016-04-26T16:47:43","date_gmt":"2016-04-26T16:47:43","guid":{"rendered":"http:\/\/personalbiker.com.br\/lojapb\/?product=luva-x11-dry-impermeavel"},"modified":"2019-09-12T13:04:01","modified_gmt":"2019-09-12T16:04:01","slug":"luva-x11-dry-impermeavel","status":"publish","type":"product","link":"https:\/\/personalbiker.com.br\/lojapb\/produto\/luva-x11-dry-impermeavel\/","title":{"rendered":"Luva X11 Dry Proof Imperme\u00e1vel"},"content":{"rendered":"","protected":false},"excerpt":{"rendered":"<p>CARACTER\u00cdSTICAS:<\/p>\n<p>Luva 100% Imperme\u00e1vel<\/p>\n<p>Dupla camada impermeabilizante<\/p>\n<p>Cano longo<\/p>\n<p>Triplo ajuste nos punhos<\/p>\n<p>Forra\u00e7\u00e3o interna<\/p>\n<p>Faixa refletiva<\/p>\n<p>Refor\u00e7os na palma<\/p>\n<p>Composi\u00e7\u00e3o: Nylon 40% Poliester 20% Couro Sint\u00e9tico 20% Silicone 20%<\/p>\n<p>imagens meramente ilustrativas<\/p>\n","protected":false},"featured_media":376,"template":"","meta":[],"product_brand":[],"product_cat":[17],"product_tag":[],"class_list":{"0":"post-377","1":"product","2":"type-product","3":"status-publish","4":"has-post-thumbnail","6":"product_cat-luvas","7":"pa_cor-preto","8":"pa_tamanho-g","10":"first","11":"outofstock","12":"purchasable","13":"product-type-variable"},"_links":{"self":[{"href":"https:\/\/personalbiker.com.br\/lojapb\/wp-json\/wp\/v2\/product\/377","targetHints":{"allow":["GET"]}}],"collection":[{"href":"https:\/\/personalbiker.com.br\/lojapb\/wp-json\/wp\/v2\/product"}],"about":[{"href":"https:\/\/personalbiker.com.br\/lojapb\/wp-json\/wp\/v2\/types\/product"}],"wp:featuredmedia":[{"embeddable":true,"href":"https:\/\/personalbiker.com.br\/lojapb\/wp-json\/wp\/v2\/media\/376"}],"wp:attachment":[{"href":"https:\/\/personalbiker.com.br\/lojapb\/wp-json\/wp\/v2\/media?parent=377"}],"wp:term":[{"taxonomy":"product_brand","embeddable":true,"href":"https:\/\/personalbiker.com.br\/lojapb\/wp-json\/wp\/v2\/product_brand?post=377"},{"taxonomy":"product_cat","embeddable":true,"href":"https:\/\/personalbiker.com.br\/lojapb\/wp-json\/wp\/v2\/product_cat?post=377"},{"taxonomy":"product_tag","embeddable":true,"href":"https:\/\/personalbiker.com.br\/lojapb\/wp-json\/wp\/v2\/product_tag?post=377"}],"curies":[{"name":"wp","href":"https:\/\/api.w.org\/{rel}","templated":true}]}}