{"id":369,"date":"2016-04-22T14:38:59","date_gmt":"2016-04-22T14:38:59","guid":{"rendered":"http:\/\/personalbiker.com.br\/lojapb\/?product=12ah-ma12-e"},"modified":"2022-08-12T16:44:23","modified_gmt":"2022-08-12T19:44:23","slug":"12ah-ma12-e","status":"publish","type":"product","link":"https:\/\/personalbiker.com.br\/lojapb\/produto\/12ah-ma12-e\/","title":{"rendered":"BATERIA 12AH MA12-E"},"content":{"rendered":"","protected":false},"excerpt":{"rendered":"<p>Seja no asfalto ou off road, com a Moura Moto voc\u00ea vai mais longe.<\/p>\n<p>Modelo &#8211; MA12-E 12v.<br \/>\nAmperes &#8211; 12.<br \/>\nDimens\u00f5es &#8211; C 150 mm L 87 mm A 145 mm.<br \/>\nCarga de ativa\u00e7\u00e3o &#8211; 2 A X 1 h.<br \/>\nCarga padr\u00e3o &#8211; 1,2 A x 5 a 10 h.<br \/>\nPolaridade positiva esquerda.<\/p>\n<p>Modelo Yuasa YTX14-BS.<\/p>\n<p>Bateias Moura desenvolvida com tecnologia mundial de ponta e alta resist\u00eancia para rodar mais.<\/p>\n<p>Bateria AGM \/ Regulada por v\u00e1lvula com elementos blindados (livre de manuten\u00e7\u00e3o).<\/p>\n<p>Garantia de 6 meses em qualquer Moura do Brasil.<\/p>\n<p>Motos compat\u00edveis:<\/p>\n<p>Aprilia 750 Dorsoduro 2009 &#8211; 2016<\/p>\n<p>Aprilia 750 Arrepio 2009 &#8211; 2016<\/p>\n<p>Aprilia 850 MANA850, GT 2009 &#8211; 2013<\/p>\n<p>Aprilia 1000 Caponord ETV 2002 &#8211; 2003<\/p>\n<p>Aprilia 1000 SL Falco 2001 &#8211; 2003<\/p>\n<p>Aprilia 1200 Dorsoduro, Caponord 2011 &#8211; 2016<\/p>\n<p>BMW 800 F650GS 2008 &#8211; 2012<\/p>\n<p>BMW 700 F700GS 2017\/<\/p>\n<p>BMW 800 F800ST, GS, GT, R, ADV 2008 &#8211; 2016<\/p>\n<p>BMW 1200 HP2 Sport \/ Megamoto 0 &#8211; 2011<\/p>\n<p>BMW 1200 K1200R, S 2005 &#8211; 2009<\/p>\n<p>BMW 1200 K1200RS 2005 &#8211; 2009<\/p>\n<p>BMW 1200 R1200GS 2005 &#8211; 2013<\/p>\n<p>BMW 1200 R1200RS 2014 &#8211; 2015<\/p>\n<p>BMW 1300 K1300R, S 2009 &#8211; 2016<\/p>\n<p>BMW 1300 K1300S 2009 &#8211; 2010<\/p>\n<p>Buell 500 Explos\u00e3o 2009<\/p>\n<p>Buell 1200 S1 Rel\u00e2mpago 1996 &#8211; 1999<\/p>\n<p>Ducati 1098 1098 2007<\/p>\n<p>Honda 750 ACE Deluxe 2002 &#8211; 2003<\/p>\n<p>Honda 750 Sombra VT750C 1998 &#8211; 2000<\/p>\n<p>Honda 750 VT750CD, CD2 Shadow Deluxe 1998 &#8211; 2002<\/p>\n<p>Honda 1100 Esp\u00edrito, Aero, ACE Tourer 2001 &#8211; 2007<\/p>\n<p>Honda 1100 ST1100, ABS-TCS, 1100A 1991 &#8211; 2002<\/p>\n<p>Honda 1100 Sabre de sombra VT1100C2 2000 &#8211; 2007<\/p>\n<p>Honda 1300 VTX1300C, R, S, Retro 2003 &#8211; 2012<\/p>\n<p>Honda 1500 GL1500 Valkyrie 1997 &#8211; 2003<\/p>\n<p>Husqvarna 400 TE410E 2000 &#8211; 2001<\/p>\n<p>Husqvarna 580 TE610E, SM610S 2000 &#8211; 2001<\/p>\n<p>Hyosung 250 GT250, R 2009 &#8211; 2012<\/p>\n<p>Hyosung 650 GT650, R, S 2009 &#8211; 2012<\/p>\n<p>Kawasaki 650 W650 2002<\/p>\n<p>Kawasaki 800 VN800-A, B, C, E Vulcan, Cl\u00e1ssico, Drifter 1995 &#8211; 2003<\/p>\n<p>Kawasaki 1100 ZRX1100 1999 &#8211; 2000<\/p>\n<p>Kawasaki 1100 ZX1100-C Ninja ZX-11 1995 &#8211; 2001<\/p>\n<p>Kawasaki 1100 ZX1100-D Ninja ZX-11 (CN) 1993 &#8211; 1994<\/p>\n<p>Kawasaki 1100 ZX1100-E (GPz1100), ABS 1995 &#8211; 1997<\/p>\n<p>Kawasaki 1200 Ninja ZX-12R 2000 &#8211; 2005<\/p>\n<p>Kawasaki 1200 ZRX1200R 2001 &#8211; 2005<\/p>\n<p>Kawasaki 1200 ZX-12R 2005<\/p>\n<p>Kawasaki 1200 ZZR1200 2002 &#8211; 2005<\/p>\n<p>Kawasaki 1400 Ninja ZX-14R, ABS 2006 &#8211; 2017<\/p>\n<p>Kawasaki 1400 ZG1400 Concours, ABS 2008 &#8211; 2017<\/p>\n<p>KTM 1290 Super Duke, R 2014 &#8211; 2016<\/p>\n<p>Moto Guzzi 750 V7, Racer, Scrambler 2012 &#8211; 2016<\/p>\n<p>Suzuki 1000 DL1000 V-Strom, Aventura 2002 &#8211; 2012<\/p>\n<p>Suzuki 1000 SV1000, S 2003 &#8211; 2007<\/p>\n<p>Suzuki 1100 GSX1100G 1991 &#8211; 1993<\/p>\n<p>Triunfo 900 Tigre 1999 &#8211; 2001<\/p>\n<p>Triunfo 955 Sprint RS 2000 &#8211; 2004<\/p>\n<p>Triunfo 955 Sprint ST 1999 &#8211; 2004<\/p>\n<p>Triunfo 955 Tigre 2002 &#8211; 2006<\/p>\n<p>Triunfo 1050 Velocidade Tripla, R 2011 &#8211; 2016<\/p>\n<p>Triunfo 1050 Sprint GT 2011 &#8211; 2016<\/p>\n<p>Triunfo 1050 Tigre 2012 &#8211; 2016<\/p>\n<p>Triunfo 1200 Trof\u00e9u 2000 &#8211; 2004<\/p>\n<p>Yamaha 1000 FZR1000 1991 &#8211; 1995<\/p>\n<p>Yamaha 1000 GTS1000 1993 &#8211; 1994<\/p>\n<p>Yamaha 1000 YZF1000R 1997 &#8211; 1998<\/p>\n<p>Yamaha 1200 FJ1200 (todos) 1991 &#8211; 199<\/p>\n<p>&nbsp;<\/p>\n<p>imagens meramente ilustrativas<\/p>\n","protected":false},"featured_media":368,"template":"","meta":[],"product_brand":[],"product_cat":[36],"product_tag":[],"class_list":{"0":"post-369","1":"product","2":"type-product","3":"status-publish","4":"has-post-thumbnail","6":"product_cat-baterias","8":"first","9":"outofstock","10":"purchasable","11":"product-type-simple"},"_links":{"self":[{"href":"https:\/\/personalbiker.com.br\/lojapb\/wp-json\/wp\/v2\/product\/369","targetHints":{"allow":["GET"]}}],"collection":[{"href":"https:\/\/personalbiker.com.br\/lojapb\/wp-json\/wp\/v2\/product"}],"about":[{"href":"https:\/\/personalbiker.com.br\/lojapb\/wp-json\/wp\/v2\/types\/product"}],"wp:featuredmedia":[{"embeddable":true,"href":"https:\/\/personalbiker.com.br\/lojapb\/wp-json\/wp\/v2\/media\/368"}],"wp:attachment":[{"href":"https:\/\/personalbiker.com.br\/lojapb\/wp-json\/wp\/v2\/media?parent=369"}],"wp:term":[{"taxonomy":"product_brand","embeddable":true,"href":"https:\/\/personalbiker.com.br\/lojapb\/wp-json\/wp\/v2\/product_brand?post=369"},{"taxonomy":"product_cat","embeddable":true,"href":"https:\/\/personalbiker.com.br\/lojapb\/wp-json\/wp\/v2\/product_cat?post=369"},{"taxonomy":"product_tag","embeddable":true,"href":"https:\/\/personalbiker.com.br\/lojapb\/wp-json\/wp\/v2\/product_tag?post=369"}],"curies":[{"name":"wp","href":"https:\/\/api.w.org\/{rel}","templated":true}]}}