{"id":3681,"date":"2019-04-01T15:00:54","date_gmt":"2019-04-01T18:00:54","guid":{"rendered":"http:\/\/personalbiker.com.br\/lojapb\/?post_type=product&#038;p=3681"},"modified":"2022-08-12T13:55:50","modified_gmt":"2022-08-12T16:55:50","slug":"viseira-ebf-7-ebf-fit-08-rox-cristal-1639-tc","status":"publish","type":"product","link":"https:\/\/personalbiker.com.br\/lojapb\/produto\/viseira-ebf-7-ebf-fit-08-rox-cristal-1639-tc\/","title":{"rendered":"Viseira  EBF 7\/ EBF FIT 08\/ROX CRISTAL 1639 TC"},"content":{"rendered":"","protected":false},"excerpt":{"rendered":"<p>Viseira Para Capacete EBF Fit 08\/ EBF ROX\/ EBF 7 Cristal Anti-Risco<\/p>\n<p>Marca: Polivisor<\/p>\n<p>C\u00f3d.1639C<\/p>\n<p>Caracteristicas:<\/p>\n<p>&#8211; Viseiras para Capacetes EBF Fit 08, EBF ROX e EBF 7<\/p>\n<p>&#8211; Viseiras de 2,2 mm, oferecendo um visual esportivo, de uso diurno e noturno de f\u00e1cil instala\u00e7\u00e3o<\/p>\n<p>&#8211; Injetada em ABS virgem<\/p>\n<p>&#8211; Espessura de 2,2 mm<\/p>\n<p>&#8211; Tratamento Anti-Risco<\/p>\n<p>&#8211; Material de alta qualidade<\/p>\n<p>Cor: Cristal &#8211; Transparente<\/p>\n<p>IMAGENS MERAMENTE ILUSTRATIVAS<\/p>\n","protected":false},"featured_media":3683,"template":"","meta":[],"product_brand":[],"product_cat":[307],"product_tag":[],"class_list":{"0":"post-3681","1":"product","2":"type-product","3":"status-publish","4":"has-post-thumbnail","6":"product_cat-viseiras","8":"first","9":"instock","10":"shipping-taxable","11":"purchasable","12":"product-type-simple"},"_links":{"self":[{"href":"https:\/\/personalbiker.com.br\/lojapb\/wp-json\/wp\/v2\/product\/3681","targetHints":{"allow":["GET"]}}],"collection":[{"href":"https:\/\/personalbiker.com.br\/lojapb\/wp-json\/wp\/v2\/product"}],"about":[{"href":"https:\/\/personalbiker.com.br\/lojapb\/wp-json\/wp\/v2\/types\/product"}],"wp:featuredmedia":[{"embeddable":true,"href":"https:\/\/personalbiker.com.br\/lojapb\/wp-json\/wp\/v2\/media\/3683"}],"wp:attachment":[{"href":"https:\/\/personalbiker.com.br\/lojapb\/wp-json\/wp\/v2\/media?parent=3681"}],"wp:term":[{"taxonomy":"product_brand","embeddable":true,"href":"https:\/\/personalbiker.com.br\/lojapb\/wp-json\/wp\/v2\/product_brand?post=3681"},{"taxonomy":"product_cat","embeddable":true,"href":"https:\/\/personalbiker.com.br\/lojapb\/wp-json\/wp\/v2\/product_cat?post=3681"},{"taxonomy":"product_tag","embeddable":true,"href":"https:\/\/personalbiker.com.br\/lojapb\/wp-json\/wp\/v2\/product_tag?post=3681"}],"curies":[{"name":"wp","href":"https:\/\/api.w.org\/{rel}","templated":true}]}}