{"id":365,"date":"2016-04-22T14:32:00","date_gmt":"2016-04-22T14:32:00","guid":{"rendered":"http:\/\/personalbiker.com.br\/lojapb\/?product=10ah-ma10-e"},"modified":"2022-08-12T16:52:25","modified_gmt":"2022-08-12T19:52:25","slug":"10ah-ma10-e","status":"publish","type":"product","link":"https:\/\/personalbiker.com.br\/lojapb\/produto\/10ah-ma10-e\/","title":{"rendered":"BATERIA 10AH MA10-E"},"content":{"rendered":"<p style=\"border: 0px;padding: 0px;margin: 5px 0px 0px;font-family: 'Open Sans', sans-serif;width: auto;color: #444444;font-size: 15.4px;font-style: normal;font-weight: normal;letter-spacing: normal;text-align: left;text-indent: 0px;background-color: #ffffff\"><strong style=\"font-weight: bold\"><span style=\"font-family: 'Open Sans', sans-serif;font-size: 16px\"><span style=\"font-family: 'Open Sans', sans-serif;color: #000000\">ESPECIFICA\u00c7\u00d5ES:<\/span><\/span><\/strong><\/p>\n<p style=\"border: 0px;padding: 0px;margin: 5px 0px 0px;font-family: 'Open Sans', sans-serif;width: auto;color: #444444;font-size: 15.4px;font-style: normal;font-weight: normal;letter-spacing: normal;text-align: left;text-indent: 0px;background-color: #ffffff\"><span style=\"font-family: 'Open Sans', sans-serif;font-size: 16px\"><span style=\"font-family: 'Open Sans', sans-serif;color: #000000\">&#8211; Tens\u00e3o Nominal\/ Voltagem: 12 Volts;<br \/>\n&#8211; Capacidade Nominal: 10Ah\/Hora;<br \/>\n&#8211; CCA (-10): 90;<br \/>\n&#8211; Dimens\u00f5es(cm): 15,0 x 8,7 x 13,0 (Comp. x Larg. x Alt.);<br \/>\n&#8211; P\u00f3lo Positivo: Esquerdo;<br \/>\n&#8211; Peso: 4Kg;<br \/>\n&#8211; C\u00f3digo Raiom: RTX10-BS;<br \/>\n&#8211; C\u00f3digo Yuasa: YTX12-BS;<br \/>\n&#8211; Acompanha solu\u00e7\u00e3o \u00e1cida para ativa\u00e7\u00e3o.<\/span><\/span><\/p>\n<p style=\"border: 0px;padding: 0px;margin: 5px 0px 0px;font-family: 'Open Sans', sans-serif;width: auto;color: #444444;font-size: 15.4px;font-style: normal;font-weight: normal;letter-spacing: normal;text-align: left;text-indent: 0px;background-color: #ffffff\"><strong style=\"font-weight: bold\"><span style=\"font-family: 'Open Sans', sans-serif;font-size: 16px\"><span style=\"font-family: 'Open Sans', sans-serif;color: #000000\">APLICA\u00c7\u00d5ES:<\/span><\/span><\/strong><\/p>\n<p style=\"border: 0px;padding: 0px;margin: 5px 0px 0px;font-family: 'Open Sans', sans-serif;width: auto;color: #444444;font-size: 15.4px;font-style: normal;font-weight: normal;letter-spacing: normal;text-align: left;text-indent: 0px;background-color: #ffffff\"><span style=\"font-family: 'Open Sans', sans-serif;font-size: 16px\"><span style=\"font-family: 'Open Sans', sans-serif;color: #000000\">HONDA NR 750 750 CC &#8211; Ano 92\/&#8230;<br \/>\nHONDA VFR 750 F 750 CC &#8211; Ano 90\/97<br \/>\nHONDA VTR 1000 Firestorm 1000 CC &#8211; Ano &#8230;\/98<br \/>\nHONDA CB 1000 F 1000 CC &#8211; Ano 93\/95<br \/>\nHONDA CBR 1100 XX 1100 CC &#8211; Ano 97\/00<br \/>\nYAMAHA YZF 600 R Thundercat 600 CC &#8211; Ano 96\/&#8230;<br \/>\nYAMAHA YZF 600 FGC \/ RG 600 CC &#8211; Ano 95\/&#8230;<br \/>\nYAMAHA FZR 600 R 600 CC &#8211; Ano 94\/95<br \/>\nYAMAHA YZF 750 R SP 750 CC &#8211; Ano 93\/98<br \/>\nSUZUKI GSX-R 750 W 750 CC &#8211; Ano 92\/93<br \/>\nSUZUKI VZ800 MARAUDER 800 CC &#8211; Ano 97\/08<br \/>\nSUZUKI GSX-R 1100 1100 CC Ano 93\/99<br \/>\nSUZUKI GSX 1300 R Hayabusa 1300 CC &#8211; Ano 99\/07<br \/>\nKAWASAKI ZZR 500 Ninja 500 CC &#8211; Ano &#8230;\/98<br \/>\nKAWASAKI Ninja ZX-6 600 CC &#8211; Ano 93\/02<br \/>\nKAWASAKI ZX 750-P Ninja 750 CC &#8211; Ano 96\/00<br \/>\nKAWASAKI Ninja ZX-7 750 CC &#8211; Ano 91\/95<br \/>\nKAWASAKI ZX 900-B Ninja 900 CC &#8211; Ano 94\/97<br \/>\nKAWASAKI Ninja ZX-11 1110 CC &#8211; Ano 93\/&#8230;<\/span><\/span><\/p>\n<p>&nbsp;<\/p>\n<p>IMAGENS MERAMENTE\u00a0 ILUSTRATIVAS<\/p>\n","protected":false},"excerpt":{"rendered":"<p>ESPECIFICA\u00c7\u00d5ES: &#8211; Tens\u00e3o Nominal\/ Voltagem: 12 Volts; &#8211; Capacidade Nominal: 10Ah\/Hora; &#8211; CCA (-10): 90; &#8211; Dimens\u00f5es(cm): 15,0 x 8,7 x 13,0 (Comp. x Larg. x Alt.); &#8211; P\u00f3lo Positivo: Esquerdo; &#8211; Peso: 4Kg; &#8211; C\u00f3digo Raiom: RTX10-BS; &#8211; C\u00f3digo Yuasa: YTX12-BS; &#8211; Acompanha solu\u00e7\u00e3o \u00e1cida para ativa\u00e7\u00e3o. APLICA\u00c7\u00d5ES: HONDA NR 750 750 CC &#8211; [&#8230;]\n","protected":false},"featured_media":1991,"template":"","meta":[],"product_brand":[],"product_cat":[36],"product_tag":[],"class_list":{"0":"post-365","1":"product","2":"type-product","3":"status-publish","4":"has-post-thumbnail","6":"product_cat-baterias","8":"first","9":"outofstock","10":"purchasable","11":"product-type-simple"},"_links":{"self":[{"href":"https:\/\/personalbiker.com.br\/lojapb\/wp-json\/wp\/v2\/product\/365","targetHints":{"allow":["GET"]}}],"collection":[{"href":"https:\/\/personalbiker.com.br\/lojapb\/wp-json\/wp\/v2\/product"}],"about":[{"href":"https:\/\/personalbiker.com.br\/lojapb\/wp-json\/wp\/v2\/types\/product"}],"wp:featuredmedia":[{"embeddable":true,"href":"https:\/\/personalbiker.com.br\/lojapb\/wp-json\/wp\/v2\/media\/1991"}],"wp:attachment":[{"href":"https:\/\/personalbiker.com.br\/lojapb\/wp-json\/wp\/v2\/media?parent=365"}],"wp:term":[{"taxonomy":"product_brand","embeddable":true,"href":"https:\/\/personalbiker.com.br\/lojapb\/wp-json\/wp\/v2\/product_brand?post=365"},{"taxonomy":"product_cat","embeddable":true,"href":"https:\/\/personalbiker.com.br\/lojapb\/wp-json\/wp\/v2\/product_cat?post=365"},{"taxonomy":"product_tag","embeddable":true,"href":"https:\/\/personalbiker.com.br\/lojapb\/wp-json\/wp\/v2\/product_tag?post=365"}],"curies":[{"name":"wp","href":"https:\/\/api.w.org\/{rel}","templated":true}]}}