{"id":363,"date":"2016-04-22T14:31:23","date_gmt":"2016-04-22T14:31:23","guid":{"rendered":"http:\/\/personalbiker.com.br\/lojapb\/?product=9ah-ma9-e"},"modified":"2022-08-12T16:02:35","modified_gmt":"2022-08-12T19:02:35","slug":"9ah-ma9-e","status":"publish","type":"product","link":"https:\/\/personalbiker.com.br\/lojapb\/produto\/9ah-ma9-e\/","title":{"rendered":"BATERIA 9AH MA9-E"},"content":{"rendered":"","protected":false},"excerpt":{"rendered":"<p>Principais Caracter\u00edsticas:<\/p>\n<p>&#8211; V\u00e1lvula VRLA e pastilhas antichamas<br \/>\n&#8211; Desing robusto de grade e liga especial anticorros\u00e3o<br \/>\n&#8211; Separador de l\u00e3 de vidro &#8211; AGM<\/p>\n<p>Principais Aplica\u00e7\u00f5es:<\/p>\n<p>Honda: VT Shadow 750 &#8211; Sundown: V Blade 250 &#8211; Suzuki: GSX 750, DL 1000, GSXR 1000, GSX 1300 R<\/p>\n<p>Especifica\u00e7\u00f5es T\u00e9cnicas:<\/p>\n<p>Tens\u00e3o: 12V<br \/>\nC10 : 9Ah<br \/>\nCCA -10\u00baC: 100<br \/>\nDimens\u00f5es ( Comp x Larg x Alt ): 151x 87 x 106mm<\/p>\n<p>&nbsp;<\/p>\n<p>IMAGENS MERAMENTE ILUSTRATIVAS<\/p>\n","protected":false},"featured_media":1993,"template":"","meta":[],"product_brand":[],"product_cat":[36],"product_tag":[],"class_list":{"0":"post-363","1":"product","2":"type-product","3":"status-publish","4":"has-post-thumbnail","6":"product_cat-baterias","8":"first","9":"outofstock","10":"purchasable","11":"product-type-simple"},"_links":{"self":[{"href":"https:\/\/personalbiker.com.br\/lojapb\/wp-json\/wp\/v2\/product\/363","targetHints":{"allow":["GET"]}}],"collection":[{"href":"https:\/\/personalbiker.com.br\/lojapb\/wp-json\/wp\/v2\/product"}],"about":[{"href":"https:\/\/personalbiker.com.br\/lojapb\/wp-json\/wp\/v2\/types\/product"}],"wp:featuredmedia":[{"embeddable":true,"href":"https:\/\/personalbiker.com.br\/lojapb\/wp-json\/wp\/v2\/media\/1993"}],"wp:attachment":[{"href":"https:\/\/personalbiker.com.br\/lojapb\/wp-json\/wp\/v2\/media?parent=363"}],"wp:term":[{"taxonomy":"product_brand","embeddable":true,"href":"https:\/\/personalbiker.com.br\/lojapb\/wp-json\/wp\/v2\/product_brand?post=363"},{"taxonomy":"product_cat","embeddable":true,"href":"https:\/\/personalbiker.com.br\/lojapb\/wp-json\/wp\/v2\/product_cat?post=363"},{"taxonomy":"product_tag","embeddable":true,"href":"https:\/\/personalbiker.com.br\/lojapb\/wp-json\/wp\/v2\/product_tag?post=363"}],"curies":[{"name":"wp","href":"https:\/\/api.w.org\/{rel}","templated":true}]}}