{"id":3619,"date":"2019-04-01T10:14:30","date_gmt":"2019-04-01T13:14:30","guid":{"rendered":"http:\/\/personalbiker.com.br\/lojapb\/?post_type=product&#038;p=3619"},"modified":"2021-10-14T12:17:02","modified_gmt":"2021-10-14T15:17:02","slug":"motoneta-electrica-mibo-abelha-com-luz-led-10-patinete","status":"publish","type":"product","link":"https:\/\/personalbiker.com.br\/lojapb\/produto\/motoneta-electrica-mibo-abelha-com-luz-led-10-patinete\/","title":{"rendered":"Motoneta El\u00e9ctrica Mibo Abelha Com Luz Led 10 ( patinete)"},"content":{"rendered":"","protected":false},"excerpt":{"rendered":"<p>Motoneta El\u00e9ctrica Mibo Abelha Com Luz Led 10 &#8211;<\/p>\n<p>Patinete Eletrica Mibo Abelha com Luz Led 10<br \/>\nideal para viajar de maneira alternativa, c\u00f4moda, r\u00e1pida e ecol\u00f3gica pela cidade.<\/p>\n<p>Esque\u00e7a-se do trafego e de procurar um lugar para estacionar gra\u00e7as ao seu design compacto.<\/p>\n<p>Especifica\u00e7\u00f5es<\/p>\n<p>Capacidade de carga: at\u00e9 70 Kg<\/p>\n<p>Tempo de carga: 5-6 horas<\/p>\n<p>Velocidade m\u00e1xima: 30 km\/h<\/p>\n<p>velocidade ate 30 km\/h autonomia de 30 km<\/p>\n<p>Freio: Dianteiro a Disco<\/p>\n<p>Luzes LED: Dianteiro e de Freio<\/p>\n<p>Cesta remov\u00edvel<\/p>\n<p>Traz embutido um pratico suporte para o seu smartphone, com porta USB de carga!<br \/>\nPolegadas Pneus 10&#8243;<br \/>\nMarca Mibo<br \/>\nModelo Abelha<br \/>\nEnergia \/ Voltagem AC 100-240 &#8211; 50\/60Hz<br \/>\nCor Vermelho<br \/>\nDimens\u00f5es Embalagem: 115 x 32 x 62 cm<br \/>\nPeso Embalagem: 26.3 kg<br \/>\nBateria 48V 7.8Ah<\/p>\n<p>velocidade ate 30 km\/h autonomia de 30 km<\/p>\n<p>imagens meramente ilustrativas<\/p>\n<p>Aten\u00e7\u00e3o Produto novo enviado somente por transportadora, frete pago pelo comparador<\/p>\n","protected":false},"featured_media":6055,"template":"","meta":[],"product_brand":[],"product_cat":[35],"product_tag":[],"class_list":{"0":"post-3619","1":"product","2":"type-product","3":"status-publish","4":"has-post-thumbnail","6":"product_cat-patinetes","7":"pa_cor-vermelho","9":"first","10":"outofstock","11":"shipping-taxable","12":"purchasable","13":"product-type-variable"},"_links":{"self":[{"href":"https:\/\/personalbiker.com.br\/lojapb\/wp-json\/wp\/v2\/product\/3619","targetHints":{"allow":["GET"]}}],"collection":[{"href":"https:\/\/personalbiker.com.br\/lojapb\/wp-json\/wp\/v2\/product"}],"about":[{"href":"https:\/\/personalbiker.com.br\/lojapb\/wp-json\/wp\/v2\/types\/product"}],"wp:featuredmedia":[{"embeddable":true,"href":"https:\/\/personalbiker.com.br\/lojapb\/wp-json\/wp\/v2\/media\/6055"}],"wp:attachment":[{"href":"https:\/\/personalbiker.com.br\/lojapb\/wp-json\/wp\/v2\/media?parent=3619"}],"wp:term":[{"taxonomy":"product_brand","embeddable":true,"href":"https:\/\/personalbiker.com.br\/lojapb\/wp-json\/wp\/v2\/product_brand?post=3619"},{"taxonomy":"product_cat","embeddable":true,"href":"https:\/\/personalbiker.com.br\/lojapb\/wp-json\/wp\/v2\/product_cat?post=3619"},{"taxonomy":"product_tag","embeddable":true,"href":"https:\/\/personalbiker.com.br\/lojapb\/wp-json\/wp\/v2\/product_tag?post=3619"}],"curies":[{"name":"wp","href":"https:\/\/api.w.org\/{rel}","templated":true}]}}