{"id":359,"date":"2016-04-22T14:25:01","date_gmt":"2016-04-22T14:25:01","guid":{"rendered":"http:\/\/personalbiker.com.br\/lojapb\/?product=5ah-ma5-d"},"modified":"2022-08-15T13:15:24","modified_gmt":"2022-08-15T16:15:24","slug":"5ah-ma5-d","status":"publish","type":"product","link":"https:\/\/personalbiker.com.br\/lojapb\/produto\/5ah-ma5-d\/","title":{"rendered":"BATERIA 5AH MA5-D"},"content":{"rendered":"","protected":false},"excerpt":{"rendered":"<p>Bateria Selada Moura Ma5-Di 5 Ah Compat\u00edvel Com Dafra, Fym, Kasinski Shineray, Sundown, Yamaha<\/p>\n<p>Bateria Fabricada Com Tecnologia De Ponta, Com Alta Resist\u00eancia, Garantindo Maior Durabilidade. A Linha Agm\/Vrla Da Moura Possui V\u00e1lvula Reguladora Com Elementos Blindados Para Impedir Que Fa\u00edscas Penetrem E Consequentemente Evitando Explos\u00f5es.<\/p>\n<p>O Separador Agm (Fibra De Vidro Absorvente) Exerce A Fun\u00e7\u00e3o De Imobilizar A Solu\u00e7\u00e3o \u00c1gua E \u00c1cido, Prevenindo Vazamentos Durante A Vibra\u00e7\u00e3o Do Corpo Da Bateria, Viabilizando Tamb\u00e9m A Instala\u00e7\u00e3o Da Bateria Em Qualquer Posi\u00e7\u00e3o Na Moto.<\/p>\n<p>Conta Com Liga Anticorros\u00e3o Propiciando Maior Durabilidade Da Bateria. Bateria Mais Resistente \u00c0s Temperaturas Extremas, Aos Ciclos De Carga E Descarga E Choques Mec\u00e2nicos. Modelo Livre De Manuten\u00e7\u00f5es.<\/p>\n<p>Polaridade<\/p>\n<p>Positivo Lado Direito<\/p>\n<p>Negativo Lado Esquerdo<\/p>\n<p>Capacidade: 5 Amperes<\/p>\n<p>Dimens\u00f5es Da Bateria<\/p>\n<p>Altura: 105mm<\/p>\n<p>Largura: 113mm<\/p>\n<p>Comprimento: 70mm<\/p>\n<p>Informa\u00e7\u00f5es De C\u00f3digo:<\/p>\n<p>Substitui O C\u00f3digo: Ytz6d Da Yuasa<\/p>\n<p>C\u00f3digo Moura Antigo: Ma6-D<\/p>\n<p>Informa\u00e7\u00f5es De Carga:<\/p>\n<p>Carga De Ativa\u00e7\u00e3o 1 A X 1 H<\/p>\n<p>Carga Padr\u00e3o: 0,5 A X 5 A 10 H<\/p>\n<p>Volume Do \u00c1cido: 0,24 L<\/p>\n<p>Cca (-10\u00ba): 45<\/p>\n<p>Caracter\u00edsticas Complementares:<\/p>\n<p>Parafuso: 5 X 10mm<\/p>\n<p>Porca: 5mm Plana<\/p>\n<p>Peso Da Bateria Sem \u00c1cido: 1,70 Kg<\/p>\n<p>Comp\u00e1tivel Com:<\/p>\n<p>Dafra Super 50 Do Ano 2011 At\u00e9 2015<\/p>\n<p>Dafra Zig 100+ Do Ano De 2012 At\u00e9 2015<\/p>\n<p>Fym Fy-125-20-Sachs Do Ano 2006 At\u00e9 2008<\/p>\n<p>Fym Fy-150-18 Do Ano 2007 At\u00e9 2008<\/p>\n<p>Kasinski Soft 50 Todos Os Anos<\/p>\n<p>Kasinski Win 110 Todos Os Anos<\/p>\n<p>Shineray Phoenix 50 Todos Os Anos<\/p>\n<p>Shineray Super Smarth 50 Todos Os Anos<\/p>\n<p>Sundown Hunter 90 \/ 100 Todos Os Anos<\/p>\n<p>Yamaha Ybr Factor K\/E\/Ed Do Ano 2009 At\u00e9 2015<\/p>\n<p>Imagens Meramente Ilustrativas.<\/p>\n","protected":false},"featured_media":2010,"template":"","meta":[],"product_brand":[],"product_cat":[36],"product_tag":[],"class_list":{"0":"post-359","1":"product","2":"type-product","3":"status-publish","4":"has-post-thumbnail","6":"product_cat-baterias","8":"first","9":"instock","10":"purchasable","11":"product-type-simple"},"_links":{"self":[{"href":"https:\/\/personalbiker.com.br\/lojapb\/wp-json\/wp\/v2\/product\/359","targetHints":{"allow":["GET"]}}],"collection":[{"href":"https:\/\/personalbiker.com.br\/lojapb\/wp-json\/wp\/v2\/product"}],"about":[{"href":"https:\/\/personalbiker.com.br\/lojapb\/wp-json\/wp\/v2\/types\/product"}],"wp:featuredmedia":[{"embeddable":true,"href":"https:\/\/personalbiker.com.br\/lojapb\/wp-json\/wp\/v2\/media\/2010"}],"wp:attachment":[{"href":"https:\/\/personalbiker.com.br\/lojapb\/wp-json\/wp\/v2\/media?parent=359"}],"wp:term":[{"taxonomy":"product_brand","embeddable":true,"href":"https:\/\/personalbiker.com.br\/lojapb\/wp-json\/wp\/v2\/product_brand?post=359"},{"taxonomy":"product_cat","embeddable":true,"href":"https:\/\/personalbiker.com.br\/lojapb\/wp-json\/wp\/v2\/product_cat?post=359"},{"taxonomy":"product_tag","embeddable":true,"href":"https:\/\/personalbiker.com.br\/lojapb\/wp-json\/wp\/v2\/product_tag?post=359"}],"curies":[{"name":"wp","href":"https:\/\/api.w.org\/{rel}","templated":true}]}}