{"id":3520,"date":"2019-03-29T10:19:45","date_gmt":"2019-03-29T13:19:45","guid":{"rendered":"http:\/\/personalbiker.com.br\/lojapb\/?post_type=product&#038;p=3520"},"modified":"2020-08-07T13:20:02","modified_gmt":"2020-08-07T16:20:02","slug":"bicicleta-aro-26-mtb-18-marchas-feminina-south","status":"publish","type":"product","link":"https:\/\/personalbiker.com.br\/lojapb\/produto\/bicicleta-aro-26-mtb-18-marchas-feminina-south\/","title":{"rendered":"Bicicleta aro 26 MTB 18 marchas Feminina South"},"content":{"rendered":"","protected":false},"excerpt":{"rendered":"<div class=\"product-short-description\">\n<p>Aro 26 MTB 18 Marchas Feminina South Bike \u00e9 ideal para atividades e passeios ao ar livre. O quadro, garfo e guid\u00e3o em A\u00e7o Carbono \u00e9 a garantia de muita resist\u00eancia e leveza garantindo sua seguran\u00e7a.<\/p>\n<p>Caracter\u00edsticas:<br \/>\nMarca: South<br \/>\nModelo: Love Girl<\/p>\n<div class=\"_1mjbb0i\"><\/div>\n<p>GARANTIA DO FORNECEDOR<\/p>\n<p>3 Meses Contra Defeitos De Fabrica\u00e7\u00e3o<br \/>\nTIPO Urbana<br \/>\nGUID\u00c3O MTB Alto<br \/>\nG\u00caNERO Feminino<br \/>\nMARCHAS 18<br \/>\nGARFO\/SUSPENS\u00c3O DIANTEIRA A\u00e7o Carbono<br \/>\nCUBO DIANTEIRO A\u00e7o<br \/>\nCUBO TRASEIRO A\u00e7o<br \/>\nPNEUS MTB Com Cravos<br \/>\nC\u00c2MBIO TRASEIRO 6V<br \/>\nC\u00c2MBIO DIANTEIRO 03 Velocidades<br \/>\nCORRENTE 6V<br \/>\nPEDIVELA Triplo De A\u00e7o<br \/>\nCASSETE\/RODA LIVRE 6 Velocidades<br \/>\nPEDAL Nylon<br \/>\nCANOTE DO SELIM A\u00e7o<br \/>\nMESA\/SUPORTE DO GUID\u00c3O MTB<br \/>\nALAVANCA DO FREIO Nylon<br \/>\nFREIO DIANTEIRO V-Brake<br \/>\nFREIO TRASEIRO V-Brake<br \/>\nMANOPLA Borracha<br \/>\nSELIM MTB<\/p>\n<p>FAIXA ET\u00c1RIA Infantil<br \/>\nQUADRO A\u00e7o Carbono<br \/>\nARO 26<br \/>\nOCASI\u00c3O DE USO Lazer \/ Mobilidade<br \/>\nIMAGENS MERAMENTE ILUSTRATIVAS<\/p>\n<p>&nbsp;<\/p>\n<p>ATEN\u00c7\u00c3O :PRODUTO SOMENTE ENVIADO PELA TRANSPORTADORA E FRETE PAGO PELO COMPRADOR<\/p>\n<\/div>\n<p>&nbsp;<\/p>\n","protected":false},"featured_media":3516,"template":"","meta":[],"product_brand":[],"product_cat":[319],"product_tag":[],"class_list":{"0":"post-3520","1":"product","2":"type-product","3":"status-publish","4":"has-post-thumbnail","6":"product_cat-bicicletas-em-geral","7":"pa_cor-rosa-pink","9":"first","10":"outofstock","11":"shipping-taxable","12":"purchasable","13":"product-type-variable"},"_links":{"self":[{"href":"https:\/\/personalbiker.com.br\/lojapb\/wp-json\/wp\/v2\/product\/3520","targetHints":{"allow":["GET"]}}],"collection":[{"href":"https:\/\/personalbiker.com.br\/lojapb\/wp-json\/wp\/v2\/product"}],"about":[{"href":"https:\/\/personalbiker.com.br\/lojapb\/wp-json\/wp\/v2\/types\/product"}],"wp:featuredmedia":[{"embeddable":true,"href":"https:\/\/personalbiker.com.br\/lojapb\/wp-json\/wp\/v2\/media\/3516"}],"wp:attachment":[{"href":"https:\/\/personalbiker.com.br\/lojapb\/wp-json\/wp\/v2\/media?parent=3520"}],"wp:term":[{"taxonomy":"product_brand","embeddable":true,"href":"https:\/\/personalbiker.com.br\/lojapb\/wp-json\/wp\/v2\/product_brand?post=3520"},{"taxonomy":"product_cat","embeddable":true,"href":"https:\/\/personalbiker.com.br\/lojapb\/wp-json\/wp\/v2\/product_cat?post=3520"},{"taxonomy":"product_tag","embeddable":true,"href":"https:\/\/personalbiker.com.br\/lojapb\/wp-json\/wp\/v2\/product_tag?post=3520"}],"curies":[{"name":"wp","href":"https:\/\/api.w.org\/{rel}","templated":true}]}}