{"id":345,"date":"2015-12-15T16:02:45","date_gmt":"2015-12-15T16:02:45","guid":{"rendered":"http:\/\/personalbiker.com.br\/lojapb\/?product=luva-x11-blackout-fem-verao"},"modified":"2022-08-22T13:24:27","modified_gmt":"2022-08-22T16:24:27","slug":"luva-x11-blackout-fem-verao","status":"publish","type":"product","link":"https:\/\/personalbiker.com.br\/lojapb\/produto\/luva-x11-blackout-fem-verao\/","title":{"rendered":"Luva X11 Blackout Fem. Ver\u00e3o c\/ Prot 1\/2 dedo"},"content":{"rendered":"","protected":false},"excerpt":{"rendered":"<ul>\n<li>Tecido poli\u00e9ster;<\/li>\n<li>Refor\u00e7o entre os dedos;<\/li>\n<li>Al\u00e7as para retirada da luva;<\/li>\n<li>Refor\u00e7o em borracha nos punhos;<\/li>\n<li>Prote\u00e7\u00e3o em borracha nas palmas;<\/li>\n<li>Prote\u00e7\u00e3o em polipropileno injetado.<\/li>\n<li>Luva X11 Blackout Feminina Meio DedoPara uso di\u00e1rio e preferencialmente em dias quentes, uma luva leve, com materiais resistentes \u00e0 abras\u00e3o e protetor r\u00edgido, a Blackout \u00bd dedo vai atender na performance e no custo-benef\u00edcio.As Luvas X11 s\u00e3o desenvolvidas para o uso di\u00e1rio em diversos climas e motos.A Luvas X11 Blackout tem o diferencial na utiliza\u00e7\u00e3o de materiais de alta qualidade e componentes que garantem seguran\u00e7a e conforto com detalhes de que aliam tecnologia e praticidade.<\/li>\n<li>IMAGENS MERAMENTE ILUSTRATIVAS<\/li>\n<\/ul>\n","protected":false},"featured_media":3126,"template":"","meta":[],"product_brand":[],"product_cat":[17],"product_tag":[],"class_list":{"0":"post-345","1":"product","2":"type-product","3":"status-publish","4":"has-post-thumbnail","6":"product_cat-luvas","7":"pa_cor-preto","8":"pa_tamanho-g","9":"pa_tamanho-gg","10":"pa_tamanho-m","11":"pa_tamanho-p","13":"first","14":"instock","15":"purchasable","16":"product-type-variable"},"_links":{"self":[{"href":"https:\/\/personalbiker.com.br\/lojapb\/wp-json\/wp\/v2\/product\/345","targetHints":{"allow":["GET"]}}],"collection":[{"href":"https:\/\/personalbiker.com.br\/lojapb\/wp-json\/wp\/v2\/product"}],"about":[{"href":"https:\/\/personalbiker.com.br\/lojapb\/wp-json\/wp\/v2\/types\/product"}],"wp:featuredmedia":[{"embeddable":true,"href":"https:\/\/personalbiker.com.br\/lojapb\/wp-json\/wp\/v2\/media\/3126"}],"wp:attachment":[{"href":"https:\/\/personalbiker.com.br\/lojapb\/wp-json\/wp\/v2\/media?parent=345"}],"wp:term":[{"taxonomy":"product_brand","embeddable":true,"href":"https:\/\/personalbiker.com.br\/lojapb\/wp-json\/wp\/v2\/product_brand?post=345"},{"taxonomy":"product_cat","embeddable":true,"href":"https:\/\/personalbiker.com.br\/lojapb\/wp-json\/wp\/v2\/product_cat?post=345"},{"taxonomy":"product_tag","embeddable":true,"href":"https:\/\/personalbiker.com.br\/lojapb\/wp-json\/wp\/v2\/product_tag?post=345"}],"curies":[{"name":"wp","href":"https:\/\/api.w.org\/{rel}","templated":true}]}}