{"id":343,"date":"2015-11-26T14:02:12","date_gmt":"2015-11-26T14:02:12","guid":{"rendered":"http:\/\/personalbiker.com.br\/lojapb\/?product=patinete-twodogs-1000w"},"modified":"2019-03-21T12:54:06","modified_gmt":"2019-03-21T15:54:06","slug":"patinete-twodogs-1000w","status":"publish","type":"product","link":"https:\/\/personalbiker.com.br\/lojapb\/produto\/patinete-twodogs-1000w\/","title":{"rendered":"Patinete TwoDogs 1000W"},"content":{"rendered":"<p><span style=\"color: #6e6e6e;font-family: cabinregular, Verdana, Helvetica, Arial, sans-serif;font-size: 16px;font-style: normal;font-variant: normal;font-weight: normal;letter-spacing: normal;line-height: 26px;text-align: left;text-indent: 0px;float: none;background-color: #ffffff\">Motor: 1000W<\/span><br style=\"color: #6e6e6e;font-family: cabinregular, Verdana, Helvetica, Arial, sans-serif;font-size: 16px;font-style: normal;font-variant: normal;font-weight: normal;letter-spacing: normal;line-height: 26px;text-align: left;text-indent: 0px;background-color: #ffffff\" \/><span style=\"color: #6e6e6e;font-family: cabinregular, Verdana, Helvetica, Arial, sans-serif;font-size: 16px;font-style: normal;font-variant: normal;font-weight: normal;letter-spacing: normal;line-height: 26px;text-align: left;text-indent: 0px;float: none;background-color: #ffffff\">Bateria: 3 unidades de 12V\/12Ah de chumbo \u00e1cido<\/span><br style=\"color: #6e6e6e;font-family: cabinregular, Verdana, Helvetica, Arial, sans-serif;font-size: 16px;font-style: normal;font-variant: normal;font-weight: normal;letter-spacing: normal;line-height: 26px;text-align: left;text-indent: 0px;background-color: #ffffff\" \/><span style=\"color: #6e6e6e;font-family: cabinregular, Verdana, Helvetica, Arial, sans-serif;font-size: 16px;font-style: normal;font-variant: normal;font-weight: normal;letter-spacing: normal;line-height: 26px;text-align: left;text-indent: 0px;float: none;background-color: #ffffff\">Chassi: Dobr\u00e1vel em a\u00e7o carbono<\/span><br style=\"color: #6e6e6e;font-family: cabinregular, Verdana, Helvetica, Arial, sans-serif;font-size: 16px;font-style: normal;font-variant: normal;font-weight: normal;letter-spacing: normal;line-height: 26px;text-align: left;text-indent: 0px;background-color: #ffffff\" \/><span style=\"color: #6e6e6e;font-family: cabinregular, Verdana, Helvetica, Arial, sans-serif;font-size: 16px;font-style: normal;font-variant: normal;font-weight: normal;letter-spacing: normal;line-height: 26px;text-align: left;text-indent: 0px;float: none;background-color: #ffffff\">Rodas: 4\u201d de alum\u00ednio<\/span><br style=\"color: #6e6e6e;font-family: cabinregular, Verdana, Helvetica, Arial, sans-serif;font-size: 16px;font-style: normal;font-variant: normal;font-weight: normal;letter-spacing: normal;line-height: 26px;text-align: left;text-indent: 0px;background-color: #ffffff\" \/><span style=\"color: #6e6e6e;font-family: cabinregular, Verdana, Helvetica, Arial, sans-serif;font-size: 16px;font-style: normal;font-variant: normal;font-weight: normal;letter-spacing: normal;line-height: 26px;text-align: left;text-indent: 0px;float: none;background-color: #ffffff\">Pneus: CST para todo tipo de terreno<\/span><br style=\"color: #6e6e6e;font-family: cabinregular, Verdana, Helvetica, Arial, sans-serif;font-size: 16px;font-style: normal;font-variant: normal;font-weight: normal;letter-spacing: normal;line-height: 26px;text-align: left;text-indent: 0px;background-color: #ffffff\" \/><span style=\"color: #6e6e6e;font-family: cabinregular, Verdana, Helvetica, Arial, sans-serif;font-size: 16px;font-style: normal;font-variant: normal;font-weight: normal;letter-spacing: normal;line-height: 26px;text-align: left;text-indent: 0px;float: none;background-color: #ffffff\">Freios: A disco e ventilados<\/span><br style=\"color: #6e6e6e;font-family: cabinregular, Verdana, Helvetica, Arial, sans-serif;font-size: 16px;font-style: normal;font-variant: normal;font-weight: normal;letter-spacing: normal;line-height: 26px;text-align: left;text-indent: 0px;background-color: #ffffff\" \/><span style=\"color: #6e6e6e;font-family: cabinregular, Verdana, Helvetica, Arial, sans-serif;font-size: 16px;font-style: normal;font-variant: normal;font-weight: normal;letter-spacing: normal;line-height: 26px;text-align: left;text-indent: 0px;float: none;background-color: #ffffff\">Suspens\u00e3o: Dianteira de molas com sistema de rolamento e traseira de amortecedores com molas<\/span><br style=\"color: #6e6e6e;font-family: cabinregular, Verdana, Helvetica, Arial, sans-serif;font-size: 16px;font-style: normal;font-variant: normal;font-weight: normal;letter-spacing: normal;line-height: 26px;text-align: left;text-indent: 0px;background-color: #ffffff\" \/><span style=\"color: #6e6e6e;font-family: cabinregular, Verdana, Helvetica, Arial, sans-serif;font-size: 16px;font-style: normal;font-variant: normal;font-weight: normal;letter-spacing: normal;line-height: 26px;text-align: left;text-indent: 0px;float: none;background-color: #ffffff\">Chave de igni\u00e7\u00e3o: 2 chaves codificadas<\/span><br style=\"color: #6e6e6e;font-family: cabinregular, Verdana, Helvetica, Arial, sans-serif;font-size: 16px;font-style: normal;font-variant: normal;font-weight: normal;letter-spacing: normal;line-height: 26px;text-align: left;text-indent: 0px;background-color: #ffffff\" \/><span style=\"color: #6e6e6e;font-family: cabinregular, Verdana, Helvetica, Arial, sans-serif;font-size: 16px;font-style: normal;font-variant: normal;font-weight: normal;letter-spacing: normal;line-height: 26px;text-align: left;text-indent: 0px;float: none;background-color: #ffffff\">Autonomia: At\u00e9 2 horas<\/span><br style=\"color: #6e6e6e;font-family: cabinregular, Verdana, Helvetica, Arial, sans-serif;font-size: 16px;font-style: normal;font-variant: normal;font-weight: normal;letter-spacing: normal;line-height: 26px;text-align: left;text-indent: 0px;background-color: #ffffff\" \/><span style=\"color: #6e6e6e;font-family: cabinregular, Verdana, Helvetica, Arial, sans-serif;font-size: 16px;font-style: normal;font-variant: normal;font-weight: normal;letter-spacing: normal;line-height: 26px;text-align: left;text-indent: 0px;float: none;background-color: #ffffff\">Velocidade m\u00e1xima:\u00a0\u00a0 \u00a0At\u00e9 40km\/h<\/span><br style=\"color: #6e6e6e;font-family: cabinregular, Verdana, Helvetica, Arial, sans-serif;font-size: 16px;font-style: normal;font-variant: normal;font-weight: normal;letter-spacing: normal;line-height: 26px;text-align: left;text-indent: 0px;background-color: #ffffff\" \/><span style=\"color: #6e6e6e;font-family: cabinregular, Verdana, Helvetica, Arial, sans-serif;font-size: 16px;font-style: normal;font-variant: normal;font-weight: normal;letter-spacing: normal;line-height: 26px;text-align: left;text-indent: 0px;float: none;background-color: #ffffff\">Carregador: Bivolt<\/span><br style=\"color: #6e6e6e;font-family: cabinregular, Verdana, Helvetica, Arial, sans-serif;font-size: 16px;font-style: normal;font-variant: normal;font-weight: normal;letter-spacing: normal;line-height: 26px;text-align: left;text-indent: 0px;background-color: #ffffff\" \/><span style=\"color: #6e6e6e;font-family: cabinregular, Verdana, Helvetica, Arial, sans-serif;font-size: 16px;font-style: normal;font-variant: normal;font-weight: normal;letter-spacing: normal;line-height: 26px;text-align: left;text-indent: 0px;float: none;background-color: #ffffff\">Tempo de recarga:\u00a0\u00a0 \u00a06 a 8 horas para recarga total<\/span><br style=\"color: #6e6e6e;font-family: cabinregular, Verdana, Helvetica, Arial, sans-serif;font-size: 16px;font-style: normal;font-variant: normal;font-weight: normal;letter-spacing: normal;line-height: 26px;text-align: left;text-indent: 0px;background-color: #ffffff\" \/><span style=\"color: #6e6e6e;font-family: cabinregular, Verdana, Helvetica, Arial, sans-serif;font-size: 16px;font-style: normal;font-variant: normal;font-weight: normal;letter-spacing: normal;line-height: 26px;text-align: left;text-indent: 0px;float: none;background-color: #ffffff\">Pot\u00eancia:\u00a0\u00a0 \u00a01.4 CV<\/span><br style=\"color: #6e6e6e;font-family: cabinregular, Verdana, Helvetica, Arial, sans-serif;font-size: 16px;font-style: normal;font-variant: normal;font-weight: normal;letter-spacing: normal;line-height: 26px;text-align: left;text-indent: 0px;background-color: #ffffff\" \/><span style=\"color: #6e6e6e;font-family: cabinregular, Verdana, Helvetica, Arial, sans-serif;font-size: 16px;font-style: normal;font-variant: normal;font-weight: normal;letter-spacing: normal;line-height: 26px;text-align: left;text-indent: 0px;float: none;background-color: #ffffff\">Acelera\u00e7\u00e3o: Progressiva com punho de acelera\u00e7\u00e3o<\/span><br style=\"color: #6e6e6e;font-family: cabinregular, Verdana, Helvetica, Arial, sans-serif;font-size: 16px;font-style: normal;font-variant: normal;font-weight: normal;letter-spacing: normal;line-height: 26px;text-align: left;text-indent: 0px;background-color: #ffffff\" \/><span style=\"color: #6e6e6e;font-family: cabinregular, Verdana, Helvetica, Arial, sans-serif;font-size: 16px;font-style: normal;font-variant: normal;font-weight: normal;letter-spacing: normal;line-height: 26px;text-align: left;text-indent: 0px;float: none;background-color: #ffffff\">Transmiss\u00e3o: Coroa, Corrente e Pinh\u00e3o<\/span><br style=\"color: #6e6e6e;font-family: cabinregular, Verdana, Helvetica, Arial, sans-serif;font-size: 16px;font-style: normal;font-variant: normal;font-weight: normal;letter-spacing: normal;line-height: 26px;text-align: left;text-indent: 0px;background-color: #ffffff\" \/><span style=\"color: #6e6e6e;font-family: cabinregular, Verdana, Helvetica, Arial, sans-serif;font-size: 16px;font-style: normal;font-variant: normal;font-weight: normal;letter-spacing: normal;line-height: 26px;text-align: left;text-indent: 0px;float: none;background-color: #ffffff\">Capacidade de carga: 110kg<\/span><br style=\"color: #6e6e6e;font-family: cabinregular, Verdana, Helvetica, Arial, sans-serif;font-size: 16px;font-style: normal;font-variant: normal;font-weight: normal;letter-spacing: normal;line-height: 26px;text-align: left;text-indent: 0px;background-color: #ffffff\" \/><span style=\"color: #6e6e6e;font-family: cabinregular, Verdana, Helvetica, Arial, sans-serif;font-size: 16px;font-style: normal;font-variant: normal;font-weight: normal;letter-spacing: normal;line-height: 26px;text-align: left;text-indent: 0px;float: none;background-color: #ffffff\">Banco: Selim almofadado com regulagem de altura e \u00e2ngulo, remov\u00edvel<\/span><br style=\"color: #6e6e6e;font-family: cabinregular, Verdana, Helvetica, Arial, sans-serif;font-size: 16px;font-style: normal;font-variant: normal;font-weight: normal;letter-spacing: normal;line-height: 26px;text-align: left;text-indent: 0px;background-color: #ffffff\" \/><span style=\"color: #6e6e6e;font-family: cabinregular, Verdana, Helvetica, Arial, sans-serif;font-size: 16px;font-style: normal;font-variant: normal;font-weight: normal;letter-spacing: normal;line-height: 26px;text-align: left;text-indent: 0px;float: none;background-color: #ffffff\">Deck: Polietileno com lixa antiderrapante<\/span><br style=\"color: #6e6e6e;font-family: cabinregular, Verdana, Helvetica, Arial, sans-serif;font-size: 16px;font-style: normal;font-variant: normal;font-weight: normal;letter-spacing: normal;line-height: 26px;text-align: left;text-indent: 0px;background-color: #ffffff\" \/><span style=\"color: #6e6e6e;font-family: cabinregular, Verdana, Helvetica, Arial, sans-serif;font-size: 16px;font-style: normal;font-variant: normal;font-weight: normal;letter-spacing: normal;line-height: 26px;text-align: left;text-indent: 0px;float: none;background-color: #ffffff\">Ilumina\u00e7\u00e3o Luzes de led frontal e traseira com luz de freio<\/span><br style=\"color: #6e6e6e;font-family: cabinregular, Verdana, Helvetica, Arial, sans-serif;font-size: 16px;font-style: normal;font-variant: normal;font-weight: normal;letter-spacing: normal;line-height: 26px;text-align: left;text-indent: 0px;background-color: #ffffff\" \/><span style=\"color: #6e6e6e;font-family: cabinregular, Verdana, Helvetica, Arial, sans-serif;font-size: 16px;font-style: normal;font-variant: normal;font-weight: normal;letter-spacing: normal;line-height: 26px;text-align: left;text-indent: 0px;float: none;background-color: #ffffff\">Indicador de n\u00edvel de bateria:\u00a0\u00a0 \u00a03 n\u00edveis<\/span><br style=\"color: #6e6e6e;font-family: cabinregular, Verdana, Helvetica, Arial, sans-serif;font-size: 16px;font-style: normal;font-variant: normal;font-weight: normal;letter-spacing: normal;line-height: 26px;text-align: left;text-indent: 0px;background-color: #ffffff\" \/><span style=\"color: #6e6e6e;font-family: cabinregular, Verdana, Helvetica, Arial, sans-serif;font-size: 16px;font-style: normal;font-variant: normal;font-weight: normal;letter-spacing: normal;line-height: 26px;text-align: left;text-indent: 0px;float: none;background-color: #ffffff\">Sistema redutor de velocidade: Limita a velocidade m\u00e1x. para 20km\/h<\/span><br style=\"color: #6e6e6e;font-family: cabinregular, Verdana, Helvetica, Arial, sans-serif;font-size: 16px;font-style: normal;font-variant: normal;font-weight: normal;letter-spacing: normal;line-height: 26px;text-align: left;text-indent: 0px;background-color: #ffffff\" \/><span style=\"color: #6e6e6e;font-family: cabinregular, Verdana, Helvetica, Arial, sans-serif;font-size: 16px;font-style: normal;font-variant: normal;font-weight: normal;letter-spacing: normal;line-height: 26px;text-align: left;text-indent: 0px;float: none;background-color: #ffffff\">Computador de bordo: 7 fun\u00e7\u00f5es<\/span><br style=\"color: #6e6e6e;font-family: cabinregular, Verdana, Helvetica, Arial, sans-serif;font-size: 16px;font-style: normal;font-variant: normal;font-weight: normal;letter-spacing: normal;line-height: 26px;text-align: left;text-indent: 0px;background-color: #ffffff\" \/><span style=\"color: #6e6e6e;font-family: cabinregular, Verdana, Helvetica, Arial, sans-serif;font-size: 16px;font-style: normal;font-variant: normal;font-weight: normal;letter-spacing: normal;line-height: 26px;text-align: left;text-indent: 0px;float: none;background-color: #ffffff\">Peso: 40kg<\/span><br style=\"color: #6e6e6e;font-family: cabinregular, Verdana, Helvetica, Arial, sans-serif;font-size: 16px;font-style: normal;font-variant: normal;font-weight: normal;letter-spacing: normal;line-height: 26px;text-align: left;text-indent: 0px;background-color: #ffffff\" \/><span style=\"color: #6e6e6e;font-family: cabinregular, Verdana, Helvetica, Arial, sans-serif;font-size: 16px;font-style: normal;font-variant: normal;font-weight: normal;letter-spacing: normal;line-height: 26px;text-align: left;text-indent: 0px;float: none;background-color: #ffffff\">Espelhos retrovisores: Sim<\/span><br style=\"color: #6e6e6e;font-family: cabinregular, Verdana, Helvetica, Arial, sans-serif;font-size: 16px;font-style: normal;font-variant: normal;font-weight: normal;letter-spacing: normal;line-height: 26px;text-align: left;text-indent: 0px;background-color: #ffffff\" \/><span style=\"color: #6e6e6e;font-family: cabinregular, Verdana, Helvetica, Arial, sans-serif;font-size: 16px;font-style: normal;font-variant: normal;font-weight: normal;letter-spacing: normal;line-height: 26px;text-align: left;text-indent: 0px;float: none;background-color: #ffffff\">Furo para encaixe de squezee: Sim<\/span><br style=\"color: #6e6e6e;font-family: cabinregular, Verdana, Helvetica, Arial, sans-serif;font-size: 16px;font-style: normal;font-variant: normal;font-weight: normal;letter-spacing: normal;line-height: 26px;text-align: left;text-indent: 0px;background-color: #ffffff\" \/><span style=\"color: #6e6e6e;font-family: cabinregular, Verdana, Helvetica, Arial, sans-serif;font-size: 16px;font-style: normal;font-variant: normal;font-weight: normal;letter-spacing: normal;line-height: 26px;text-align: left;text-indent: 0px;float: none;background-color: #ffffff\">Buzina: Sim<\/span><\/p>\n","protected":false},"excerpt":{"rendered":"<p>Motor: 1000WBateria: 3 unidades de 12V\/12Ah de chumbo \u00e1cidoChassi: Dobr\u00e1vel em a\u00e7o carbonoRodas: 4\u201d de alum\u00ednioPneus: CST para todo tipo de terrenoFreios: A disco e ventiladosSuspens\u00e3o: Dianteira de molas com sistema de rolamento e traseira de amortecedores com molasChave de igni\u00e7\u00e3o: 2 chaves codificadasAutonomia: At\u00e9 2 horasVelocidade m\u00e1xima:\u00a0\u00a0 \u00a0At\u00e9 40km\/hCarregador: BivoltTempo de recarga:\u00a0\u00a0 \u00a06 a [&#8230;]\n","protected":false},"featured_media":342,"template":"","meta":[],"product_brand":[],"product_cat":[35],"product_tag":[],"class_list":{"0":"post-343","1":"product","2":"type-product","3":"status-publish","4":"has-post-thumbnail","6":"product_cat-patinetes","8":"first","9":"outofstock","10":"purchasable","11":"product-type-simple"},"_links":{"self":[{"href":"https:\/\/personalbiker.com.br\/lojapb\/wp-json\/wp\/v2\/product\/343","targetHints":{"allow":["GET"]}}],"collection":[{"href":"https:\/\/personalbiker.com.br\/lojapb\/wp-json\/wp\/v2\/product"}],"about":[{"href":"https:\/\/personalbiker.com.br\/lojapb\/wp-json\/wp\/v2\/types\/product"}],"wp:featuredmedia":[{"embeddable":true,"href":"https:\/\/personalbiker.com.br\/lojapb\/wp-json\/wp\/v2\/media\/342"}],"wp:attachment":[{"href":"https:\/\/personalbiker.com.br\/lojapb\/wp-json\/wp\/v2\/media?parent=343"}],"wp:term":[{"taxonomy":"product_brand","embeddable":true,"href":"https:\/\/personalbiker.com.br\/lojapb\/wp-json\/wp\/v2\/product_brand?post=343"},{"taxonomy":"product_cat","embeddable":true,"href":"https:\/\/personalbiker.com.br\/lojapb\/wp-json\/wp\/v2\/product_cat?post=343"},{"taxonomy":"product_tag","embeddable":true,"href":"https:\/\/personalbiker.com.br\/lojapb\/wp-json\/wp\/v2\/product_tag?post=343"}],"curies":[{"name":"wp","href":"https:\/\/api.w.org\/{rel}","templated":true}]}}