{"id":3427,"date":"2019-03-20T14:13:30","date_gmt":"2019-03-20T17:13:30","guid":{"rendered":"http:\/\/personalbiker.com.br\/lojapb\/?post_type=product&#038;p=3427"},"modified":"2022-08-12T14:05:30","modified_gmt":"2022-08-12T17:05:30","slug":"viseira-shiro-sh881","status":"publish","type":"product","link":"https:\/\/personalbiker.com.br\/lojapb\/produto\/viseira-shiro-sh881\/","title":{"rendered":"Viseira Shiro  CRISTAL SH881"},"content":{"rendered":"<p>Espec\u00edfica para Capacete SHIRO SH 881<br \/>\n\u2022 Antirrisco.<br \/>\n\u2022 Com filtro UV.<br \/>\n\u2022 Dupla curvatura.<br \/>\n\u2022 Espessura de 2mm.<br \/>\n\u2022 Sistema de troca r\u00e1pida para a substitui\u00e7\u00e3o da viseira, sem a utiliza\u00e7\u00e3o de ferramentas.<br \/>\n\u2022 Viseira Injetada em Policarbonato.<br \/>\n\u2022 Excelente Acabamento.<br \/>\n\u2022 Tamanho \u00danico.<\/p>\n<p>&nbsp;<\/p>\n<p>imagens meramente ilustrativas<\/p>\n","protected":false},"excerpt":{"rendered":"<p>Espec\u00edfica para Capacete SHIRO SH 881<br \/>\n\u2022 Antirrisco.<br \/>\n\u2022 Com filtro UV.<br \/>\n\u2022 Dupla curvatura.<br \/>\n\u2022 Espessura de 2mm.<br \/>\n\u2022 Sistema de troca r\u00e1pida para a substitui\u00e7\u00e3o da viseira, sem a utiliza\u00e7\u00e3o de ferramentas.<br \/>\n\u2022 Viseira Injetada em Policarbonato.<br \/>\n\u2022 Excelente Acabamento.<br \/>\n\u2022 Tamanho \u00danico.<\/p>\n<p>&nbsp;<\/p>\n<p>imagens meramente ilustrativas<\/p>\n","protected":false},"featured_media":3435,"template":"","meta":[],"product_brand":[],"product_cat":[307],"product_tag":[],"class_list":{"0":"post-3427","1":"product","2":"type-product","3":"status-publish","4":"has-post-thumbnail","6":"product_cat-viseiras","7":"pa_cor-cristal","9":"first","10":"instock","11":"shipping-taxable","12":"purchasable","13":"product-type-simple"},"_links":{"self":[{"href":"https:\/\/personalbiker.com.br\/lojapb\/wp-json\/wp\/v2\/product\/3427","targetHints":{"allow":["GET"]}}],"collection":[{"href":"https:\/\/personalbiker.com.br\/lojapb\/wp-json\/wp\/v2\/product"}],"about":[{"href":"https:\/\/personalbiker.com.br\/lojapb\/wp-json\/wp\/v2\/types\/product"}],"wp:featuredmedia":[{"embeddable":true,"href":"https:\/\/personalbiker.com.br\/lojapb\/wp-json\/wp\/v2\/media\/3435"}],"wp:attachment":[{"href":"https:\/\/personalbiker.com.br\/lojapb\/wp-json\/wp\/v2\/media?parent=3427"}],"wp:term":[{"taxonomy":"product_brand","embeddable":true,"href":"https:\/\/personalbiker.com.br\/lojapb\/wp-json\/wp\/v2\/product_brand?post=3427"},{"taxonomy":"product_cat","embeddable":true,"href":"https:\/\/personalbiker.com.br\/lojapb\/wp-json\/wp\/v2\/product_cat?post=3427"},{"taxonomy":"product_tag","embeddable":true,"href":"https:\/\/personalbiker.com.br\/lojapb\/wp-json\/wp\/v2\/product_tag?post=3427"}],"curies":[{"name":"wp","href":"https:\/\/api.w.org\/{rel}","templated":true}]}}