{"id":3393,"date":"2019-03-19T17:07:09","date_gmt":"2019-03-19T20:07:09","guid":{"rendered":"http:\/\/personalbiker.com.br\/lojapb\/?post_type=product&#038;p=3393"},"modified":"2024-05-07T11:40:07","modified_gmt":"2024-05-07T14:40:07","slug":"adesivo-refletivo-bau","status":"publish","type":"product","link":"https:\/\/personalbiker.com.br\/lojapb\/produto\/adesivo-refletivo-bau\/","title":{"rendered":"Adesivo Refletivo Bau"},"content":{"rendered":"","protected":false},"excerpt":{"rendered":"<div class=\"woocommerce-product-details__short-description\">\n<p><strong>Tamanhos:<\/strong><\/p>\n<p>50mm alt. x 30cm larg.<\/p>\n<p>Lado Direito\/Esquerdo<\/p>\n<\/div>\n<div class=\"product_meta\"><\/div>\n<div>\n<p>A Faixa Refletiva 3M para lateral e traseira de Caminh\u00f5es e \u00d4nibus possui tecnologia prism\u00e1tica que possibilita uma \u00f3tima visibilidade em todos os \u00e2ngulos. Conhe\u00e7a os diferencias das Faixas Refletivas 3M para lateral e traseira de Caminh\u00f5es e \u00d4nibus.<\/p>\n<ul class=\"ui-tabs-nav ui-helper-reset ui-helper-clearfix ui-widget-header ui-corner-all\">\n<li>Maior durabilidade;<\/li>\n<li>Linhas que garantem \u00f3tima visibilidade a uma dist\u00e2ncia segura em todos os \u00e2ngulos;<\/li>\n<li>F\u00e1ceis de aplicar, produto auto-adesivo;<\/li>\n<li>Pel\u00edcula prism\u00e1tica de alta performance;<\/li>\n<li>imagens meramente ilustrativas<\/li>\n<\/ul>\n<\/div>\n","protected":false},"featured_media":3395,"template":"","meta":[],"product_brand":[],"product_cat":[177],"product_tag":[],"class_list":{"0":"post-3393","1":"product","2":"type-product","3":"status-publish","4":"has-post-thumbnail","6":"product_cat-acessorios-p-baus","8":"first","9":"instock","10":"shipping-taxable","11":"purchasable","12":"product-type-simple"},"_links":{"self":[{"href":"https:\/\/personalbiker.com.br\/lojapb\/wp-json\/wp\/v2\/product\/3393","targetHints":{"allow":["GET"]}}],"collection":[{"href":"https:\/\/personalbiker.com.br\/lojapb\/wp-json\/wp\/v2\/product"}],"about":[{"href":"https:\/\/personalbiker.com.br\/lojapb\/wp-json\/wp\/v2\/types\/product"}],"wp:featuredmedia":[{"embeddable":true,"href":"https:\/\/personalbiker.com.br\/lojapb\/wp-json\/wp\/v2\/media\/3395"}],"wp:attachment":[{"href":"https:\/\/personalbiker.com.br\/lojapb\/wp-json\/wp\/v2\/media?parent=3393"}],"wp:term":[{"taxonomy":"product_brand","embeddable":true,"href":"https:\/\/personalbiker.com.br\/lojapb\/wp-json\/wp\/v2\/product_brand?post=3393"},{"taxonomy":"product_cat","embeddable":true,"href":"https:\/\/personalbiker.com.br\/lojapb\/wp-json\/wp\/v2\/product_cat?post=3393"},{"taxonomy":"product_tag","embeddable":true,"href":"https:\/\/personalbiker.com.br\/lojapb\/wp-json\/wp\/v2\/product_tag?post=3393"}],"curies":[{"name":"wp","href":"https:\/\/api.w.org\/{rel}","templated":true}]}}