{"id":3356,"date":"2019-03-19T15:01:40","date_gmt":"2019-03-19T18:01:40","guid":{"rendered":"http:\/\/personalbiker.com.br\/lojapb\/?post_type=product&#038;p=3356"},"modified":"2022-08-19T16:53:08","modified_gmt":"2022-08-19T19:53:08","slug":"luva-motosky-full-impermeavel-power","status":"publish","type":"product","link":"https:\/\/personalbiker.com.br\/lojapb\/produto\/luva-motosky-full-impermeavel-power\/","title":{"rendered":"Luva Motosky Full Imperme\u00e1vel Power"},"content":{"rendered":"","protected":false},"excerpt":{"rendered":"<p>A Luva Power da Motosky foi desenvolvida pensando em quem quer pegar a estrada com seguran\u00e7a e conforto. Possui faixas refletivas na parte superior do punho e nos dedos, ajudando muito na visualiza\u00e7\u00e3o do motociclista durante a noite.<\/p>\n<p>&#8211; 100% imperme\u00e1vel (A Prova d&#8217; \u00e1gua)<\/p>\n<p>&#8211; Conforto total, pois \u00e9 feita em Nylon<\/p>\n<p>&#8211; Palma da m\u00e3o emborrachada para melhor ader\u00eancia na manopla<\/p>\n<p>&#8211; Cano longo<\/p>\n<p>&#8211; Ajuste nos punhos<\/p>\n<p>&#8211; Fixas refletivas SHINE<\/p>\n<p>MARCA: MOTOSKY<\/p>\n<p>imagens meramente ilustrativas<\/p>\n","protected":false},"featured_media":3362,"template":"","meta":[],"product_brand":[],"product_cat":[17],"product_tag":[],"class_list":{"0":"post-3356","1":"product","2":"type-product","3":"status-publish","4":"has-post-thumbnail","6":"product_cat-luvas","7":"pa_tamanho-m","8":"pa_tamanho-p","10":"first","11":"instock","12":"shipping-taxable","13":"purchasable","14":"product-type-variable"},"_links":{"self":[{"href":"https:\/\/personalbiker.com.br\/lojapb\/wp-json\/wp\/v2\/product\/3356","targetHints":{"allow":["GET"]}}],"collection":[{"href":"https:\/\/personalbiker.com.br\/lojapb\/wp-json\/wp\/v2\/product"}],"about":[{"href":"https:\/\/personalbiker.com.br\/lojapb\/wp-json\/wp\/v2\/types\/product"}],"wp:featuredmedia":[{"embeddable":true,"href":"https:\/\/personalbiker.com.br\/lojapb\/wp-json\/wp\/v2\/media\/3362"}],"wp:attachment":[{"href":"https:\/\/personalbiker.com.br\/lojapb\/wp-json\/wp\/v2\/media?parent=3356"}],"wp:term":[{"taxonomy":"product_brand","embeddable":true,"href":"https:\/\/personalbiker.com.br\/lojapb\/wp-json\/wp\/v2\/product_brand?post=3356"},{"taxonomy":"product_cat","embeddable":true,"href":"https:\/\/personalbiker.com.br\/lojapb\/wp-json\/wp\/v2\/product_cat?post=3356"},{"taxonomy":"product_tag","embeddable":true,"href":"https:\/\/personalbiker.com.br\/lojapb\/wp-json\/wp\/v2\/product_tag?post=3356"}],"curies":[{"name":"wp","href":"https:\/\/api.w.org\/{rel}","templated":true}]}}