{"id":3346,"date":"2019-03-19T14:41:32","date_gmt":"2019-03-19T17:41:32","guid":{"rendered":"http:\/\/personalbiker.com.br\/lojapb\/?post_type=product&#038;p=3346"},"modified":"2021-12-08T08:12:48","modified_gmt":"2021-12-08T11:12:48","slug":"luva-motosky-full-impermeavel","status":"publish","type":"product","link":"https:\/\/personalbiker.com.br\/lojapb\/produto\/luva-motosky-full-impermeavel\/","title":{"rendered":"Luva Motosky Full Imperme\u00e1vel tam M"},"content":{"rendered":"","protected":false},"excerpt":{"rendered":"<p>Luva com estilo esportivo para ser utilizada em dias de chuva, tamb\u00e9m possui forra\u00e7\u00e3o na parte interna, mantendo as m\u00e3os quentes durante a pilotagem.<br \/>\nA Luva Power da Motosky foi desenvolvida pensando em quem quer pegar a estrada com seguran\u00e7a e conforto.<\/p>\n<p>100% imperme\u00e1vel<\/p>\n<p>Conforto total, pois \u00e9 feita em Nylon<\/p>\n<p>Palma da m\u00e3o emborrachada para melhor ader\u00eancia na manopla<\/p>\n<p>Ajuste nos punhos<\/p>\n<p>imagens meramente ilustrativas<\/p>\n","protected":false},"featured_media":3354,"template":"","meta":[],"product_brand":[],"product_cat":[17],"product_tag":[],"class_list":{"0":"post-3346","1":"product","2":"type-product","3":"status-publish","4":"has-post-thumbnail","6":"product_cat-luvas","7":"pa_cor-preto","8":"pa_tamanho-g","9":"pa_tamanho-p","11":"first","12":"outofstock","13":"shipping-taxable","14":"purchasable","15":"product-type-variable"},"_links":{"self":[{"href":"https:\/\/personalbiker.com.br\/lojapb\/wp-json\/wp\/v2\/product\/3346","targetHints":{"allow":["GET"]}}],"collection":[{"href":"https:\/\/personalbiker.com.br\/lojapb\/wp-json\/wp\/v2\/product"}],"about":[{"href":"https:\/\/personalbiker.com.br\/lojapb\/wp-json\/wp\/v2\/types\/product"}],"wp:featuredmedia":[{"embeddable":true,"href":"https:\/\/personalbiker.com.br\/lojapb\/wp-json\/wp\/v2\/media\/3354"}],"wp:attachment":[{"href":"https:\/\/personalbiker.com.br\/lojapb\/wp-json\/wp\/v2\/media?parent=3346"}],"wp:term":[{"taxonomy":"product_brand","embeddable":true,"href":"https:\/\/personalbiker.com.br\/lojapb\/wp-json\/wp\/v2\/product_brand?post=3346"},{"taxonomy":"product_cat","embeddable":true,"href":"https:\/\/personalbiker.com.br\/lojapb\/wp-json\/wp\/v2\/product_cat?post=3346"},{"taxonomy":"product_tag","embeddable":true,"href":"https:\/\/personalbiker.com.br\/lojapb\/wp-json\/wp\/v2\/product_tag?post=3346"}],"curies":[{"name":"wp","href":"https:\/\/api.w.org\/{rel}","templated":true}]}}