{"id":3304,"date":"2019-03-19T11:43:58","date_gmt":"2019-03-19T14:43:58","guid":{"rendered":"http:\/\/personalbiker.com.br\/lojapb\/?post_type=product&#038;p=3304"},"modified":"2021-07-06T07:48:23","modified_gmt":"2021-07-06T10:48:23","slug":"luva-asw-lazer-juvenil","status":"publish","type":"product","link":"https:\/\/personalbiker.com.br\/lojapb\/produto\/luva-asw-lazer-juvenil\/","title":{"rendered":"Luva Asw Lazer Infanto- Juvenil 1\/2 dedo"},"content":{"rendered":"","protected":false},"excerpt":{"rendered":"<ul>\n<li>Refor\u00e7o na palma da m\u00e3o (interno) para conforto.<\/li>\n<li>Refor\u00e7o do polegar em Clarino\u2122: possui repel\u00eancia \u00e0 \u00e1gua e \u00f3leo, tratamento anti-bactericida al\u00e9m de \u00f3tima resist\u00eancia \u00e0 abras\u00e3o.<\/li>\n<li>O tecido do polegar para enxugar o suor \u00e9 feito de microfibra e possui antipeeling, antichama, regulador de temperatura (favorece o equil\u00edbrio t\u00e9rmico e prote\u00e7\u00e3o UV). Modelos infantil e juvenil.<\/li>\n<\/ul>\n<p>imagens meramente ilustrativas<\/p>\n","protected":false},"featured_media":3342,"template":"","meta":[],"product_brand":[],"product_cat":[312],"product_tag":[],"class_list":{"0":"post-3304","1":"product","2":"type-product","3":"status-publish","4":"has-post-thumbnail","6":"product_cat-luvas-infantil","7":"pa_cor-preto","8":"pa_tamanho-130","10":"first","11":"outofstock","12":"shipping-taxable","13":"purchasable","14":"product-type-variable"},"_links":{"self":[{"href":"https:\/\/personalbiker.com.br\/lojapb\/wp-json\/wp\/v2\/product\/3304","targetHints":{"allow":["GET"]}}],"collection":[{"href":"https:\/\/personalbiker.com.br\/lojapb\/wp-json\/wp\/v2\/product"}],"about":[{"href":"https:\/\/personalbiker.com.br\/lojapb\/wp-json\/wp\/v2\/types\/product"}],"wp:featuredmedia":[{"embeddable":true,"href":"https:\/\/personalbiker.com.br\/lojapb\/wp-json\/wp\/v2\/media\/3342"}],"wp:attachment":[{"href":"https:\/\/personalbiker.com.br\/lojapb\/wp-json\/wp\/v2\/media?parent=3304"}],"wp:term":[{"taxonomy":"product_brand","embeddable":true,"href":"https:\/\/personalbiker.com.br\/lojapb\/wp-json\/wp\/v2\/product_brand?post=3304"},{"taxonomy":"product_cat","embeddable":true,"href":"https:\/\/personalbiker.com.br\/lojapb\/wp-json\/wp\/v2\/product_cat?post=3304"},{"taxonomy":"product_tag","embeddable":true,"href":"https:\/\/personalbiker.com.br\/lojapb\/wp-json\/wp\/v2\/product_tag?post=3304"}],"curies":[{"name":"wp","href":"https:\/\/api.w.org\/{rel}","templated":true}]}}