{"id":3280,"date":"2019-03-19T11:14:34","date_gmt":"2019-03-19T14:14:34","guid":{"rendered":"http:\/\/personalbiker.com.br\/lojapb\/?post_type=product&#038;p=3280"},"modified":"2021-07-06T07:50:06","modified_gmt":"2021-07-06T10:50:06","slug":"luva-asw-lazer-fechada","status":"publish","type":"product","link":"https:\/\/personalbiker.com.br\/lojapb\/produto\/luva-asw-lazer-fechada\/","title":{"rendered":"Luva Asw Lazer Fechada tam M"},"content":{"rendered":"","protected":false},"excerpt":{"rendered":"<p>Caracter\u00edsticas do produto:<\/p>\n<p>&#8211; Possui microfibra, anti peeling, antichama que regulam a temperatura favorecendo o equil\u00edbrio t\u00e9rmico e protegendo dos raios UV<br \/>\n&#8211; Confeccionada com refor\u00e7o no polegar e na palma da m\u00e3o em clarino<br \/>\n&#8211; Fabricada com materiais e tecnologia de ponta<br \/>\n&#8211; Sistema da repel\u00eancia contra \u00f3leo e \u00e1gua<br \/>\n&#8211; Luvas vendidas em pares<br \/>\n&#8211; Anti bacteriana e anti odor<br \/>\n&#8211; F\u00e1cil de lavar e secar<\/p>\n<p>imagens ilustrativas<\/p>\n","protected":false},"featured_media":3289,"template":"","meta":[],"product_brand":[],"product_cat":[17],"product_tag":[],"class_list":{"0":"post-3280","1":"product","2":"type-product","3":"status-publish","4":"has-post-thumbnail","6":"product_cat-luvas","7":"pa_cor-preto","8":"pa_tamanho-g","9":"pa_tamanho-m","11":"first","12":"instock","13":"shipping-taxable","14":"purchasable","15":"product-type-simple"},"_links":{"self":[{"href":"https:\/\/personalbiker.com.br\/lojapb\/wp-json\/wp\/v2\/product\/3280","targetHints":{"allow":["GET"]}}],"collection":[{"href":"https:\/\/personalbiker.com.br\/lojapb\/wp-json\/wp\/v2\/product"}],"about":[{"href":"https:\/\/personalbiker.com.br\/lojapb\/wp-json\/wp\/v2\/types\/product"}],"wp:featuredmedia":[{"embeddable":true,"href":"https:\/\/personalbiker.com.br\/lojapb\/wp-json\/wp\/v2\/media\/3289"}],"wp:attachment":[{"href":"https:\/\/personalbiker.com.br\/lojapb\/wp-json\/wp\/v2\/media?parent=3280"}],"wp:term":[{"taxonomy":"product_brand","embeddable":true,"href":"https:\/\/personalbiker.com.br\/lojapb\/wp-json\/wp\/v2\/product_brand?post=3280"},{"taxonomy":"product_cat","embeddable":true,"href":"https:\/\/personalbiker.com.br\/lojapb\/wp-json\/wp\/v2\/product_cat?post=3280"},{"taxonomy":"product_tag","embeddable":true,"href":"https:\/\/personalbiker.com.br\/lojapb\/wp-json\/wp\/v2\/product_tag?post=3280"}],"curies":[{"name":"wp","href":"https:\/\/api.w.org\/{rel}","templated":true}]}}