{"id":3256,"date":"2019-03-19T10:25:30","date_gmt":"2019-03-19T13:25:30","guid":{"rendered":"http:\/\/personalbiker.com.br\/lojapb\/?post_type=product&#038;p=3256"},"modified":"2021-07-06T07:53:18","modified_gmt":"2021-07-06T10:53:18","slug":"luva-asw-factory-16-fluor","status":"publish","type":"product","link":"https:\/\/personalbiker.com.br\/lojapb\/produto\/luva-asw-factory-16-fluor\/","title":{"rendered":"Luva Asw Factory 16 fluor"},"content":{"rendered":"","protected":false},"excerpt":{"rendered":"<h2 class=\"main-section__title item-description__title\">Descri\u00e7\u00e3o<\/h2>\n<div id=\"description-includes\" class=\"item-description__content \">\n<div class=\"item-description__text\">\n<p>Luva ASW Factory Motocross Fluor 17 S\/P<\/p>\n<p>CARACTER\u00cdSTICAS E FUN\u00c7\u00d5ES<\/p>\n<p>\u2022 TECIDO VENTILADO;<\/p>\n<p>\u2022 FECHAMENTO EM VELCRO;<\/p>\n<p>\u2022 DUPLA CAMADA NA PALMA;<\/p>\n<p>\u2022 REFOR\u00c7O NO DED\u00c3O;<\/p>\n<p>\u2022 SILICONE NA PONTA DOS DEDOS<\/p>\n<p>imagens meramente ilustrativas<\/p>\n<\/div>\n<\/div>\n","protected":false},"featured_media":3258,"template":"","meta":[],"product_brand":[],"product_cat":[17],"product_tag":[],"class_list":{"0":"post-3256","1":"product","2":"type-product","3":"status-publish","4":"has-post-thumbnail","6":"product_cat-luvas","7":"pa_cor-preto-amarelo","8":"pa_tamanho-m","10":"first","11":"outofstock","12":"shipping-taxable","13":"purchasable","14":"product-type-variable"},"_links":{"self":[{"href":"https:\/\/personalbiker.com.br\/lojapb\/wp-json\/wp\/v2\/product\/3256","targetHints":{"allow":["GET"]}}],"collection":[{"href":"https:\/\/personalbiker.com.br\/lojapb\/wp-json\/wp\/v2\/product"}],"about":[{"href":"https:\/\/personalbiker.com.br\/lojapb\/wp-json\/wp\/v2\/types\/product"}],"wp:featuredmedia":[{"embeddable":true,"href":"https:\/\/personalbiker.com.br\/lojapb\/wp-json\/wp\/v2\/media\/3258"}],"wp:attachment":[{"href":"https:\/\/personalbiker.com.br\/lojapb\/wp-json\/wp\/v2\/media?parent=3256"}],"wp:term":[{"taxonomy":"product_brand","embeddable":true,"href":"https:\/\/personalbiker.com.br\/lojapb\/wp-json\/wp\/v2\/product_brand?post=3256"},{"taxonomy":"product_cat","embeddable":true,"href":"https:\/\/personalbiker.com.br\/lojapb\/wp-json\/wp\/v2\/product_cat?post=3256"},{"taxonomy":"product_tag","embeddable":true,"href":"https:\/\/personalbiker.com.br\/lojapb\/wp-json\/wp\/v2\/product_tag?post=3256"}],"curies":[{"name":"wp","href":"https:\/\/api.w.org\/{rel}","templated":true}]}}