{"id":3224,"date":"2019-03-18T17:15:35","date_gmt":"2019-03-18T20:15:35","guid":{"rendered":"http:\/\/personalbiker.com.br\/lojapb\/?post_type=product&#038;p=3224"},"modified":"2022-08-22T13:17:13","modified_gmt":"2022-08-22T16:17:13","slug":"luva-x11-fit-x","status":"publish","type":"product","link":"https:\/\/personalbiker.com.br\/lojapb\/produto\/luva-x11-fit-x\/","title":{"rendered":"Luva X11 Fit X"},"content":{"rendered":"","protected":false},"excerpt":{"rendered":"<p>Especifica\u00e7\u00e3o T\u00e9cnica:<\/p>\n<p>\u2022 Tecido Poliester e Neoprene;<br \/>\n\u2022 Leve e respir\u00e1vel;<br \/>\n\u2022 Fun\u00e7\u00e3o Touchscreen nos indicadores;<br \/>\n\u2022 Ajuste em Velcro emborrachado nos punhos;<br \/>\n\u2022 Logo emborrachado no dedo Minimo;<br \/>\n\u2022 Refor\u00e7o estrutural na palma e Polegar;<br \/>\n\u2022 Costura Dupla no punho;<br \/>\n\u2022 Nova identidade X11, design moderno.<\/p>\n<p>imagens meramente ilustrativas<\/p>\n","protected":false},"featured_media":3234,"template":"","meta":[],"product_brand":[],"product_cat":[17],"product_tag":[],"class_list":{"0":"post-3224","1":"product","2":"type-product","3":"status-publish","4":"has-post-thumbnail","6":"product_cat-luvas","7":"pa_cor-preto","8":"pa_tamanho-exg","9":"pa_tamanho-g","10":"pa_tamanho-gg","11":"pa_tamanho-p","13":"first","14":"instock","15":"shipping-taxable","16":"purchasable","17":"product-type-variable"},"_links":{"self":[{"href":"https:\/\/personalbiker.com.br\/lojapb\/wp-json\/wp\/v2\/product\/3224","targetHints":{"allow":["GET"]}}],"collection":[{"href":"https:\/\/personalbiker.com.br\/lojapb\/wp-json\/wp\/v2\/product"}],"about":[{"href":"https:\/\/personalbiker.com.br\/lojapb\/wp-json\/wp\/v2\/types\/product"}],"wp:featuredmedia":[{"embeddable":true,"href":"https:\/\/personalbiker.com.br\/lojapb\/wp-json\/wp\/v2\/media\/3234"}],"wp:attachment":[{"href":"https:\/\/personalbiker.com.br\/lojapb\/wp-json\/wp\/v2\/media?parent=3224"}],"wp:term":[{"taxonomy":"product_brand","embeddable":true,"href":"https:\/\/personalbiker.com.br\/lojapb\/wp-json\/wp\/v2\/product_brand?post=3224"},{"taxonomy":"product_cat","embeddable":true,"href":"https:\/\/personalbiker.com.br\/lojapb\/wp-json\/wp\/v2\/product_cat?post=3224"},{"taxonomy":"product_tag","embeddable":true,"href":"https:\/\/personalbiker.com.br\/lojapb\/wp-json\/wp\/v2\/product_tag?post=3224"}],"curies":[{"name":"wp","href":"https:\/\/api.w.org\/{rel}","templated":true}]}}