{"id":31,"date":"2009-01-23T14:01:46","date_gmt":"2009-01-23T14:01:46","guid":{"rendered":"http:\/\/personalbiker.com.br\/lojapb\/?product=mini-moto-speed-49cc-drs"},"modified":"2019-11-06T16:50:33","modified_gmt":"2019-11-06T19:50:33","slug":"mini-moto-speed-49cc-drs","status":"publish","type":"product","link":"https:\/\/personalbiker.com.br\/lojapb\/produto\/mini-moto-speed-49cc-drs\/","title":{"rendered":"MINI MOTO SPEED 49CC DRS"},"content":{"rendered":"<p>Mini Moto Speed 49cc<br \/>\nC\u00e2mbio Autom\u00e1tico<br \/>\n2 T<br \/>\nPartida Manual<br \/>\nPeso: 19kg<br \/>\nVelocidade M\u00e1xima: 60km\/h<br \/>\ncapacidade M\u00e1xima: 110kg<\/p>\n<p><span style=\"color: #848282;font-family: Verdana, Arial, sans-serif;font-size: 11px;font-style: normal;font-weight: normal;letter-spacing: normal;text-align: start;text-indent: 0px;text-transform: none;background-color: #ffffff;float: none\">FRETE POR CONTA DO COMPRADOR VIA TRANSPORTADORA E PAGAMENTO DO FRETE NO ATO DO RECEBIMENTO<\/span><br style=\"color: #848282;font-family: Verdana, Arial, sans-serif;font-size: 11px;font-style: normal;font-weight: normal;letter-spacing: normal;text-align: start;text-indent: 0px;text-transform: none;background-color: #ffffff\" \/><br style=\"color: #848282;font-family: Verdana, Arial, sans-serif;font-size: 11px;font-style: normal;font-weight: normal;letter-spacing: normal;text-align: start;text-indent: 0px;text-transform: none;background-color: #ffffff\" \/><\/p>\n","protected":false},"excerpt":{"rendered":"<p>Mini Moto Speed 49cc C\u00e2mbio Autom\u00e1tico 2 T Partida Manual Peso: 19kg Velocidade M\u00e1xima: 60km\/h capacidade M\u00e1xima: 110kg FRETE POR CONTA DO COMPRADOR VIA TRANSPORTADORA E PAGAMENTO DO FRETE NO ATO DO RECEBIMENTO<\/p>\n","protected":false},"featured_media":9040,"template":"","meta":[],"product_brand":[],"product_cat":[19],"product_tag":[],"class_list":{"0":"post-31","1":"product","2":"type-product","3":"status-publish","4":"has-post-thumbnail","6":"product_cat-mini-motos","8":"first","9":"outofstock","10":"purchasable","11":"product-type-simple"},"_links":{"self":[{"href":"https:\/\/personalbiker.com.br\/lojapb\/wp-json\/wp\/v2\/product\/31","targetHints":{"allow":["GET"]}}],"collection":[{"href":"https:\/\/personalbiker.com.br\/lojapb\/wp-json\/wp\/v2\/product"}],"about":[{"href":"https:\/\/personalbiker.com.br\/lojapb\/wp-json\/wp\/v2\/types\/product"}],"wp:featuredmedia":[{"embeddable":true,"href":"https:\/\/personalbiker.com.br\/lojapb\/wp-json\/wp\/v2\/media\/9040"}],"wp:attachment":[{"href":"https:\/\/personalbiker.com.br\/lojapb\/wp-json\/wp\/v2\/media?parent=31"}],"wp:term":[{"taxonomy":"product_brand","embeddable":true,"href":"https:\/\/personalbiker.com.br\/lojapb\/wp-json\/wp\/v2\/product_brand?post=31"},{"taxonomy":"product_cat","embeddable":true,"href":"https:\/\/personalbiker.com.br\/lojapb\/wp-json\/wp\/v2\/product_cat?post=31"},{"taxonomy":"product_tag","embeddable":true,"href":"https:\/\/personalbiker.com.br\/lojapb\/wp-json\/wp\/v2\/product_tag?post=31"}],"curies":[{"name":"wp","href":"https:\/\/api.w.org\/{rel}","templated":true}]}}