{"id":3067,"date":"2019-03-16T10:54:15","date_gmt":"2019-03-16T13:54:15","guid":{"rendered":"http:\/\/personalbiker.com.br\/lojapb\/?post_type=product&#038;p=3067"},"modified":"2024-09-26T08:45:07","modified_gmt":"2024-09-26T11:45:07","slug":"capacete-pro-tork-liberty-mx-pro-vision","status":"publish","type":"product","link":"https:\/\/personalbiker.com.br\/lojapb\/produto\/capacete-pro-tork-liberty-mx-pro-vision\/","title":{"rendered":"Capacete Pro Tork liberty MX PRO VISION"},"content":{"rendered":"","protected":false},"excerpt":{"rendered":"<p>Especifica\u00e7\u00e3o T\u00e9cnica:<br \/>\n\u2022 Modelo Liberty MX Pro Vision<br \/>\n\u2022 Casco Injetado em ABS de Alto Impacto<br \/>\n\u2022 Forra\u00e7\u00e3o Remov\u00edvel e Lav\u00e1vel<br \/>\n\u2022 Pala Fixada com Parafuso Phillips com Composi\u00e7\u00e3o em Pl\u00e1stico<br \/>\n\u2022 Cinta Jugular com Fechamento em Duas argolas<br \/>\n\u2022 Queixo Termo formado em Aero Space<br \/>\n\u2022 Viseira Termo formada de 1,5 mm de Espessura<\/p>\n<p>IMAGENS MERAMENTE ILUSTRATIVAS<\/p>\n<p>\u2022 Capacete Aprovado Pelo INMETRO, com Selo Autenticado<\/p>\n","protected":false},"featured_media":3086,"template":"","meta":[],"product_brand":[],"product_cat":[52],"product_tag":[],"class_list":{"0":"post-3067","1":"product","2":"type-product","3":"status-publish","4":"has-post-thumbnail","6":"product_cat-pro-tork","7":"pa_cor-azul","8":"pa_cor-preto","9":"pa_cor-vermelho","10":"pa_tamanho-74","11":"pa_tamanho-75","13":"first","14":"outofstock","15":"shipping-taxable","16":"purchasable","17":"product-type-variable"},"_links":{"self":[{"href":"https:\/\/personalbiker.com.br\/lojapb\/wp-json\/wp\/v2\/product\/3067","targetHints":{"allow":["GET"]}}],"collection":[{"href":"https:\/\/personalbiker.com.br\/lojapb\/wp-json\/wp\/v2\/product"}],"about":[{"href":"https:\/\/personalbiker.com.br\/lojapb\/wp-json\/wp\/v2\/types\/product"}],"wp:featuredmedia":[{"embeddable":true,"href":"https:\/\/personalbiker.com.br\/lojapb\/wp-json\/wp\/v2\/media\/3086"}],"wp:attachment":[{"href":"https:\/\/personalbiker.com.br\/lojapb\/wp-json\/wp\/v2\/media?parent=3067"}],"wp:term":[{"taxonomy":"product_brand","embeddable":true,"href":"https:\/\/personalbiker.com.br\/lojapb\/wp-json\/wp\/v2\/product_brand?post=3067"},{"taxonomy":"product_cat","embeddable":true,"href":"https:\/\/personalbiker.com.br\/lojapb\/wp-json\/wp\/v2\/product_cat?post=3067"},{"taxonomy":"product_tag","embeddable":true,"href":"https:\/\/personalbiker.com.br\/lojapb\/wp-json\/wp\/v2\/product_tag?post=3067"}],"curies":[{"name":"wp","href":"https:\/\/api.w.org\/{rel}","templated":true}]}}