{"id":3018,"date":"2019-03-16T09:25:29","date_gmt":"2019-03-16T12:25:29","guid":{"rendered":"http:\/\/personalbiker.com.br\/lojapb\/?post_type=product&#038;p=3018"},"modified":"2024-09-26T08:45:53","modified_gmt":"2024-09-26T11:45:53","slug":"capacete-pro-tork-liberty-compact","status":"publish","type":"product","link":"https:\/\/personalbiker.com.br\/lojapb\/produto\/capacete-pro-tork-liberty-compact\/","title":{"rendered":"Capacete Pro Tork liberty Compact vermelho"},"content":{"rendered":"","protected":false},"excerpt":{"rendered":"<div id=\"D55s1552736691748\">Capacete Aberto Moto Pro Tork Liberty Compact<\/div>\n<div><\/div>\n<div>Caracter\u00edsticas do Produto:<\/div>\n<div><\/div>\n<div>Casco confeccionado em Abs natural de alto impacto;<\/div>\n<div>Revestimento de prote\u00e7\u00e3o confeccionado em Eps (tamb\u00e9m chamado ber\u00e7o) de alto impacto;<\/div>\n<div>Cinta jugular confeccionado em nylon e feixe micro-m\u00e9trico;<\/div>\n<div>Viseira em policarbonato com espessura de 1 mm de alto impacto,<\/div>\n<div>tratamento anti-risco;Possui 3 est\u00e1gios de abertura, facilitando a regulagem de posi\u00e7\u00e3o da viseira;<\/div>\n<div>Acompanha adesivo refletivo;Capacete aprovado pelo Inmetro;<\/div>\n<div>Fabricante: Pro Tork;<\/div>\n<div><\/div>\n<div>Imagens meramente ilustrativas<\/div>\n","protected":false},"featured_media":10023,"template":"","meta":[],"product_brand":[],"product_cat":[52],"product_tag":[],"class_list":{"0":"post-3018","1":"product","2":"type-product","3":"status-publish","4":"has-post-thumbnail","6":"product_cat-pro-tork","7":"pa_cor-preto","8":"pa_cor-vermelho","9":"pa_tamanho-73","10":"pa_tamanho-74","12":"first","13":"outofstock","14":"shipping-taxable","15":"purchasable","16":"product-type-simple"},"_links":{"self":[{"href":"https:\/\/personalbiker.com.br\/lojapb\/wp-json\/wp\/v2\/product\/3018","targetHints":{"allow":["GET"]}}],"collection":[{"href":"https:\/\/personalbiker.com.br\/lojapb\/wp-json\/wp\/v2\/product"}],"about":[{"href":"https:\/\/personalbiker.com.br\/lojapb\/wp-json\/wp\/v2\/types\/product"}],"wp:featuredmedia":[{"embeddable":true,"href":"https:\/\/personalbiker.com.br\/lojapb\/wp-json\/wp\/v2\/media\/10023"}],"wp:attachment":[{"href":"https:\/\/personalbiker.com.br\/lojapb\/wp-json\/wp\/v2\/media?parent=3018"}],"wp:term":[{"taxonomy":"product_brand","embeddable":true,"href":"https:\/\/personalbiker.com.br\/lojapb\/wp-json\/wp\/v2\/product_brand?post=3018"},{"taxonomy":"product_cat","embeddable":true,"href":"https:\/\/personalbiker.com.br\/lojapb\/wp-json\/wp\/v2\/product_cat?post=3018"},{"taxonomy":"product_tag","embeddable":true,"href":"https:\/\/personalbiker.com.br\/lojapb\/wp-json\/wp\/v2\/product_tag?post=3018"}],"curies":[{"name":"wp","href":"https:\/\/api.w.org\/{rel}","templated":true}]}}