{"id":3007,"date":"2019-03-15T17:09:39","date_gmt":"2019-03-15T20:09:39","guid":{"rendered":"http:\/\/personalbiker.com.br\/lojapb\/?post_type=product&#038;p=3007"},"modified":"2019-10-01T11:37:52","modified_gmt":"2019-10-01T14:37:52","slug":"capacete-pro-tork-liberty-x","status":"publish","type":"product","link":"https:\/\/personalbiker.com.br\/lojapb\/produto\/capacete-pro-tork-liberty-x\/","title":{"rendered":"Capacete Pro Tork liberty  X"},"content":{"rendered":"","protected":false},"excerpt":{"rendered":"<p>Especifica\u00e7\u00e3o T\u00e9cnica:<\/p>\n<p>O Capacete Liberty X, lider de vendas no mercado, desenvolvido com mat\u00e9ria prima de alta qualidade,<\/p>\n<p>garante ao motociclista seguran\u00e7a e conforto. Para reduzir custos e garantir a qualidade final dos produtos,<\/p>\n<p>a Pro Tork decidiu controlar todas as fases de produ\u00e7\u00e3o de uma motocicleta. No caso de capacetes sem forra\u00e7\u00e3o remov\u00edvel, o indicado \u00e9 utilizar um pano \u00famido com detergente neutro e pass\u00e1.Selo: INMETRO: 001695-2012 \u00bf NBR 7471 Caracter\u00edsticas<\/p>\n<p>: Casco: ABS natural de alto impacto Revestimento: EPS de alto impacto Forra\u00e7\u00e3o: Nylon com pluma dublado e antial\u00e9rgico Espuma: Espessura de 5 mm e densidade de 28 mm Cinta jugular: Nylon e fechamento de engate r\u00e1pido Viseira: Policarbonato de alto impacto Viseira Anti-risco: Sim Troca: Press\u00e3o girat\u00f3ria Gr\u00e1fico: Adesivo em vinil pl\u00e1stico Marca: Pro Tork Conte\u00fado da embalagem: 1 Capacete Dimens\u00f5es aproximadas da embalagem : 34 x 25 x 26 cm Peso aproximado da embalagem: 1,3 Kg Garantia do fornecedor: 3 Meses Informa\u00e7\u00f5es Adicionais: Logo marca Tork e Liberty X ..<\/p>\n<p>IMAGENS meramente ilustrativas<\/p>\n","protected":false},"featured_media":7585,"template":"","meta":[],"product_brand":[],"product_cat":[52],"product_tag":[],"class_list":{"0":"post-3007","1":"product","2":"type-product","3":"status-publish","4":"has-post-thumbnail","6":"product_cat-pro-tork","7":"pa_cor-preto","8":"pa_tamanho-75","10":"first","11":"outofstock","12":"shipping-taxable","13":"purchasable","14":"product-type-variable"},"_links":{"self":[{"href":"https:\/\/personalbiker.com.br\/lojapb\/wp-json\/wp\/v2\/product\/3007","targetHints":{"allow":["GET"]}}],"collection":[{"href":"https:\/\/personalbiker.com.br\/lojapb\/wp-json\/wp\/v2\/product"}],"about":[{"href":"https:\/\/personalbiker.com.br\/lojapb\/wp-json\/wp\/v2\/types\/product"}],"wp:featuredmedia":[{"embeddable":true,"href":"https:\/\/personalbiker.com.br\/lojapb\/wp-json\/wp\/v2\/media\/7585"}],"wp:attachment":[{"href":"https:\/\/personalbiker.com.br\/lojapb\/wp-json\/wp\/v2\/media?parent=3007"}],"wp:term":[{"taxonomy":"product_brand","embeddable":true,"href":"https:\/\/personalbiker.com.br\/lojapb\/wp-json\/wp\/v2\/product_brand?post=3007"},{"taxonomy":"product_cat","embeddable":true,"href":"https:\/\/personalbiker.com.br\/lojapb\/wp-json\/wp\/v2\/product_cat?post=3007"},{"taxonomy":"product_tag","embeddable":true,"href":"https:\/\/personalbiker.com.br\/lojapb\/wp-json\/wp\/v2\/product_tag?post=3007"}],"curies":[{"name":"wp","href":"https:\/\/api.w.org\/{rel}","templated":true}]}}