{"id":2924,"date":"2019-03-15T13:57:08","date_gmt":"2019-03-15T16:57:08","guid":{"rendered":"http:\/\/personalbiker.com.br\/lojapb\/?post_type=product&#038;p=2924"},"modified":"2019-10-01T13:38:37","modified_gmt":"2019-10-01T16:38:37","slug":"capacete-pro-tork-evolution-788-g6-limited-edition","status":"publish","type":"product","link":"https:\/\/personalbiker.com.br\/lojapb\/produto\/capacete-pro-tork-evolution-788-g6-limited-edition\/","title":{"rendered":"Capacete Pro Tork Evolution 788 g6 Limited Edition"},"content":{"rendered":"","protected":false},"excerpt":{"rendered":"<p>Possui grafismos diferenciados, muito mais modernos e agressivos, contando com uma proposta \u00fanica no mercado.<br \/>\nAcabamento fosco no casco e novo design de aerof\u00f3lio, mais aerodin\u00e2mico.<br \/>\nPossui forra\u00e7\u00e3o antial\u00e9rgica, entradas e sa\u00eddas de ar regul\u00e1veis, fecho microm\u00e9trico e uma resistente viseira cristal em policarbonato de 2mm de espessura. O casco \u00e9 injetado em ABS de alta resist\u00eancia e o EPS interno \u00e9 projetado para absorver e dissipar melhor os impactos.<\/p>\n<p>Observa\u00e7\u00f5es:<br \/>\nTodos os capacetes comercializados por nossa empresa est\u00e3o de acordo com as normas brasileiras.<br \/>\nS\u00e3o certificados conforme a Portaria n.\u00ba456 do INMETRO e NBR 7471 e possuem selo de homologa\u00e7\u00e3o.<\/p>\n<p>&nbsp;<\/p>\n<p>IMAGENS MERAMENTE ILUSTRATIVAS<\/p>\n","protected":false},"featured_media":2929,"template":"","meta":[],"product_brand":[],"product_cat":[52],"product_tag":[],"class_list":{"0":"post-2924","1":"product","2":"type-product","3":"status-publish","4":"has-post-thumbnail","6":"product_cat-pro-tork","7":"pa_cor-preto-vermelha","8":"pa_cor-preto-fosco-vermelho","9":"pa_cor-preto-azul","10":"pa_cor-preto-fosco-azul","11":"pa_tamanho-74","12":"pa_tamanho-75","14":"first","15":"outofstock","16":"shipping-taxable","17":"purchasable","18":"product-type-variable"},"_links":{"self":[{"href":"https:\/\/personalbiker.com.br\/lojapb\/wp-json\/wp\/v2\/product\/2924","targetHints":{"allow":["GET"]}}],"collection":[{"href":"https:\/\/personalbiker.com.br\/lojapb\/wp-json\/wp\/v2\/product"}],"about":[{"href":"https:\/\/personalbiker.com.br\/lojapb\/wp-json\/wp\/v2\/types\/product"}],"wp:featuredmedia":[{"embeddable":true,"href":"https:\/\/personalbiker.com.br\/lojapb\/wp-json\/wp\/v2\/media\/2929"}],"wp:attachment":[{"href":"https:\/\/personalbiker.com.br\/lojapb\/wp-json\/wp\/v2\/media?parent=2924"}],"wp:term":[{"taxonomy":"product_brand","embeddable":true,"href":"https:\/\/personalbiker.com.br\/lojapb\/wp-json\/wp\/v2\/product_brand?post=2924"},{"taxonomy":"product_cat","embeddable":true,"href":"https:\/\/personalbiker.com.br\/lojapb\/wp-json\/wp\/v2\/product_cat?post=2924"},{"taxonomy":"product_tag","embeddable":true,"href":"https:\/\/personalbiker.com.br\/lojapb\/wp-json\/wp\/v2\/product_tag?post=2924"}],"curies":[{"name":"wp","href":"https:\/\/api.w.org\/{rel}","templated":true}]}}