{"id":2875,"date":"2019-03-15T13:11:50","date_gmt":"2019-03-15T16:11:50","guid":{"rendered":"http:\/\/personalbiker.com.br\/lojapb\/?post_type=product&#038;p=2875"},"modified":"2023-08-28T08:42:04","modified_gmt":"2023-08-28T11:42:04","slug":"capacete-pro-tork-evolution-788-g6-factory-edition-neon","status":"publish","type":"product","link":"https:\/\/personalbiker.com.br\/lojapb\/produto\/capacete-pro-tork-evolution-788-g6-factory-edition-neon\/","title":{"rendered":"Capacete Pro Tork Evolution 788 g6 Factory Edition Neon"},"content":{"rendered":"","protected":false},"excerpt":{"rendered":"<p>Descri\u00e7\u00e3o do Capacete Evolution 788 G6 Factory Edition:<br \/>\nO capacete modelo Liberty Evolution 788 G6 Factory Edition, conta com um grafismo diferenciado. Muito mais moderno e agressivo, contando com uma proposta \u00fanica no mercado.<\/p>\n<p>Especifica\u00e7\u00f5es e Atrativos do Capacete Evolution 788 G6 Factory Edition:<br \/>\n&#8211; Forra\u00e7\u00e3o antial\u00e9rgico;<br \/>\n&#8211; Entradas de ar regul\u00e1veis;<br \/>\n&#8211; Fecho microm\u00e9trico;<br \/>\n&#8211; Viseira em Policarbonato de 2mm;<br \/>\n&#8211; Casco injetado em ABS;<br \/>\n&#8211; Segue as normas de seguran\u00e7a do INMETRO e DOT americano;<\/p>\n<p>Dados T\u00e9cnicos:<br \/>\n&#8211; Viseira Incolor<br \/>\n&#8211; Acompanha adesivos refletivos<br \/>\n&#8211; Capacete com selo autenticado INMETRO<\/p>\n<p>IMAGENS MERAMENTE ILUSTRATIVAS<\/p>\n","protected":false},"featured_media":10017,"template":"","meta":[],"product_brand":[],"product_cat":[52],"product_tag":[],"class_list":{"0":"post-2875","1":"product","2":"type-product","3":"status-publish","4":"has-post-thumbnail","6":"product_cat-pro-tork","7":"pa_cor-preto-amarelo","8":"pa_tamanho-74","10":"first","11":"outofstock","12":"shipping-taxable","13":"product-type-simple"},"_links":{"self":[{"href":"https:\/\/personalbiker.com.br\/lojapb\/wp-json\/wp\/v2\/product\/2875","targetHints":{"allow":["GET"]}}],"collection":[{"href":"https:\/\/personalbiker.com.br\/lojapb\/wp-json\/wp\/v2\/product"}],"about":[{"href":"https:\/\/personalbiker.com.br\/lojapb\/wp-json\/wp\/v2\/types\/product"}],"wp:featuredmedia":[{"embeddable":true,"href":"https:\/\/personalbiker.com.br\/lojapb\/wp-json\/wp\/v2\/media\/10017"}],"wp:attachment":[{"href":"https:\/\/personalbiker.com.br\/lojapb\/wp-json\/wp\/v2\/media?parent=2875"}],"wp:term":[{"taxonomy":"product_brand","embeddable":true,"href":"https:\/\/personalbiker.com.br\/lojapb\/wp-json\/wp\/v2\/product_brand?post=2875"},{"taxonomy":"product_cat","embeddable":true,"href":"https:\/\/personalbiker.com.br\/lojapb\/wp-json\/wp\/v2\/product_cat?post=2875"},{"taxonomy":"product_tag","embeddable":true,"href":"https:\/\/personalbiker.com.br\/lojapb\/wp-json\/wp\/v2\/product_tag?post=2875"}],"curies":[{"name":"wp","href":"https:\/\/api.w.org\/{rel}","templated":true}]}}