{"id":2839,"date":"2019-03-15T10:09:08","date_gmt":"2019-03-15T13:09:08","guid":{"rendered":"http:\/\/personalbiker.com.br\/lojapb\/?post_type=product&#038;p=2839"},"modified":"2025-05-16T13:07:18","modified_gmt":"2025-05-16T16:07:18","slug":"capacete-pro-tork-evolution-788-g4-brasil","status":"publish","type":"product","link":"https:\/\/personalbiker.com.br\/lojapb\/produto\/capacete-pro-tork-evolution-788-g4-brasil\/","title":{"rendered":"Capacete Pro Tork Evolution 788 g4 Brasil"},"content":{"rendered":"","protected":false},"excerpt":{"rendered":"<p>Capacete Pro Tork Liberty Evolution 788 G4 Branco com Grafia Brasil Acess\u00f3rio de seguran\u00e7a individual com uso obrigat\u00f3rio aos motociclistas,<\/p>\n<p>os capacetes tem procura constante para reposi\u00e7\u00e3o ap\u00f3s desgaste, impacto sofrido ou para proporcionar efeito est\u00e9tico ao seu usu\u00e1rio. Fabricado pela Pro Tork, este capacete possui o que h\u00e1 de melhor no mercado para proporcionar seguran\u00e7a e est\u00e9tica ao seu usu\u00e1rio, pois conta com casco em ABS de alto impacto branco, cinta jugular em Nylon, engate r\u00e1pido, forra\u00e7\u00e3o fixa e \u00f3tima ventila\u00e7\u00e3o atrav\u00e9s de suas entradas de ar no queixo e na parte superior. Tudo isso unido ao toque especial de sua grafia alusiva a bandeira brasileira. Dispon\u00edvel na Cor: \u2022 Branco com Grafia Brasil<\/p>\n<p>imagens meramente ilusrativas<\/p>\n","protected":false},"featured_media":6050,"template":"","meta":[],"product_brand":[],"product_cat":[52],"product_tag":[],"class_list":{"0":"post-2839","1":"product","2":"type-product","3":"status-publish","4":"has-post-thumbnail","6":"product_cat-pro-tork","7":"pa_cor-branco","8":"pa_tamanho-73","10":"first","11":"outofstock","12":"shipping-taxable","13":"purchasable","14":"product-type-variable"},"_links":{"self":[{"href":"https:\/\/personalbiker.com.br\/lojapb\/wp-json\/wp\/v2\/product\/2839","targetHints":{"allow":["GET"]}}],"collection":[{"href":"https:\/\/personalbiker.com.br\/lojapb\/wp-json\/wp\/v2\/product"}],"about":[{"href":"https:\/\/personalbiker.com.br\/lojapb\/wp-json\/wp\/v2\/types\/product"}],"wp:featuredmedia":[{"embeddable":true,"href":"https:\/\/personalbiker.com.br\/lojapb\/wp-json\/wp\/v2\/media\/6050"}],"wp:attachment":[{"href":"https:\/\/personalbiker.com.br\/lojapb\/wp-json\/wp\/v2\/media?parent=2839"}],"wp:term":[{"taxonomy":"product_brand","embeddable":true,"href":"https:\/\/personalbiker.com.br\/lojapb\/wp-json\/wp\/v2\/product_brand?post=2839"},{"taxonomy":"product_cat","embeddable":true,"href":"https:\/\/personalbiker.com.br\/lojapb\/wp-json\/wp\/v2\/product_cat?post=2839"},{"taxonomy":"product_tag","embeddable":true,"href":"https:\/\/personalbiker.com.br\/lojapb\/wp-json\/wp\/v2\/product_tag?post=2839"}],"curies":[{"name":"wp","href":"https:\/\/api.w.org\/{rel}","templated":true}]}}