{"id":2821,"date":"2019-03-14T14:02:14","date_gmt":"2019-03-14T17:02:14","guid":{"rendered":"http:\/\/personalbiker.com.br\/lojapb\/?post_type=product&#038;p=2821"},"modified":"2019-11-26T12:31:54","modified_gmt":"2019-11-26T15:31:54","slug":"viseira-ebf-7-fit-rox-cristal-15mm-supervisor","status":"publish","type":"product","link":"https:\/\/personalbiker.com.br\/lojapb\/produto\/viseira-ebf-7-fit-rox-cristal-15mm-supervisor\/","title":{"rendered":"Viseira EBF 7 FIT\/ROX CRISTAL 1,5MM SUPERVISOR"},"content":{"rendered":"<p>VISEIRA \u00a0Compativel com capacetes da marca PEELS modelo F-7<\/p>\n<p>ESPESSURA:\u00a01,5mm<\/p>\n<p>MARCA:\u00a0Supervisor (100% Nacional)<\/p>\n<p>MATERIAL APLICADO: Policarbonato transparente<\/p>\n<p>COR:\u00a0Cristal (n\u00e3o \u00e9 espelhado)<\/p>\n<p>OBS: Retirar a pel\u00edcula protetora antes de instalar a viseira!!!<\/p>\n<p>&nbsp;<\/p>\n<p>FOTOS MERAMENTE ILUSTRATIVAS<\/p>\n","protected":false},"excerpt":{"rendered":"<p>VISEIRA \u00a0Compativel com capacetes da marca PEELS modelo F-7 ESPESSURA:\u00a01,5mm MARCA:\u00a0Supervisor (100% Nacional) MATERIAL APLICADO: Policarbonato transparente COR:\u00a0Cristal (n\u00e3o \u00e9 espelhado) OBS: Retirar a pel\u00edcula protetora antes de instalar a viseira!!! &nbsp; FOTOS MERAMENTE ILUSTRATIVAS<\/p>\n","protected":false},"featured_media":3496,"template":"","meta":[],"product_brand":[],"product_cat":[307],"product_tag":[],"class_list":{"0":"post-2821","1":"product","2":"type-product","3":"status-publish","4":"has-post-thumbnail","6":"product_cat-viseiras","8":"first","9":"instock","10":"shipping-taxable","11":"purchasable","12":"product-type-simple"},"_links":{"self":[{"href":"https:\/\/personalbiker.com.br\/lojapb\/wp-json\/wp\/v2\/product\/2821","targetHints":{"allow":["GET"]}}],"collection":[{"href":"https:\/\/personalbiker.com.br\/lojapb\/wp-json\/wp\/v2\/product"}],"about":[{"href":"https:\/\/personalbiker.com.br\/lojapb\/wp-json\/wp\/v2\/types\/product"}],"wp:featuredmedia":[{"embeddable":true,"href":"https:\/\/personalbiker.com.br\/lojapb\/wp-json\/wp\/v2\/media\/3496"}],"wp:attachment":[{"href":"https:\/\/personalbiker.com.br\/lojapb\/wp-json\/wp\/v2\/media?parent=2821"}],"wp:term":[{"taxonomy":"product_brand","embeddable":true,"href":"https:\/\/personalbiker.com.br\/lojapb\/wp-json\/wp\/v2\/product_brand?post=2821"},{"taxonomy":"product_cat","embeddable":true,"href":"https:\/\/personalbiker.com.br\/lojapb\/wp-json\/wp\/v2\/product_cat?post=2821"},{"taxonomy":"product_tag","embeddable":true,"href":"https:\/\/personalbiker.com.br\/lojapb\/wp-json\/wp\/v2\/product_tag?post=2821"}],"curies":[{"name":"wp","href":"https:\/\/api.w.org\/{rel}","templated":true}]}}