{"id":2813,"date":"2019-03-14T13:24:36","date_gmt":"2019-03-14T16:24:36","guid":{"rendered":"http:\/\/personalbiker.com.br\/lojapb\/?post_type=product&#038;p=2813"},"modified":"2019-11-26T12:35:10","modified_gmt":"2019-11-26T15:35:10","slug":"viseira-ebf-7-novo-2012-fume-1731-tf","status":"publish","type":"product","link":"https:\/\/personalbiker.com.br\/lojapb\/produto\/viseira-ebf-7-novo-2012-fume-1731-tf\/","title":{"rendered":"Viseira EBF 7 NOVO 2012 FUME 1731 TF"},"content":{"rendered":"<p>ESPECIFICA\u00c7\u00d5ES T\u00c9CNICAS:<br \/>\n* MAIOR CAMPO DE VIS\u00c3O.<br \/>\n* TRATAMENTO ANTI-RISCO.<br \/>\n* MAIOR PROTE\u00c7\u00c3O CONTRA RAIOS ULTRA VIOLETA.<br \/>\n* TRATAMENTO COM MAIOR RESIST\u00caNCIA \u00c1 RISCOS.<br \/>\n* CONFECCIONADA EM POLICARBONATO INJETADO QUE GARANTE UMA ALTA RESIST\u00caNCIA A IMPACTOS.<br \/>\n* TRATAMENTO METALIZADO.<\/p>\n<p>CUIDADOS COM A VISEIRA AO LIMPAR.<br \/>\n* LIMPA-LA SOMENTE COM SAB\u00c3O NEUTRO E \u00c1GUA CORRENTE.<br \/>\n* N\u00c3O UTILIZAR SOLVENTES QU\u00cdMICOS : EXEMPLO GASOLINA,OU PRODUTOS ABRASIVOS.<br \/>\n* N\u00c3O APLICAR VERNIZES OU ADESIVOS.<br \/>\n* SOLVENTES QU\u00cdMICOS GASOLINA,PRODUTOS ABRASIVOS,VERNIZES,ADE SISOS S\u00c3O AGRESSIVOS E CAUSAM A REDU\u00c7\u00c3O DA RESIST\u00caNCIA ESTRUTURAL DA VISEIRA.<\/p>\n<p>IMAGENS MERAMENTE ILUSTRATIVAS<\/p>\n","protected":false},"excerpt":{"rendered":"<p>IMAGENS MERAMENTE ILUSTRATIVAS<\/p>\n","protected":false},"featured_media":3558,"template":"","meta":[],"product_brand":[],"product_cat":[307],"product_tag":[],"class_list":{"0":"post-2813","1":"product","2":"type-product","3":"status-publish","4":"has-post-thumbnail","6":"product_cat-viseiras","8":"first","9":"instock","10":"shipping-taxable","11":"purchasable","12":"product-type-simple"},"_links":{"self":[{"href":"https:\/\/personalbiker.com.br\/lojapb\/wp-json\/wp\/v2\/product\/2813","targetHints":{"allow":["GET"]}}],"collection":[{"href":"https:\/\/personalbiker.com.br\/lojapb\/wp-json\/wp\/v2\/product"}],"about":[{"href":"https:\/\/personalbiker.com.br\/lojapb\/wp-json\/wp\/v2\/types\/product"}],"wp:featuredmedia":[{"embeddable":true,"href":"https:\/\/personalbiker.com.br\/lojapb\/wp-json\/wp\/v2\/media\/3558"}],"wp:attachment":[{"href":"https:\/\/personalbiker.com.br\/lojapb\/wp-json\/wp\/v2\/media?parent=2813"}],"wp:term":[{"taxonomy":"product_brand","embeddable":true,"href":"https:\/\/personalbiker.com.br\/lojapb\/wp-json\/wp\/v2\/product_brand?post=2813"},{"taxonomy":"product_cat","embeddable":true,"href":"https:\/\/personalbiker.com.br\/lojapb\/wp-json\/wp\/v2\/product_cat?post=2813"},{"taxonomy":"product_tag","embeddable":true,"href":"https:\/\/personalbiker.com.br\/lojapb\/wp-json\/wp\/v2\/product_tag?post=2813"}],"curies":[{"name":"wp","href":"https:\/\/api.w.org\/{rel}","templated":true}]}}