{"id":2800,"date":"2019-03-13T16:52:19","date_gmt":"2019-03-13T19:52:19","guid":{"rendered":"http:\/\/personalbiker.com.br\/lojapb\/?post_type=product&#038;p=2800"},"modified":"2022-08-12T14:10:40","modified_gmt":"2022-08-12T17:10:40","slug":"viseira-ebf-7-novo-2012-cristal-1731-tc","status":"publish","type":"product","link":"https:\/\/personalbiker.com.br\/lojapb\/produto\/viseira-ebf-7-novo-2012-cristal-1731-tc\/","title":{"rendered":"Viseira  EBF 7 NOVO 2012 CRISTAL 1731 TC"},"content":{"rendered":"<p>MODELO : EBF 7 MODELO 2012 EM DIANTE \/ NEW ORION .<\/p>\n<p>COR : CRISTAL.<\/p>\n<p>ESPESSURA : 2.2.<\/p>\n<p>CODIGO : 1731C.<\/p>\n<p>DETALHES SOBRE A VISEIRA.<\/p>\n<p>1. MAIOR CAMPO DE VIS\u00c3O.<\/p>\n<p>2. CONFECCIONADA EM POLICARBONATO INJETADO QUE GARANTE UMA ALTA RESIST\u00caNCIA A IMPACTOS.<\/p>\n<p>3. MAIOR TRANSPAR\u00caNCIA.<\/p>\n<p>CUIDADOS COM A VISEIRA AO LIMPAR.<\/p>\n<p>1. LIMPA-LA SOMENTE COM SAB\u00c3O NEUTRO E \u00c1GUA CORRENTE.<\/p>\n<p>2. N\u00c3O UTILIZAR SOLVENTES QU\u00cdMICOS : EXEMPLO GASOLINA,OU PRODUTOS ABRASIVOS.<\/p>\n<p>3. N\u00c3O APLICAR VERNIZES OU ADESIVOS.<\/p>\n<p>4. SOLVENTES QU\u00cdMICOS GASOLINA,PRODUTOS ABRASIVOS,VERNIZES,ADESIVOS S\u00c3O AGRESSIVOS E CAUSAM A REDU\u00c7\u00c3O DA RESIST\u00caNCIA ESTRUTURAL DA VISEIRA.<\/p>\n<p>IMAGENS MERAMENTE ILUSTRATIVAS<\/p>\n","protected":false},"excerpt":{"rendered":"<p>MODELO : EBF 7 MODELO 2012 EM DIANTE \/ NEW ORION . COR : CRISTAL. ESPESSURA : 2.2. CODIGO : 1731C. DETALHES SOBRE A VISEIRA. 1. MAIOR CAMPO DE VIS\u00c3O. 2. CONFECCIONADA EM POLICARBONATO INJETADO QUE GARANTE UMA ALTA RESIST\u00caNCIA A IMPACTOS. 3. MAIOR TRANSPAR\u00caNCIA. CUIDADOS COM A VISEIRA AO LIMPAR. 1. LIMPA-LA SOMENTE COM [&#8230;]\n","protected":false},"featured_media":2802,"template":"","meta":[],"product_brand":[],"product_cat":[307],"product_tag":[],"class_list":{"0":"post-2800","1":"product","2":"type-product","3":"status-publish","4":"has-post-thumbnail","6":"product_cat-viseiras","8":"first","9":"instock","10":"shipping-taxable","11":"purchasable","12":"product-type-simple"},"_links":{"self":[{"href":"https:\/\/personalbiker.com.br\/lojapb\/wp-json\/wp\/v2\/product\/2800","targetHints":{"allow":["GET"]}}],"collection":[{"href":"https:\/\/personalbiker.com.br\/lojapb\/wp-json\/wp\/v2\/product"}],"about":[{"href":"https:\/\/personalbiker.com.br\/lojapb\/wp-json\/wp\/v2\/types\/product"}],"wp:featuredmedia":[{"embeddable":true,"href":"https:\/\/personalbiker.com.br\/lojapb\/wp-json\/wp\/v2\/media\/2802"}],"wp:attachment":[{"href":"https:\/\/personalbiker.com.br\/lojapb\/wp-json\/wp\/v2\/media?parent=2800"}],"wp:term":[{"taxonomy":"product_brand","embeddable":true,"href":"https:\/\/personalbiker.com.br\/lojapb\/wp-json\/wp\/v2\/product_brand?post=2800"},{"taxonomy":"product_cat","embeddable":true,"href":"https:\/\/personalbiker.com.br\/lojapb\/wp-json\/wp\/v2\/product_cat?post=2800"},{"taxonomy":"product_tag","embeddable":true,"href":"https:\/\/personalbiker.com.br\/lojapb\/wp-json\/wp\/v2\/product_tag?post=2800"}],"curies":[{"name":"wp","href":"https:\/\/api.w.org\/{rel}","templated":true}]}}