{"id":2792,"date":"2019-03-13T16:26:52","date_gmt":"2019-03-13T19:26:52","guid":{"rendered":"http:\/\/personalbiker.com.br\/lojapb\/?post_type=product&#038;p=2792"},"modified":"2019-11-26T12:43:07","modified_gmt":"2019-11-26T15:43:07","slug":"viseira-cms-gp4-gp5-gp5-fume-1659f","status":"publish","type":"product","link":"https:\/\/personalbiker.com.br\/lojapb\/produto\/viseira-cms-gp4-gp5-gp5-fume-1659f\/","title":{"rendered":"Viseira CMS- GP4\/GP5 \/GP5 FUME 1659F"},"content":{"rendered":"<p>Viseira<br \/>\nespessura 2.2<\/p>\n<section class=\"product-view\">\n<section class=\"product-box\">\n<div class=\"apresentacao\">\n<div id=\"setaThumbs\"><\/div>\n<div id=\"show\">\n<div id=\"include\">\n<div id=\"image\"><\/div>\n<\/div>\n<\/div>\n<\/div>\n<\/section>\n<\/section>\n<div id=\"description\">\n<div class=\"productDescription\">CARACTER\u00cdSTICAS- Viseira em Policarbonato 2.0mm Injetada<br \/>\n&#8211; Encaixe perfeito no capacete<br \/>\n&#8211; N\u00e3o possui tratamento anti-risco<br \/>\nViseiras com ou sem tratamento anti-risco deve-se:<br \/>\n&#8211; Limpa-la somente com sab\u00e3o neutro e \u00e1gua corrente. N\u00e3o utilizar solventes qu\u00edmicos, gasolina e produtos abrasivos.<br \/>\n&#8211; N\u00e3o aplicar vernizes ou adesivos.<br \/>\n&#8211; Os materiais acima mencionados s\u00e3o agressivos, causando a redu\u00e7\u00e3o da resist\u00eancia estrutural do policarbonato.<br \/>\nGarantia 3 meses defeito fabrica\u00e7\u00e3o<br \/>\nFotos meramente\u00a0 Ilustrativas<\/div>\n<\/div>\n","protected":false},"excerpt":{"rendered":"<p>Viseira espessura 2.2 CARACTER\u00cdSTICAS- Viseira em Policarbonato 2.0mm Injetada &#8211; Encaixe perfeito no capacete &#8211; N\u00e3o possui tratamento anti-risco Viseiras com ou sem tratamento anti-risco deve-se: &#8211; Limpa-la somente com sab\u00e3o neutro e \u00e1gua corrente. N\u00e3o utilizar solventes qu\u00edmicos, gasolina e produtos abrasivos. &#8211; N\u00e3o aplicar vernizes ou adesivos. &#8211; Os materiais acima mencionados s\u00e3o [&#8230;]\n","protected":false},"featured_media":3579,"template":"","meta":[],"product_brand":[],"product_cat":[307],"product_tag":[],"class_list":{"0":"post-2792","1":"product","2":"type-product","3":"status-publish","4":"has-post-thumbnail","6":"product_cat-viseiras","8":"first","9":"instock","10":"shipping-taxable","11":"purchasable","12":"product-type-simple"},"_links":{"self":[{"href":"https:\/\/personalbiker.com.br\/lojapb\/wp-json\/wp\/v2\/product\/2792","targetHints":{"allow":["GET"]}}],"collection":[{"href":"https:\/\/personalbiker.com.br\/lojapb\/wp-json\/wp\/v2\/product"}],"about":[{"href":"https:\/\/personalbiker.com.br\/lojapb\/wp-json\/wp\/v2\/types\/product"}],"wp:featuredmedia":[{"embeddable":true,"href":"https:\/\/personalbiker.com.br\/lojapb\/wp-json\/wp\/v2\/media\/3579"}],"wp:attachment":[{"href":"https:\/\/personalbiker.com.br\/lojapb\/wp-json\/wp\/v2\/media?parent=2792"}],"wp:term":[{"taxonomy":"product_brand","embeddable":true,"href":"https:\/\/personalbiker.com.br\/lojapb\/wp-json\/wp\/v2\/product_brand?post=2792"},{"taxonomy":"product_cat","embeddable":true,"href":"https:\/\/personalbiker.com.br\/lojapb\/wp-json\/wp\/v2\/product_cat?post=2792"},{"taxonomy":"product_tag","embeddable":true,"href":"https:\/\/personalbiker.com.br\/lojapb\/wp-json\/wp\/v2\/product_tag?post=2792"}],"curies":[{"name":"wp","href":"https:\/\/api.w.org\/{rel}","templated":true}]}}