{"id":279,"date":"2015-05-06T16:10:07","date_gmt":"2015-05-06T16:10:07","guid":{"rendered":"http:\/\/personalbiker.com.br\/lojapb\/?product=oleo-motul-800-2t-factory-line-off-road"},"modified":"2025-05-16T13:07:20","modified_gmt":"2025-05-16T16:07:20","slug":"oleo-motul-800-2t-factory-line-off-road","status":"publish","type":"product","link":"https:\/\/personalbiker.com.br\/lojapb\/produto\/oleo-motul-800-2t-factory-line-off-road\/","title":{"rendered":"OLEO MOTUL 800 2T FACTORY LINE OFF ROAD"},"content":{"rendered":"","protected":false},"excerpt":{"rendered":"<p>Informa\u00e7\u00f5es do produto<br \/>\n\u2022 Descri\u00e7\u00e3oO \u00f3leo MOTUL 800 2T Factory Line Off Road \u00e9 o lubrificante utilizado pelas equipes de competi\u00e7\u00e3o.<\/p>\n<p>Com f\u00f3rmula desenvolvida para as equipes de competi\u00e7\u00e3o dos Grand Prix de Moto Cross. Utiliz\u00e1vel tanto com combust\u00edveis convencionais como com os de competi\u00e7\u00e3o de octanagem at\u00e9 124 NO.<\/p>\n<p>F\u00f3rmula incrementada: propriedades de desemulsifica\u00e7\u00e3o refor\u00e7adas: reduz o colapso das borboletas do carburador pelo efeito da \u00e1gua de chuva. Mesmo assim consegui manter uma excelente lubrificar\u00e3o em condi\u00e7\u00f5es de chuva. Lubrifica todos os elementos do motor e v\u00e1lvulas. Elimina o envernizamento dos segmentos e das v\u00e1lvulas de escape.<\/p>\n<p>Colora\u00e7\u00e3o vermelha, permite visualizar a mistura no combust\u00edvel.<br \/>\nPara motores 2T de competi\u00e7\u00e3o que devem suportar, de forma continua regimes vari\u00e1veis, assim como cargas severas.<br \/>\nNormas: API TC<br \/>\nLubrificante 100% sint\u00e9tico desenvolvido para as equipes de competi\u00e7\u00e3o dos Grand Prix de Moto Cross. Utiliz\u00e1vel tanto com combust\u00edveis convencionais como com os de competi\u00e7\u00e3o de octanagem at\u00e9 124 NO. Para motores 2T de competi\u00e7\u00e3o que devem suportar, de forma continua regimes vari\u00e1veis, assim como cargas<\/p>\n<p>Conselhos de utiliza\u00e7\u00e3o<\/p>\n<p>MISTURA MANUAL. PREMIX.<br \/>\nAjustar a dosagem segundo instru\u00e7\u00f5es do fabricante. Dosagem de refer\u00eancia: Gran Prix Moto Cross 2% (50:1).<br \/>\nPara condic\u00e7\u00f5es menos dif\u00edceis, diminuir as doses em 0,5%. Corrigir sobre o terreno.<\/p>\n<p>Lubricante 100% sint\u00e9tico &#8211; ester.<br \/>\nCaracter\u00edsticas t\u00e9cnicas:<br \/>\nCorVisualVermelho<br \/>\nDensidade a 20\u00b0C (68\u00b0F)ASTM D12980,911<br \/>\nViscosidade a 40\u00b0C (104\u00b0F)ASTM D445120,2 mm\u00b2\/s<br \/>\nViscosidade a 100\u00b0C (212\u00b0F)ASTM D44515,5 mm\u00b2\/s<br \/>\n\u00cdndice de ViscosidadeASTM D2270135<br \/>\nPonto de FulgorASTM D92252\u00b0C \/ 485\u00b0F<\/p>\n<p>imagens meramente ilustrativas<\/p>\n","protected":false},"featured_media":5132,"template":"","meta":[],"product_brand":[],"product_cat":[24],"product_tag":[],"class_list":{"0":"post-279","1":"product","2":"type-product","3":"status-publish","4":"has-post-thumbnail","6":"product_cat-oleos-lubrificantes","8":"first","9":"outofstock","10":"purchasable","11":"product-type-simple"},"_links":{"self":[{"href":"https:\/\/personalbiker.com.br\/lojapb\/wp-json\/wp\/v2\/product\/279","targetHints":{"allow":["GET"]}}],"collection":[{"href":"https:\/\/personalbiker.com.br\/lojapb\/wp-json\/wp\/v2\/product"}],"about":[{"href":"https:\/\/personalbiker.com.br\/lojapb\/wp-json\/wp\/v2\/types\/product"}],"wp:featuredmedia":[{"embeddable":true,"href":"https:\/\/personalbiker.com.br\/lojapb\/wp-json\/wp\/v2\/media\/5132"}],"wp:attachment":[{"href":"https:\/\/personalbiker.com.br\/lojapb\/wp-json\/wp\/v2\/media?parent=279"}],"wp:term":[{"taxonomy":"product_brand","embeddable":true,"href":"https:\/\/personalbiker.com.br\/lojapb\/wp-json\/wp\/v2\/product_brand?post=279"},{"taxonomy":"product_cat","embeddable":true,"href":"https:\/\/personalbiker.com.br\/lojapb\/wp-json\/wp\/v2\/product_cat?post=279"},{"taxonomy":"product_tag","embeddable":true,"href":"https:\/\/personalbiker.com.br\/lojapb\/wp-json\/wp\/v2\/product_tag?post=279"}],"curies":[{"name":"wp","href":"https:\/\/api.w.org\/{rel}","templated":true}]}}