{"id":2769,"date":"2019-03-13T14:40:26","date_gmt":"2019-03-13T17:40:26","guid":{"rendered":"http:\/\/personalbiker.com.br\/lojapb\/?post_type=product&#038;p=2769"},"modified":"2022-08-17T16:16:33","modified_gmt":"2022-08-17T19:16:33","slug":"capacete-liberty-twoo","status":"publish","type":"product","link":"https:\/\/personalbiker.com.br\/lojapb\/produto\/capacete-liberty-twoo\/","title":{"rendered":"Capacete Liberty twoo Pro Tork"},"content":{"rendered":"","protected":false},"excerpt":{"rendered":"<table class=\"description__box\">\n<tbody>\n<tr>\n<td class=\"description__information-box-right\">\u00a0Casco confeccionado em ABS natural de alto impacto. \u2022 Revestimento de prote\u00e7\u00e3o confeccionado em EPS (tamb\u00e9m chamado ber\u00e7o) de alto impacto. \u2022 Revestimento de conforto (forro) confeccionado em nylon pluma duplado anti-al\u00e9rgico, espuma com espessura de 5 mm e densidade 28. \u2022 Cinta jugular confeccionado em nylon e feixe de engate r\u00e1pido. \u2022 Pala fixada com parafuso Philips em a\u00e7o. \u2022 Gr\u00e1fico adesivo em vinil pl\u00e1stico, muito resistente as a\u00e7\u00f5es do clima, com logo marca Tork e Liberty Two. \u2022 \u00c9 necess\u00e1rio o uso de \u00f3culos de prote\u00e7\u00e3o (n\u00e3o incluso). :Capacete certificado conforme as Portarias n.\u00ba456 e 333 do INMETRO e NBR 7471. Garantia de 3 meses. A Connect Parts n\u00e3o se responsabiliza pelo uso inadequado do produto.<\/p>\n<p>imagens meramente ilustrativas<\/td>\n<\/tr>\n<\/tbody>\n<\/table>\n","protected":false},"featured_media":10049,"template":"","meta":[],"product_brand":[],"product_cat":[52],"product_tag":[],"class_list":{"0":"post-2769","1":"product","2":"type-product","3":"status-publish","4":"has-post-thumbnail","6":"product_cat-pro-tork","7":"pa_cor-preto","8":"pa_tamanho-73","10":"first","11":"instock","12":"shipping-taxable","13":"purchasable","14":"product-type-simple"},"_links":{"self":[{"href":"https:\/\/personalbiker.com.br\/lojapb\/wp-json\/wp\/v2\/product\/2769","targetHints":{"allow":["GET"]}}],"collection":[{"href":"https:\/\/personalbiker.com.br\/lojapb\/wp-json\/wp\/v2\/product"}],"about":[{"href":"https:\/\/personalbiker.com.br\/lojapb\/wp-json\/wp\/v2\/types\/product"}],"wp:featuredmedia":[{"embeddable":true,"href":"https:\/\/personalbiker.com.br\/lojapb\/wp-json\/wp\/v2\/media\/10049"}],"wp:attachment":[{"href":"https:\/\/personalbiker.com.br\/lojapb\/wp-json\/wp\/v2\/media?parent=2769"}],"wp:term":[{"taxonomy":"product_brand","embeddable":true,"href":"https:\/\/personalbiker.com.br\/lojapb\/wp-json\/wp\/v2\/product_brand?post=2769"},{"taxonomy":"product_cat","embeddable":true,"href":"https:\/\/personalbiker.com.br\/lojapb\/wp-json\/wp\/v2\/product_cat?post=2769"},{"taxonomy":"product_tag","embeddable":true,"href":"https:\/\/personalbiker.com.br\/lojapb\/wp-json\/wp\/v2\/product_tag?post=2769"}],"curies":[{"name":"wp","href":"https:\/\/api.w.org\/{rel}","templated":true}]}}