{"id":2717,"date":"2019-03-11T14:20:30","date_gmt":"2019-03-11T17:20:30","guid":{"rendered":"http:\/\/personalbiker.com.br\/lojapb\/?post_type=product&#038;p=2717"},"modified":"2019-11-27T08:56:41","modified_gmt":"2019-11-27T11:56:41","slug":"viseira-agv-k3-k4-street-8-camaleao-1704ca","status":"publish","type":"product","link":"https:\/\/personalbiker.com.br\/lojapb\/produto\/viseira-agv-k3-k4-street-8-camaleao-1704ca\/","title":{"rendered":"Viseira Agv K3 K4 Street 8 Camale\u00e3o  1704ca"},"content":{"rendered":"","protected":false},"excerpt":{"rendered":"<p>Caracter\u00edsticas: Viseira Injetada<br \/>\nFeita em policarbonato;<br \/>\nAplica\u00e7\u00e3o: AGV K3\/K4<br \/>\nProte\u00e7\u00e3o contra Raios Uv;<br \/>\nProte\u00e7\u00e3o Anti-Risco;<br \/>\nMaior prote\u00e7\u00e3o, durabilidade, veda\u00e7\u00e3o, transpar\u00eancia, e funcionalidade no capacete;<\/p>\n<p>imagens meramente ilustrativas<\/p>\n","protected":false},"featured_media":2724,"template":"","meta":[],"product_brand":[],"product_cat":[307],"product_tag":[],"class_list":{"0":"post-2717","1":"product","2":"type-product","3":"status-publish","4":"has-post-thumbnail","6":"product_cat-viseiras","8":"first","9":"instock","10":"shipping-taxable","11":"purchasable","12":"product-type-simple"},"_links":{"self":[{"href":"https:\/\/personalbiker.com.br\/lojapb\/wp-json\/wp\/v2\/product\/2717","targetHints":{"allow":["GET"]}}],"collection":[{"href":"https:\/\/personalbiker.com.br\/lojapb\/wp-json\/wp\/v2\/product"}],"about":[{"href":"https:\/\/personalbiker.com.br\/lojapb\/wp-json\/wp\/v2\/types\/product"}],"wp:featuredmedia":[{"embeddable":true,"href":"https:\/\/personalbiker.com.br\/lojapb\/wp-json\/wp\/v2\/media\/2724"}],"wp:attachment":[{"href":"https:\/\/personalbiker.com.br\/lojapb\/wp-json\/wp\/v2\/media?parent=2717"}],"wp:term":[{"taxonomy":"product_brand","embeddable":true,"href":"https:\/\/personalbiker.com.br\/lojapb\/wp-json\/wp\/v2\/product_brand?post=2717"},{"taxonomy":"product_cat","embeddable":true,"href":"https:\/\/personalbiker.com.br\/lojapb\/wp-json\/wp\/v2\/product_cat?post=2717"},{"taxonomy":"product_tag","embeddable":true,"href":"https:\/\/personalbiker.com.br\/lojapb\/wp-json\/wp\/v2\/product_tag?post=2717"}],"curies":[{"name":"wp","href":"https:\/\/api.w.org\/{rel}","templated":true}]}}