{"id":2696,"date":"2019-03-11T12:43:54","date_gmt":"2019-03-11T15:43:54","guid":{"rendered":"http:\/\/personalbiker.com.br\/lojapb\/?post_type=product&#038;p=2696"},"modified":"2024-05-07T11:40:07","modified_gmt":"2024-05-07T14:40:07","slug":"2696","status":"publish","type":"product","link":"https:\/\/personalbiker.com.br\/lojapb\/produto\/2696\/","title":{"rendered":"Capacete Mt Blade Feminino New Butterfly"},"content":{"rendered":"","protected":false},"excerpt":{"rendered":"<p>CAPACETE MT BLADE BUTTERFLY NEW WHITE PINK<br \/>\nO Capacete MT Blade Butterfly New White Pink \u00e9 um produto diferenciado, com toque feminino, bem delicado e sofisticado.<br \/>\nCasco aerodin\u00e2mico em ABS-P, possui policarbonato em sua composi\u00e7\u00e3o que proporciona maior absor\u00e7\u00e3o de impacto, al\u00e9m de deixar o casco mais leve.<br \/>\nO Capacete MT Blade Butterfly New White Pink possui 02 tamanhos de casco, sendo um para os tamanhos 54 ao 58 e outro maior para os tamanhos 60 ao 64. Possibilitando um peso ainda menor, maior conforto e melhor est\u00e9tica;<br \/>\nPossui 3 Entradas de ar frontais e 2 sa\u00eddas de ar traseiras, que criam uma \u00f3tima ventila\u00e7\u00e3o interna;<br \/>\nForro extremamente confort\u00e1vel, composto por m\u00faltiplas densidades de tecidos, al\u00e9m de ser remov\u00edvel e lav\u00e1vel;<br \/>\nViseira em policarbonato de 2,2 mm, com prote\u00e7\u00e3o anti-risco e UV que protege contra os raios ultravioleta;<br \/>\nSistema de troca r\u00e1pida da viseira, para facilitar o uso das viseiras recomendadas em situa\u00e7\u00f5es diurnas e noturnas;<br \/>\nCinta jugular com engate microm\u00e9trico para maior praticidade, conforto e seguran\u00e7a;<br \/>\nNarigueira remov\u00edvel, item que auxilia na redu\u00e7\u00e3o do emba\u00e7amento na viseira, evitando que o ar quente da respira\u00e7\u00e3o se choque diretamente na viseira;<br \/>\nBavete remov\u00edvel, item indispens\u00e1vel na redu\u00e7\u00e3o do vento interno, proporciona maior conforto.<\/p>\n<p>IMAGENS MERAMENTE ILUSTRATIVAS<\/p>\n","protected":false},"featured_media":10002,"template":"","meta":[],"product_brand":[],"product_cat":[53],"product_tag":[],"class_list":{"0":"post-2696","1":"product","2":"type-product","3":"status-publish","4":"has-post-thumbnail","6":"product_cat-mt","7":"pa_cor-branco-rosa","8":"pa_tamanho-58m","10":"first","11":"instock","12":"shipping-taxable","13":"purchasable","14":"product-type-variable"},"_links":{"self":[{"href":"https:\/\/personalbiker.com.br\/lojapb\/wp-json\/wp\/v2\/product\/2696","targetHints":{"allow":["GET"]}}],"collection":[{"href":"https:\/\/personalbiker.com.br\/lojapb\/wp-json\/wp\/v2\/product"}],"about":[{"href":"https:\/\/personalbiker.com.br\/lojapb\/wp-json\/wp\/v2\/types\/product"}],"wp:featuredmedia":[{"embeddable":true,"href":"https:\/\/personalbiker.com.br\/lojapb\/wp-json\/wp\/v2\/media\/10002"}],"wp:attachment":[{"href":"https:\/\/personalbiker.com.br\/lojapb\/wp-json\/wp\/v2\/media?parent=2696"}],"wp:term":[{"taxonomy":"product_brand","embeddable":true,"href":"https:\/\/personalbiker.com.br\/lojapb\/wp-json\/wp\/v2\/product_brand?post=2696"},{"taxonomy":"product_cat","embeddable":true,"href":"https:\/\/personalbiker.com.br\/lojapb\/wp-json\/wp\/v2\/product_cat?post=2696"},{"taxonomy":"product_tag","embeddable":true,"href":"https:\/\/personalbiker.com.br\/lojapb\/wp-json\/wp\/v2\/product_tag?post=2696"}],"curies":[{"name":"wp","href":"https:\/\/api.w.org\/{rel}","templated":true}]}}