{"id":2689,"date":"2019-03-11T12:09:16","date_gmt":"2019-03-11T15:09:16","guid":{"rendered":"http:\/\/personalbiker.com.br\/lojapb\/?post_type=product&#038;p=2689"},"modified":"2020-12-10T15:13:32","modified_gmt":"2020-12-10T18:13:32","slug":"capacete-mt-blade-monster","status":"publish","type":"product","link":"https:\/\/personalbiker.com.br\/lojapb\/produto\/capacete-mt-blade-monster\/","title":{"rendered":"CAPACETE MT BLADE  MONSTER"},"content":{"rendered":"","protected":false},"excerpt":{"rendered":"<p><b class=\"keyword\">Caracter\u00edsticas:<\/b><\/p>\n<p>&#8211; Casco em ABS-P, mais leve e mais resistente;<br \/>\n&#8211; Dois tamanhos de casco;<br \/>\n&#8211; Forra\u00e7\u00e3o em tecidos m\u00faltiplos para um conforto extra, totalmente remov\u00edvel e lav\u00e1vel;<br \/>\n&#8211; Viseira de 2,2 mil\u00edmetros com f\u00e1cil sistema de troca r\u00e1pida;<br \/>\n&#8211; Cinta jugular com sistema de engate microm\u00e9trico;<br \/>\n&#8211; Sistema de ar din\u00e2mico que proporciona maior ventila\u00e7\u00e3o;<br \/>\n&#8211; Bavete;<br \/>\n&#8211; Narigueira;<\/p>\n<p><b class=\"keyword\">Informa\u00e7\u00f5es Adicionais:<\/b><\/p>\n<p>IMAGENS MERAMENTE ILUSTRATIVAS<\/p>\n","protected":false},"featured_media":9396,"template":"","meta":[],"product_brand":[],"product_cat":[53],"product_tag":[],"class_list":{"0":"post-2689","1":"product","2":"type-product","3":"status-publish","4":"has-post-thumbnail","6":"product_cat-mt","7":"pa_cor-preto-vermelha","8":"pa_tamanho-56s","10":"first","11":"outofstock","12":"shipping-taxable","13":"purchasable","14":"product-type-variable"},"_links":{"self":[{"href":"https:\/\/personalbiker.com.br\/lojapb\/wp-json\/wp\/v2\/product\/2689","targetHints":{"allow":["GET"]}}],"collection":[{"href":"https:\/\/personalbiker.com.br\/lojapb\/wp-json\/wp\/v2\/product"}],"about":[{"href":"https:\/\/personalbiker.com.br\/lojapb\/wp-json\/wp\/v2\/types\/product"}],"wp:featuredmedia":[{"embeddable":true,"href":"https:\/\/personalbiker.com.br\/lojapb\/wp-json\/wp\/v2\/media\/9396"}],"wp:attachment":[{"href":"https:\/\/personalbiker.com.br\/lojapb\/wp-json\/wp\/v2\/media?parent=2689"}],"wp:term":[{"taxonomy":"product_brand","embeddable":true,"href":"https:\/\/personalbiker.com.br\/lojapb\/wp-json\/wp\/v2\/product_brand?post=2689"},{"taxonomy":"product_cat","embeddable":true,"href":"https:\/\/personalbiker.com.br\/lojapb\/wp-json\/wp\/v2\/product_cat?post=2689"},{"taxonomy":"product_tag","embeddable":true,"href":"https:\/\/personalbiker.com.br\/lojapb\/wp-json\/wp\/v2\/product_tag?post=2689"}],"curies":[{"name":"wp","href":"https:\/\/api.w.org\/{rel}","templated":true}]}}