{"id":2676,"date":"2019-03-11T11:23:23","date_gmt":"2019-03-11T14:23:23","guid":{"rendered":"http:\/\/personalbiker.com.br\/lojapb\/?post_type=product&#038;p=2676"},"modified":"2021-11-03T09:41:37","modified_gmt":"2021-11-03T12:41:37","slug":"capacete-mt-blade-manx-tt","status":"publish","type":"product","link":"https:\/\/personalbiker.com.br\/lojapb\/produto\/capacete-mt-blade-manx-tt\/","title":{"rendered":"CAPACETE MT BLADE MANX TT"},"content":{"rendered":"","protected":false},"excerpt":{"rendered":"<p><b class=\"keyword\">Caracter\u00edsticas:<\/b><\/p>\n<p>&#8211; Casco em ABS-P, mais leve e mais resistente;<br \/>\n&#8211; Dois tamanhos de casco;<br \/>\n&#8211; Forra\u00e7\u00e3o em tecidos m\u00faltiplos para um conforto extra, totalmente remov\u00edvel e lav\u00e1vel;<br \/>\n&#8211; Viseira de 2,2 mil\u00edmetros com f\u00e1cil sistema de troca r\u00e1pida;<br \/>\n&#8211; Cinta jugular com sistema de engate microm\u00e9trico;<br \/>\n&#8211; Sistema de ar din\u00e2mico que proporciona maior ventila\u00e7\u00e3o;<br \/>\n&#8211; Bavete;<br \/>\n&#8211; Narigueira;<\/p>\n<p>IMAGENS MERAMENTE ILUSTRATIVAS<\/p>\n","protected":false},"featured_media":9398,"template":"","meta":[],"product_brand":[],"product_cat":[53],"product_tag":[],"class_list":{"0":"post-2676","1":"product","2":"type-product","3":"status-publish","4":"has-post-thumbnail","6":"product_cat-mt","7":"pa_cor-verde","8":"pa_tamanho-60-l","10":"first","11":"outofstock","12":"shipping-taxable","13":"purchasable","14":"product-type-variable"},"_links":{"self":[{"href":"https:\/\/personalbiker.com.br\/lojapb\/wp-json\/wp\/v2\/product\/2676","targetHints":{"allow":["GET"]}}],"collection":[{"href":"https:\/\/personalbiker.com.br\/lojapb\/wp-json\/wp\/v2\/product"}],"about":[{"href":"https:\/\/personalbiker.com.br\/lojapb\/wp-json\/wp\/v2\/types\/product"}],"wp:featuredmedia":[{"embeddable":true,"href":"https:\/\/personalbiker.com.br\/lojapb\/wp-json\/wp\/v2\/media\/9398"}],"wp:attachment":[{"href":"https:\/\/personalbiker.com.br\/lojapb\/wp-json\/wp\/v2\/media?parent=2676"}],"wp:term":[{"taxonomy":"product_brand","embeddable":true,"href":"https:\/\/personalbiker.com.br\/lojapb\/wp-json\/wp\/v2\/product_brand?post=2676"},{"taxonomy":"product_cat","embeddable":true,"href":"https:\/\/personalbiker.com.br\/lojapb\/wp-json\/wp\/v2\/product_cat?post=2676"},{"taxonomy":"product_tag","embeddable":true,"href":"https:\/\/personalbiker.com.br\/lojapb\/wp-json\/wp\/v2\/product_tag?post=2676"}],"curies":[{"name":"wp","href":"https:\/\/api.w.org\/{rel}","templated":true}]}}