{"id":2655,"date":"2019-03-11T09:52:15","date_gmt":"2019-03-11T12:52:15","guid":{"rendered":"http:\/\/personalbiker.com.br\/lojapb\/?post_type=product&#038;p=2655"},"modified":"2022-08-17T16:17:47","modified_gmt":"2022-08-17T19:17:47","slug":"capacete-xtroy-x10-ebf","status":"publish","type":"product","link":"https:\/\/personalbiker.com.br\/lojapb\/produto\/capacete-xtroy-x10-ebf\/","title":{"rendered":"Capacete Xtroy X10 Ebf"},"content":{"rendered":"","protected":false},"excerpt":{"rendered":"<h2 class=\"main-section__title item-description__title\">Descri\u00e7\u00e3o<\/h2>\n<div id=\"description-includes\" class=\"item-description__content \">\n<div class=\"item-description__text\">\n<p>Capacete EBF Xtroy X10<\/p>\n<p>Tamanhos Dispon\u00edveis:<\/p>\n<p>\u2022 58<\/p>\n<p>Especifica\u00e7\u00e3o T\u00e9cnica:<\/p>\n<p>\u2022 Casco Confeccionado em ABS de Alto Impacto<br \/>\n\u2022 Revestimento em Tecido com Pluma<br \/>\n\u2022 Forra\u00e7\u00e3o Antial\u00e9rgica com Espuma<br \/>\n\u2022 Viseira em Policarbonato com 2mm de Espessura<br \/>\n\u2022 Possui Viseira Solar Fum\u00ea<br \/>\n\u2022 Cinta Jugular com Engate Microm\u00e9trico<br \/>\n\u2022 Entradas de Ar Frontal e Superior<br \/>\n\u2022 Bavete que Auxilia na Redu\u00e7\u00e3o do Vento Interno<br \/>\n\u2022 Design Moderno<br \/>\n\u2022 Alta Resist\u00eancia e Durabilidade<br \/>\n\u2022 Capacete Aprovado pelo INMETRO<\/p>\n<p>OBS: Capacete certificado conforme as portarias do INMETRO.<\/p>\n<p>IMAGENS MERAMENTE ILUSTRATIVAS<\/p>\n<\/div>\n<\/div>\n","protected":false},"featured_media":9951,"template":"","meta":[],"product_brand":[],"product_cat":[25,186],"product_tag":[],"class_list":{"0":"post-2655","1":"product","2":"type-product","3":"status-publish","4":"has-post-thumbnail","6":"product_cat-capacetes","7":"product_cat-ebf","8":"pa_cor-preto-fosco-vermelho","9":"pa_tamanho-74","11":"first","12":"instock","13":"shipping-taxable","14":"purchasable","15":"product-type-variable"},"_links":{"self":[{"href":"https:\/\/personalbiker.com.br\/lojapb\/wp-json\/wp\/v2\/product\/2655","targetHints":{"allow":["GET"]}}],"collection":[{"href":"https:\/\/personalbiker.com.br\/lojapb\/wp-json\/wp\/v2\/product"}],"about":[{"href":"https:\/\/personalbiker.com.br\/lojapb\/wp-json\/wp\/v2\/types\/product"}],"wp:featuredmedia":[{"embeddable":true,"href":"https:\/\/personalbiker.com.br\/lojapb\/wp-json\/wp\/v2\/media\/9951"}],"wp:attachment":[{"href":"https:\/\/personalbiker.com.br\/lojapb\/wp-json\/wp\/v2\/media?parent=2655"}],"wp:term":[{"taxonomy":"product_brand","embeddable":true,"href":"https:\/\/personalbiker.com.br\/lojapb\/wp-json\/wp\/v2\/product_brand?post=2655"},{"taxonomy":"product_cat","embeddable":true,"href":"https:\/\/personalbiker.com.br\/lojapb\/wp-json\/wp\/v2\/product_cat?post=2655"},{"taxonomy":"product_tag","embeddable":true,"href":"https:\/\/personalbiker.com.br\/lojapb\/wp-json\/wp\/v2\/product_tag?post=2655"}],"curies":[{"name":"wp","href":"https:\/\/api.w.org\/{rel}","templated":true}]}}