{"id":2641,"date":"2019-03-11T09:20:10","date_gmt":"2019-03-11T12:20:10","guid":{"rendered":"http:\/\/personalbiker.com.br\/lojapb\/?post_type=product&#038;p=2641"},"modified":"2022-08-17T16:18:26","modified_gmt":"2022-08-17T19:18:26","slug":"capacete-ebf-new-spark-ilusion","status":"publish","type":"product","link":"https:\/\/personalbiker.com.br\/lojapb\/produto\/capacete-ebf-new-spark-ilusion\/","title":{"rendered":"Capacete EBF NEW SPARK ILUSION"},"content":{"rendered":"","protected":false},"excerpt":{"rendered":"<p><strong>Especifica\u00e7\u00e3o T\u00e9cnica:\u00a0<\/strong><br \/>\n\u2022 Modelo Fechado<br \/>\n\u2022 Casco Confeccionado em ABS de Alto Impacto<br \/>\n\u2022 Revestimento em Tecido Bicolor com Pluma<br \/>\n\u2022 Forra\u00e7\u00e3o Antial\u00e9rgica com Espuma<br \/>\n\u2022 Viseira em Policarbonato com 2mm de Espessura<br \/>\n\u2022 Cinta Jugular com Engate R\u00e1pido<br \/>\n\u2022 Entradas de Ar Frontal e Superior e Sa\u00edda Traseira<br \/>\n\u2022 Design Moderno<br \/>\n\u2022 Alta Resist\u00eancia e Durabilidade<br \/>\n\u2022 Capacete Aprovado pelo INMETRO<\/p>\n<p>IMAGENS MERAMENTE ILUSTRATIVAS<\/p>\n","protected":false},"featured_media":9950,"template":"","meta":[],"product_brand":[],"product_cat":[25,186],"product_tag":[],"class_list":{"0":"post-2641","1":"product","2":"type-product","3":"status-publish","4":"has-post-thumbnail","6":"product_cat-capacetes","7":"product_cat-ebf","8":"pa_cor-preto-fosco-amarelo","9":"pa_cor-preto-fosco-laranja","10":"pa_tamanho-74","12":"first","13":"outofstock","14":"shipping-taxable","15":"purchasable","16":"product-type-variable"},"_links":{"self":[{"href":"https:\/\/personalbiker.com.br\/lojapb\/wp-json\/wp\/v2\/product\/2641","targetHints":{"allow":["GET"]}}],"collection":[{"href":"https:\/\/personalbiker.com.br\/lojapb\/wp-json\/wp\/v2\/product"}],"about":[{"href":"https:\/\/personalbiker.com.br\/lojapb\/wp-json\/wp\/v2\/types\/product"}],"wp:featuredmedia":[{"embeddable":true,"href":"https:\/\/personalbiker.com.br\/lojapb\/wp-json\/wp\/v2\/media\/9950"}],"wp:attachment":[{"href":"https:\/\/personalbiker.com.br\/lojapb\/wp-json\/wp\/v2\/media?parent=2641"}],"wp:term":[{"taxonomy":"product_brand","embeddable":true,"href":"https:\/\/personalbiker.com.br\/lojapb\/wp-json\/wp\/v2\/product_brand?post=2641"},{"taxonomy":"product_cat","embeddable":true,"href":"https:\/\/personalbiker.com.br\/lojapb\/wp-json\/wp\/v2\/product_cat?post=2641"},{"taxonomy":"product_tag","embeddable":true,"href":"https:\/\/personalbiker.com.br\/lojapb\/wp-json\/wp\/v2\/product_tag?post=2641"}],"curies":[{"name":"wp","href":"https:\/\/api.w.org\/{rel}","templated":true}]}}