{"id":2633,"date":"2019-03-09T12:01:33","date_gmt":"2019-03-09T15:01:33","guid":{"rendered":"http:\/\/personalbiker.com.br\/lojapb\/?post_type=product&#038;p=2633"},"modified":"2022-08-17T16:19:13","modified_gmt":"2022-08-17T19:19:13","slug":"capacete-peels-spike-ghost","status":"publish","type":"product","link":"https:\/\/personalbiker.com.br\/lojapb\/produto\/capacete-peels-spike-ghost\/","title":{"rendered":"Capacete PEELS SPIKE GHOST"},"content":{"rendered":"","protected":false},"excerpt":{"rendered":"<p>O modelos da PEELS s\u00e3o a uni\u00e3o perfeita na rela\u00e7\u00e3o custo\/benef\u00edcio.<\/p>\n<p>O capacetes contam com design do casco compacto e aerodin\u00e2mico, sistema de troca r\u00e1pida da viseira,<\/p>\n<p>casco injetado em ABS de alta absor\u00e7\u00e3o, decora\u00e7\u00e3o em decalque com verniz protetor e pintura mais resistente,<\/p>\n<p>forra\u00e7\u00e3o remov\u00edvel e lav\u00e1vel em tecido antial\u00e9rgico, forra\u00e7\u00e3o ergon\u00f4mica, viseira em policarbonato de 2mm, fecho micro m\u00e9trico e muito mais.<\/p>\n<p>Imagens Meramente Ilustrativas<\/p>\n","protected":false},"featured_media":9403,"template":"","meta":[],"product_brand":[],"product_cat":[25,58],"product_tag":[],"class_list":{"0":"post-2633","1":"product","2":"type-product","3":"status-publish","4":"has-post-thumbnail","6":"product_cat-capacetes","7":"product_cat-peels","8":"pa_cor-preto-vermelha","9":"pa_tamanho-74","10":"pa_tamanho-75","12":"first","13":"instock","14":"shipping-taxable","15":"purchasable","16":"product-type-variable"},"_links":{"self":[{"href":"https:\/\/personalbiker.com.br\/lojapb\/wp-json\/wp\/v2\/product\/2633","targetHints":{"allow":["GET"]}}],"collection":[{"href":"https:\/\/personalbiker.com.br\/lojapb\/wp-json\/wp\/v2\/product"}],"about":[{"href":"https:\/\/personalbiker.com.br\/lojapb\/wp-json\/wp\/v2\/types\/product"}],"wp:featuredmedia":[{"embeddable":true,"href":"https:\/\/personalbiker.com.br\/lojapb\/wp-json\/wp\/v2\/media\/9403"}],"wp:attachment":[{"href":"https:\/\/personalbiker.com.br\/lojapb\/wp-json\/wp\/v2\/media?parent=2633"}],"wp:term":[{"taxonomy":"product_brand","embeddable":true,"href":"https:\/\/personalbiker.com.br\/lojapb\/wp-json\/wp\/v2\/product_brand?post=2633"},{"taxonomy":"product_cat","embeddable":true,"href":"https:\/\/personalbiker.com.br\/lojapb\/wp-json\/wp\/v2\/product_cat?post=2633"},{"taxonomy":"product_tag","embeddable":true,"href":"https:\/\/personalbiker.com.br\/lojapb\/wp-json\/wp\/v2\/product_tag?post=2633"}],"curies":[{"name":"wp","href":"https:\/\/api.w.org\/{rel}","templated":true}]}}