{"id":2603,"date":"2019-03-09T11:21:50","date_gmt":"2019-03-09T14:21:50","guid":{"rendered":"http:\/\/personalbiker.com.br\/lojapb\/?post_type=product&#038;p=2603"},"modified":"2022-08-17T16:19:45","modified_gmt":"2022-08-17T19:19:45","slug":"capacete-peels-mirage-splash","status":"publish","type":"product","link":"https:\/\/personalbiker.com.br\/lojapb\/produto\/capacete-peels-mirage-splash\/","title":{"rendered":"Capacete PEELS MIRAGE SPLASH"},"content":{"rendered":"","protected":false},"excerpt":{"rendered":"<p>CARACTER\u00cdSTICAS:<\/p>\n<p>&#8211; Fecho de engate r\u00e1pido;<\/p>\n<p>&#8211; Casco injetado ABS;<\/p>\n<p>&#8211; Verniz protetor \/ pintura mais resistente;<\/p>\n<p>&#8211; Queixeira remov\u00edvel;<\/p>\n<p>&#8211; Ventila\u00e7\u00e3o superior;<\/p>\n<p>&#8211; Revestimento interno remov\u00edvel e lav\u00e1vel em tecido antial\u00e9rgico;<\/p>\n<p>&#8211; Viseira antirrisco;<\/p>\n<p>&#8211; Viseira em policarbonato de 2 mm com dupla curvatura;<\/p>\n<p>&#8211; Viseira de troca r\u00e1pida;<\/p>\n<p>&#8211; Anel antifurto;<\/p>\n<p>&#8211; Grafismo em decal;<\/p>\n<p>&#8211; Ventila\u00e7\u00e3o traseira.<\/p>\n<p>Observa\u00e7\u00f5es:<\/p>\n<p>A cor da viseira que acompanha o produto \u00e9 cristal;<\/p>\n<p>Acompanha viseira solar interna fum\u00ea.<\/p>\n<p>Capacete Peels Mirage Splash com Viseira Solar<\/p>\n<p>&nbsp;<\/p>\n<p>imagens meramente ilustrativas<\/p>\n","protected":false},"featured_media":6017,"template":"","meta":[],"product_brand":[],"product_cat":[25,58],"product_tag":[],"class_list":{"0":"post-2603","1":"product","2":"type-product","3":"status-publish","4":"has-post-thumbnail","6":"product_cat-capacetes","7":"product_cat-peels","8":"pa_cor-preto-azul","9":"pa_tamanho-74","11":"first","12":"instock","13":"shipping-taxable","14":"purchasable","15":"product-type-variable"},"_links":{"self":[{"href":"https:\/\/personalbiker.com.br\/lojapb\/wp-json\/wp\/v2\/product\/2603","targetHints":{"allow":["GET"]}}],"collection":[{"href":"https:\/\/personalbiker.com.br\/lojapb\/wp-json\/wp\/v2\/product"}],"about":[{"href":"https:\/\/personalbiker.com.br\/lojapb\/wp-json\/wp\/v2\/types\/product"}],"wp:featuredmedia":[{"embeddable":true,"href":"https:\/\/personalbiker.com.br\/lojapb\/wp-json\/wp\/v2\/media\/6017"}],"wp:attachment":[{"href":"https:\/\/personalbiker.com.br\/lojapb\/wp-json\/wp\/v2\/media?parent=2603"}],"wp:term":[{"taxonomy":"product_brand","embeddable":true,"href":"https:\/\/personalbiker.com.br\/lojapb\/wp-json\/wp\/v2\/product_brand?post=2603"},{"taxonomy":"product_cat","embeddable":true,"href":"https:\/\/personalbiker.com.br\/lojapb\/wp-json\/wp\/v2\/product_cat?post=2603"},{"taxonomy":"product_tag","embeddable":true,"href":"https:\/\/personalbiker.com.br\/lojapb\/wp-json\/wp\/v2\/product_tag?post=2603"}],"curies":[{"name":"wp","href":"https:\/\/api.w.org\/{rel}","templated":true}]}}